{"id":26500,"date":"2025-03-23T15:50:38","date_gmt":"2025-03-23T15:50:38","guid":{"rendered":"https:\/\/avesaguiar.ch\/produit\/cama-de-design-retangular-xadrez-tartan\/"},"modified":"2025-03-23T15:50:38","modified_gmt":"2025-03-23T15:50:38","slug":"cama-de-design-retangular-xadrez-tartan","status":"publish","type":"product","link":"https:\/\/avesaguiar.ch\/pt-pt\/produit\/cama-de-design-retangular-xadrez-tartan\/","title":{"rendered":"Cama de design retangular xadrez tartan"},"content":{"rendered":"<p>Cama confort\u00e1vel para c\u00e3es e gatos, forma retangular, tecido canap\u00e9s, estofo em poli\u00e9ster macio e pr\u00e1tico.<\/p>\n<p>O padr\u00e3o tartan vermelho a condizer com o tecido cinzento torna-a ideal para decorar a casa com estilo. A almofada interior tem uma capa amov\u00edvel e tamb\u00e9m pode ser lavada na m\u00e1quina de lavar a 30 graus. <\/p>\n<p>Tamanho &#8211; 61 x 46 x 20 cm<\/p>\n","protected":false},"excerpt":{"rendered":"<p>Cama confort\u00e1vel para c\u00e3es e gatos, forma retangular, tecido canap\u00e9s, estofo em poli\u00e9ster macio e pr\u00e1tico. O padr\u00e3o tartan vermelho a condizer com o tecido cinzento torna-a ideal para decorar a casa com estilo. A almofada interior tem uma capa amov\u00edvel e tamb\u00e9m pode ser lavada na m\u00e1quina de lavar a 30 graus. Tamanho &#8211; [&hellip;]<\/p>\n","protected":false},"featured_media":25526,"comment_status":"open","ping_status":"closed","template":"","meta":[],"product_brand":[187],"product_cat":[266,265,264],"product_tag":[],"class_list":{"0":"post-26500","1":"product","2":"type-product","3":"status-publish","4":"has-post-thumbnail","6":"product_brand-kinlys","7":"product_cat-acessorios","8":"product_cat-camascobertores","9":"product_cat-cao","10":"product_shipping_class-postpac-economia-10kg","13":"first","14":"instock","15":"shipping-taxable","16":"purchasable","17":"product-type-simple"},"jetpack_sharing_enabled":true,"_links":{"self":[{"href":"https:\/\/avesaguiar.ch\/pt-pt\/wp-json\/wp\/v2\/product\/26500","targetHints":{"allow":["GET"]}}],"collection":[{"href":"https:\/\/avesaguiar.ch\/pt-pt\/wp-json\/wp\/v2\/product"}],"about":[{"href":"https:\/\/avesaguiar.ch\/pt-pt\/wp-json\/wp\/v2\/types\/product"}],"replies":[{"embeddable":true,"href":"https:\/\/avesaguiar.ch\/pt-pt\/wp-json\/wp\/v2\/comments?post=26500"}],"wp:featuredmedia":[{"embeddable":true,"href":"https:\/\/avesaguiar.ch\/pt-pt\/wp-json\/wp\/v2\/media\/25526"}],"wp:attachment":[{"href":"https:\/\/avesaguiar.ch\/pt-pt\/wp-json\/wp\/v2\/media?parent=26500"}],"wp:term":[{"taxonomy":"product_brand","embeddable":true,"href":"https:\/\/avesaguiar.ch\/pt-pt\/wp-json\/wp\/v2\/product_brand?post=26500"},{"taxonomy":"product_cat","embeddable":true,"href":"https:\/\/avesaguiar.ch\/pt-pt\/wp-json\/wp\/v2\/product_cat?post=26500"},{"taxonomy":"product_tag","embeddable":true,"href":"https:\/\/avesaguiar.ch\/pt-pt\/wp-json\/wp\/v2\/product_tag?post=26500"}],"curies":[{"name":"wp","href":"https:\/\/api.w.org\/{rel}","templated":true}]}}