{"id":26506,"date":"2025-03-23T15:52:34","date_gmt":"2025-03-23T15:52:34","guid":{"rendered":"https:\/\/avesaguiar.ch\/produit\/cama-de-cao-aconchegante-com-flores\/"},"modified":"2025-03-23T15:52:34","modified_gmt":"2025-03-23T15:52:34","slug":"cama-de-cao-aconchegante-com-flores","status":"publish","type":"product","link":"https:\/\/avesaguiar.ch\/pt-pt\/produit\/cama-de-cao-aconchegante-com-flores\/","title":{"rendered":"Cama de c\u00e3o aconchegante com flores"},"content":{"rendered":"<p>A cama para c\u00e3es \u00e9 feita de um tecido de sof\u00e1 confort\u00e1vel e de alta qualidade, com almofadas a condizer. Proporciona um conforto \u00f3timo num estilo indel\u00e9vel. <\/p>\n<p>Este acess\u00f3rio confort\u00e1vel para o teu animal de estima\u00e7\u00e3o vai real\u00e7ar a tua decora\u00e7\u00e3o com estilo. O fundo da cama \u00e9 antiderrapante. <\/p>\n<p>Todas as fronhas podem ser removidas de forma f\u00e1cil e c\u00f3moda. Al\u00e9m disso, s\u00e3o lav\u00e1veis a 30 graus e muitos pequenos pormenores tornam esta cama \u00fanica e elegante. <\/p>\n<p>Dimens\u00f5es-70 x 60 x 20 cm<\/p>\n","protected":false},"excerpt":{"rendered":"<p>A cama para c\u00e3es \u00e9 feita de um tecido de sof\u00e1 confort\u00e1vel e de alta qualidade, com almofadas a condizer. Proporciona um conforto \u00f3timo num estilo indel\u00e9vel. Este acess\u00f3rio confort\u00e1vel para o teu animal de estima\u00e7\u00e3o vai real\u00e7ar a tua decora\u00e7\u00e3o com estilo. O fundo da cama \u00e9 antiderrapante. Todas as fronhas podem ser removidas [&hellip;]<\/p>\n","protected":false},"featured_media":25532,"comment_status":"open","ping_status":"closed","template":"","meta":[],"product_brand":[187],"product_cat":[266,265,264],"product_tag":[],"class_list":{"0":"post-26506","1":"product","2":"type-product","3":"status-publish","4":"has-post-thumbnail","6":"product_brand-kinlys","7":"product_cat-acessorios","8":"product_cat-camascobertores","9":"product_cat-cao","10":"product_shipping_class-postpac-economia-10kg","13":"first","14":"instock","15":"shipping-taxable","16":"purchasable","17":"product-type-simple"},"jetpack_sharing_enabled":true,"_links":{"self":[{"href":"https:\/\/avesaguiar.ch\/pt-pt\/wp-json\/wp\/v2\/product\/26506","targetHints":{"allow":["GET"]}}],"collection":[{"href":"https:\/\/avesaguiar.ch\/pt-pt\/wp-json\/wp\/v2\/product"}],"about":[{"href":"https:\/\/avesaguiar.ch\/pt-pt\/wp-json\/wp\/v2\/types\/product"}],"replies":[{"embeddable":true,"href":"https:\/\/avesaguiar.ch\/pt-pt\/wp-json\/wp\/v2\/comments?post=26506"}],"wp:featuredmedia":[{"embeddable":true,"href":"https:\/\/avesaguiar.ch\/pt-pt\/wp-json\/wp\/v2\/media\/25532"}],"wp:attachment":[{"href":"https:\/\/avesaguiar.ch\/pt-pt\/wp-json\/wp\/v2\/media?parent=26506"}],"wp:term":[{"taxonomy":"product_brand","embeddable":true,"href":"https:\/\/avesaguiar.ch\/pt-pt\/wp-json\/wp\/v2\/product_brand?post=26506"},{"taxonomy":"product_cat","embeddable":true,"href":"https:\/\/avesaguiar.ch\/pt-pt\/wp-json\/wp\/v2\/product_cat?post=26506"},{"taxonomy":"product_tag","embeddable":true,"href":"https:\/\/avesaguiar.ch\/pt-pt\/wp-json\/wp\/v2\/product_tag?post=26506"}],"curies":[{"name":"wp","href":"https:\/\/api.w.org\/{rel}","templated":true}]}}