{"id":26515,"date":"2025-03-23T16:17:26","date_gmt":"2025-03-23T16:17:26","guid":{"rendered":"https:\/\/avesaguiar.ch\/produit\/cesto-de-plastico-ergonomico-2\/"},"modified":"2025-03-23T16:17:26","modified_gmt":"2025-03-23T16:17:26","slug":"cesto-de-plastico-ergonomico-2","status":"publish","type":"product","link":"https:\/\/avesaguiar.ch\/pt-pt\/produit\/cesto-de-plastico-ergonomico-2\/","title":{"rendered":"Cesto de pl\u00e1stico ergon\u00f3mico"},"content":{"rendered":"<p>Cama de pl\u00e1stico ergon\u00f3mica e ecol\u00f3gica para c\u00e3es<\/p>\n<p>O cesto Morfeo \u00e9 feito de pl\u00e1stico reciclado e, por isso, \u00e9 muito amigo do ambiente.<\/p>\n<p>As garrafas PET que acabam como res\u00edduos ap\u00f3s o consumo s\u00e3o recolhidas e cuidadosamente transformadas em pl\u00e1stico regenerado para novas aplica\u00e7\u00f5es, como este cesto para c\u00e3es. Podes reconhecer os produtos amigos do ambiente . <\/p>\n<p>O cesto Morfeo \u00e9 ergon\u00f3mico, resistente e duradouro. O cesto oval irradia classe e eleg\u00e2ncia. <\/p>\n<p>O fundo do cesto \u00e9 perfurado para uma ventila\u00e7\u00e3o \u00f3ptima da almofada ou do cobertor.<\/p>\n<p>Gra\u00e7as aos p\u00e9s de borracha antiderrapantes, o cesto mant\u00e9m-se perfeitamente no lugar e o ch\u00e3o fica protegido.<\/p>\n<p>Dimens\u00f5es-56x68x25cm \/ 66x80x25cm \/ 78x96x27cm<\/p>\n<h1><\/h1>\n<h1><\/h1>\n<h1><\/h1>\n<p>&nbsp;<\/p>\n","protected":false},"excerpt":{"rendered":"<p>Cama de pl\u00e1stico ergon\u00f3mica e ecol\u00f3gica para c\u00e3es O cesto Morfeo \u00e9 feito de pl\u00e1stico reciclado e, por isso, \u00e9 muito amigo do ambiente. As garrafas PET que acabam como res\u00edduos ap\u00f3s o consumo s\u00e3o recolhidas e cuidadosamente transformadas em pl\u00e1stico regenerado para novas aplica\u00e7\u00f5es, como este cesto para c\u00e3es. Podes reconhecer os produtos amigos [&hellip;]<\/p>\n","protected":false},"featured_media":25557,"comment_status":"open","ping_status":"closed","template":"","meta":[],"product_brand":[187],"product_cat":[266,265,264],"product_tag":[],"class_list":{"0":"post-26515","1":"product","2":"type-product","3":"status-publish","4":"has-post-thumbnail","6":"product_brand-kinlys","7":"product_cat-acessorios","8":"product_cat-camascobertores","9":"product_cat-cao","12":"first","13":"instock","14":"shipping-taxable","15":"purchasable","16":"product-type-variable"},"jetpack_sharing_enabled":true,"_links":{"self":[{"href":"https:\/\/avesaguiar.ch\/pt-pt\/wp-json\/wp\/v2\/product\/26515","targetHints":{"allow":["GET"]}}],"collection":[{"href":"https:\/\/avesaguiar.ch\/pt-pt\/wp-json\/wp\/v2\/product"}],"about":[{"href":"https:\/\/avesaguiar.ch\/pt-pt\/wp-json\/wp\/v2\/types\/product"}],"replies":[{"embeddable":true,"href":"https:\/\/avesaguiar.ch\/pt-pt\/wp-json\/wp\/v2\/comments?post=26515"}],"wp:featuredmedia":[{"embeddable":true,"href":"https:\/\/avesaguiar.ch\/pt-pt\/wp-json\/wp\/v2\/media\/25557"}],"wp:attachment":[{"href":"https:\/\/avesaguiar.ch\/pt-pt\/wp-json\/wp\/v2\/media?parent=26515"}],"wp:term":[{"taxonomy":"product_brand","embeddable":true,"href":"https:\/\/avesaguiar.ch\/pt-pt\/wp-json\/wp\/v2\/product_brand?post=26515"},{"taxonomy":"product_cat","embeddable":true,"href":"https:\/\/avesaguiar.ch\/pt-pt\/wp-json\/wp\/v2\/product_cat?post=26515"},{"taxonomy":"product_tag","embeddable":true,"href":"https:\/\/avesaguiar.ch\/pt-pt\/wp-json\/wp\/v2\/product_tag?post=26515"}],"curies":[{"name":"wp","href":"https:\/\/api.w.org\/{rel}","templated":true}]}}