{"id":26539,"date":"2025-03-23T19:57:14","date_gmt":"2025-03-23T19:57:14","guid":{"rendered":"https:\/\/avesaguiar.ch\/produit\/casaco-de-cao-andes-25-cm\/"},"modified":"2025-03-23T19:57:14","modified_gmt":"2025-03-23T19:57:14","slug":"casaco-de-cao-andes-25-cm","status":"publish","type":"product","link":"https:\/\/avesaguiar.ch\/pt-pt\/produit\/casaco-de-cao-andes-25-cm\/","title":{"rendered":"Casaco de c\u00e3o ANDES 25 cm"},"content":{"rendered":"<p>Casaco com orif\u00edcio para a trela el\u00e1stico na virilha, ajust\u00e1vel com velcro, cinta el\u00e1stica.<\/p>\n<p>Tamanho: 25 cm<\/p>\n<p>Como escolher o tamanho certo de pelo para o teu c\u00e3o?<\/p>\n<p>Para escolher o tamanho correto da t-shirt, do mackintosh ou do casaco para c\u00e3es, tens de medir a dist\u00e2ncia entre o garrote e a cauda ao longo do dorso do teu c\u00e3o, ou a dist\u00e2ncia em cent\u00edmetros entre o pesco\u00e7o e a cauda do c\u00e3o.<\/p>\n<p>Exemplo: as costas do meu c\u00e3o medem 35 cm e o casaco que quero comprar est\u00e1 dispon\u00edvel nos tamanhos 34 cm e 38 cm: terei de encomendar o tamanho 38, para que o casaco sirva bem ao meu c\u00e3o, pois o 34 seria pequeno.<\/p>\n","protected":false},"excerpt":{"rendered":"<p>Casaco com orif\u00edcio para a trela el\u00e1stico na virilha, ajust\u00e1vel com velcro, cinta el\u00e1stica. Tamanho: 25 cm Como escolher o tamanho certo de pelo para o teu c\u00e3o? Para escolher o tamanho correto da t-shirt, do mackintosh ou do casaco para c\u00e3es, tens de medir a dist\u00e2ncia entre o garrote e a cauda ao longo [&hellip;]<\/p>\n","protected":false},"featured_media":25575,"comment_status":"open","ping_status":"closed","template":"","meta":[],"product_brand":[187],"product_cat":[266,264],"product_tag":[],"class_list":{"0":"post-26539","1":"product","2":"type-product","3":"status-publish","4":"has-post-thumbnail","6":"product_brand-kinlys","7":"product_cat-acessorios","8":"product_cat-cao","9":"product_shipping_class-postpac-economia-900g","12":"first","13":"instock","14":"shipping-taxable","15":"purchasable","16":"product-type-simple"},"jetpack_sharing_enabled":true,"_links":{"self":[{"href":"https:\/\/avesaguiar.ch\/pt-pt\/wp-json\/wp\/v2\/product\/26539","targetHints":{"allow":["GET"]}}],"collection":[{"href":"https:\/\/avesaguiar.ch\/pt-pt\/wp-json\/wp\/v2\/product"}],"about":[{"href":"https:\/\/avesaguiar.ch\/pt-pt\/wp-json\/wp\/v2\/types\/product"}],"replies":[{"embeddable":true,"href":"https:\/\/avesaguiar.ch\/pt-pt\/wp-json\/wp\/v2\/comments?post=26539"}],"wp:featuredmedia":[{"embeddable":true,"href":"https:\/\/avesaguiar.ch\/pt-pt\/wp-json\/wp\/v2\/media\/25575"}],"wp:attachment":[{"href":"https:\/\/avesaguiar.ch\/pt-pt\/wp-json\/wp\/v2\/media?parent=26539"}],"wp:term":[{"taxonomy":"product_brand","embeddable":true,"href":"https:\/\/avesaguiar.ch\/pt-pt\/wp-json\/wp\/v2\/product_brand?post=26539"},{"taxonomy":"product_cat","embeddable":true,"href":"https:\/\/avesaguiar.ch\/pt-pt\/wp-json\/wp\/v2\/product_cat?post=26539"},{"taxonomy":"product_tag","embeddable":true,"href":"https:\/\/avesaguiar.ch\/pt-pt\/wp-json\/wp\/v2\/product_tag?post=26539"}],"curies":[{"name":"wp","href":"https:\/\/api.w.org\/{rel}","templated":true}]}}