{"id":26557,"date":"2025-03-23T20:22:59","date_gmt":"2025-03-23T20:22:59","guid":{"rendered":"https:\/\/avesaguiar.ch\/produit\/medalhas-pequenas-varios-modelos\/"},"modified":"2025-03-23T20:22:59","modified_gmt":"2025-03-23T20:22:59","slug":"medalhas-pequenas-varios-modelos","status":"publish","type":"product","link":"https:\/\/avesaguiar.ch\/pt-pt\/produit\/medalhas-pequenas-varios-modelos\/","title":{"rendered":"Medalhas pequenas V\u00e1rios modelos"},"content":{"rendered":"<p>Para c\u00e3es alegres e animados<\/p>\n<p>Divertidos, modernos, bizarros, curiosos<\/p>\n<p>Temas variados<\/p>\n<p>S\u00e3o fabricados em micro-metal fundido e em material hipoalerg\u00e9nico.<\/p>\n","protected":false},"excerpt":{"rendered":"<p>Para c\u00e3es alegres e animados Divertidos, modernos, bizarros, curiosos Temas variados S\u00e3o fabricados em micro-metal fundido e em material hipoalerg\u00e9nico.<\/p>\n","protected":false},"featured_media":25616,"comment_status":"open","ping_status":"closed","template":"","meta":[],"product_brand":[187],"product_cat":[266,264],"product_tag":[],"class_list":{"0":"post-26557","1":"product","2":"type-product","3":"status-publish","4":"has-post-thumbnail","6":"product_brand-kinlys","7":"product_cat-acessorios","8":"product_cat-cao","9":"product_shipping_class-postpac-economia-900g","12":"first","13":"instock","14":"shipping-taxable","15":"purchasable","16":"product-type-simple"},"jetpack_sharing_enabled":true,"_links":{"self":[{"href":"https:\/\/avesaguiar.ch\/pt-pt\/wp-json\/wp\/v2\/product\/26557","targetHints":{"allow":["GET"]}}],"collection":[{"href":"https:\/\/avesaguiar.ch\/pt-pt\/wp-json\/wp\/v2\/product"}],"about":[{"href":"https:\/\/avesaguiar.ch\/pt-pt\/wp-json\/wp\/v2\/types\/product"}],"replies":[{"embeddable":true,"href":"https:\/\/avesaguiar.ch\/pt-pt\/wp-json\/wp\/v2\/comments?post=26557"}],"wp:featuredmedia":[{"embeddable":true,"href":"https:\/\/avesaguiar.ch\/pt-pt\/wp-json\/wp\/v2\/media\/25616"}],"wp:attachment":[{"href":"https:\/\/avesaguiar.ch\/pt-pt\/wp-json\/wp\/v2\/media?parent=26557"}],"wp:term":[{"taxonomy":"product_brand","embeddable":true,"href":"https:\/\/avesaguiar.ch\/pt-pt\/wp-json\/wp\/v2\/product_brand?post=26557"},{"taxonomy":"product_cat","embeddable":true,"href":"https:\/\/avesaguiar.ch\/pt-pt\/wp-json\/wp\/v2\/product_cat?post=26557"},{"taxonomy":"product_tag","embeddable":true,"href":"https:\/\/avesaguiar.ch\/pt-pt\/wp-json\/wp\/v2\/product_tag?post=26557"}],"curies":[{"name":"wp","href":"https:\/\/api.w.org\/{rel}","templated":true}]}}