{"id":26558,"date":"2025-03-23T20:16:07","date_gmt":"2025-03-23T20:16:07","guid":{"rendered":"https:\/\/avesaguiar.ch\/produit\/desembaracador-de-pelos-para-gatos-de-pelo-comprido-e-grosso\/"},"modified":"2025-03-23T20:16:07","modified_gmt":"2025-03-23T20:16:07","slug":"desembaracador-de-pelos-para-gatos-de-pelo-comprido-e-grosso","status":"publish","type":"product","link":"https:\/\/avesaguiar.ch\/pt-pt\/produit\/desembaracador-de-pelos-para-gatos-de-pelo-comprido-e-grosso\/","title":{"rendered":"Desembara\u00e7ador de p\u00ealos para gatos de pelo comprido e grosso"},"content":{"rendered":"<p>Um pente que remove completamente os p\u00ealos mortos e o subp\u00ealo, o pente desembara\u00e7ador ajuda-te a :<\/p>\n<p>Garante uma escovagem segura e eficaz<\/p>\n<ul>\n<li>Elimina o subp\u00ealo morto<\/li>\n<li>Facilita o corte r\u00e1pido de n\u00f3s dif\u00edceis<\/li>\n<\/ul>\n<p>R\u00e1pido e eficaz, o pente desembara\u00e7ador \u00e9 indispens\u00e1vel para escovar os gatos de pelo comprido, como os Persas ou os Angor\u00e1s.<\/p>\n<p>O pente para desembara\u00e7ar Trixie tem um cabo de borracha antiderrapante para uma \u00f3ptima ader\u00eancia, para um cuidado r\u00e1pido e eficaz do pelo.<\/p>\n<p>&nbsp;<\/p>\n<ul>\n<li>Pente\/desembara\u00e7ador para gatos de pelo comprido<\/li>\n<li>Desembara\u00e7a r\u00e1pida e eficazmente gra\u00e7as aos dentes finos com pontas arredondadas<\/li>\n<li>Pega ideal gra\u00e7as \u00e0 pega de pl\u00e1stico e ao revestimento de borracha antiderrapante<\/li>\n<li>Ideal para manter o cabelo em cima e em baixo<\/li>\n<li>Material recicl\u00e1vel<\/li>\n<li>Cor: PRETO e ROSA<\/li>\n<\/ul>\n","protected":false},"excerpt":{"rendered":"<p>Um pente que remove completamente os p\u00ealos mortos e o subp\u00ealo, o pente desembara\u00e7ador ajuda-te a : Garante uma escovagem segura e eficaz Elimina o subp\u00ealo morto Facilita o corte r\u00e1pido de n\u00f3s dif\u00edceis R\u00e1pido e eficaz, o pente desembara\u00e7ador \u00e9 indispens\u00e1vel para escovar os gatos de pelo comprido, como os Persas ou os Angor\u00e1s. [&hellip;]<\/p>\n","protected":false},"featured_media":25610,"comment_status":"open","ping_status":"closed","template":"","meta":[],"product_brand":[187],"product_cat":[266,264,280],"product_tag":[],"class_list":{"0":"post-26558","1":"product","2":"type-product","3":"status-publish","4":"has-post-thumbnail","6":"product_brand-kinlys","7":"product_cat-acessorios","8":"product_cat-cao","9":"product_cat-tosquia-higiene","10":"product_shipping_class-postpac-economia-900g","13":"first","14":"instock","15":"shipping-taxable","16":"purchasable","17":"product-type-simple"},"jetpack_sharing_enabled":true,"_links":{"self":[{"href":"https:\/\/avesaguiar.ch\/pt-pt\/wp-json\/wp\/v2\/product\/26558","targetHints":{"allow":["GET"]}}],"collection":[{"href":"https:\/\/avesaguiar.ch\/pt-pt\/wp-json\/wp\/v2\/product"}],"about":[{"href":"https:\/\/avesaguiar.ch\/pt-pt\/wp-json\/wp\/v2\/types\/product"}],"replies":[{"embeddable":true,"href":"https:\/\/avesaguiar.ch\/pt-pt\/wp-json\/wp\/v2\/comments?post=26558"}],"wp:featuredmedia":[{"embeddable":true,"href":"https:\/\/avesaguiar.ch\/pt-pt\/wp-json\/wp\/v2\/media\/25610"}],"wp:attachment":[{"href":"https:\/\/avesaguiar.ch\/pt-pt\/wp-json\/wp\/v2\/media?parent=26558"}],"wp:term":[{"taxonomy":"product_brand","embeddable":true,"href":"https:\/\/avesaguiar.ch\/pt-pt\/wp-json\/wp\/v2\/product_brand?post=26558"},{"taxonomy":"product_cat","embeddable":true,"href":"https:\/\/avesaguiar.ch\/pt-pt\/wp-json\/wp\/v2\/product_cat?post=26558"},{"taxonomy":"product_tag","embeddable":true,"href":"https:\/\/avesaguiar.ch\/pt-pt\/wp-json\/wp\/v2\/product_tag?post=26558"}],"curies":[{"name":"wp","href":"https:\/\/api.w.org\/{rel}","templated":true}]}}