{"id":26576,"date":"2025-03-23T20:47:18","date_gmt":"2025-03-23T20:47:18","guid":{"rendered":"https:\/\/avesaguiar.ch\/produit\/casaco-de-malha-windsor\/"},"modified":"2025-03-23T20:47:18","modified_gmt":"2025-03-23T20:47:18","slug":"casaco-de-malha-windsor","status":"publish","type":"product","link":"https:\/\/avesaguiar.ch\/pt-pt\/produit\/casaco-de-malha-windsor\/","title":{"rendered":"Casaco de malha Windsor"},"content":{"rendered":"<p>A camisola de malha Windsor para c\u00e3es \u00e9 uma pe\u00e7a de vestu\u00e1rio simples e elegante, ideal para o dia a dia. O design \u00e9 fiel ao estilo ingl\u00eas, por isso o teu amigo peludo estar\u00e1 quente sem ter de se preocupar com a moda. O tecido \u00e9 altamente el\u00e1stico e adapta-se perfeitamente ao corpo do teu animal, permitindo movimentos naturais sem desconforto.  <\/p>\n<p>Esta camisa para c\u00e3es inclui uma coleira para proteger a garganta mesmo nos dias mais frios. \u00c9 feita de um tecido de alta qualidade e super macio para dar ao teu c\u00e3o o m\u00e1ximo conforto. N\u00e3o pode faltar no teu guarda-roupa, \u00e9 t\u00e3o confort\u00e1vel e quente que acabar\u00e1s por us\u00e1-la mesmo em casa. Tem um ilh\u00f3 para prender a correia e um velcro no pesco\u00e7o para ajustar.   <\/p>\n<p>Material: 100% acr\u00edlico<\/p>\n<p>Para escolher o tamanho correto da t-shirt, do mackintosh ou do casaco para c\u00e3es, tens de medir a dist\u00e2ncia entre o garrote e a cauda ao longo do dorso do teu c\u00e3o, ou a dist\u00e2ncia em cent\u00edmetros entre o pesco\u00e7o e a cauda do c\u00e3o.<\/p>\n<p>Exemplo: as costas do meu c\u00e3o medem 35 cm e o casaco que quero comprar est\u00e1 dispon\u00edvel nos tamanhos 34 cm e 38 cm: terei de encomendar o tamanho 38, para que o casaco sirva bem ao meu c\u00e3o, pois o 34 seria pequeno.<\/p>\n","protected":false},"excerpt":{"rendered":"<p>A camisola de malha Windsor para c\u00e3es \u00e9 uma pe\u00e7a de vestu\u00e1rio simples e elegante, ideal para o dia a dia. O design \u00e9 fiel ao estilo ingl\u00eas, por isso o teu amigo peludo estar\u00e1 quente sem ter de se preocupar com a moda. O tecido \u00e9 altamente el\u00e1stico e adapta-se perfeitamente ao corpo do [&hellip;]<\/p>\n","protected":false},"featured_media":25657,"comment_status":"open","ping_status":"closed","template":"","meta":[],"product_brand":[187],"product_cat":[266,264],"product_tag":[],"class_list":{"0":"post-26576","1":"product","2":"type-product","3":"status-publish","4":"has-post-thumbnail","6":"product_brand-kinlys","7":"product_cat-acessorios","8":"product_cat-cao","9":"product_shipping_class-postpac-economia-900g","12":"first","13":"instock","14":"shipping-taxable","15":"purchasable","16":"product-type-simple"},"jetpack_sharing_enabled":true,"_links":{"self":[{"href":"https:\/\/avesaguiar.ch\/pt-pt\/wp-json\/wp\/v2\/product\/26576","targetHints":{"allow":["GET"]}}],"collection":[{"href":"https:\/\/avesaguiar.ch\/pt-pt\/wp-json\/wp\/v2\/product"}],"about":[{"href":"https:\/\/avesaguiar.ch\/pt-pt\/wp-json\/wp\/v2\/types\/product"}],"replies":[{"embeddable":true,"href":"https:\/\/avesaguiar.ch\/pt-pt\/wp-json\/wp\/v2\/comments?post=26576"}],"wp:featuredmedia":[{"embeddable":true,"href":"https:\/\/avesaguiar.ch\/pt-pt\/wp-json\/wp\/v2\/media\/25657"}],"wp:attachment":[{"href":"https:\/\/avesaguiar.ch\/pt-pt\/wp-json\/wp\/v2\/media?parent=26576"}],"wp:term":[{"taxonomy":"product_brand","embeddable":true,"href":"https:\/\/avesaguiar.ch\/pt-pt\/wp-json\/wp\/v2\/product_brand?post=26576"},{"taxonomy":"product_cat","embeddable":true,"href":"https:\/\/avesaguiar.ch\/pt-pt\/wp-json\/wp\/v2\/product_cat?post=26576"},{"taxonomy":"product_tag","embeddable":true,"href":"https:\/\/avesaguiar.ch\/pt-pt\/wp-json\/wp\/v2\/product_tag?post=26576"}],"curies":[{"name":"wp","href":"https:\/\/api.w.org\/{rel}","templated":true}]}}