{"id":26583,"date":"2025-03-23T15:46:47","date_gmt":"2025-03-23T15:46:47","guid":{"rendered":"https:\/\/avesaguiar.ch\/produit\/cama-refrescante\/"},"modified":"2025-03-23T15:46:47","modified_gmt":"2025-03-23T15:46:47","slug":"cama-refrescante","status":"publish","type":"product","link":"https:\/\/avesaguiar.ch\/pt-pt\/produit\/cama-refrescante\/","title":{"rendered":"Cama refrescante"},"content":{"rendered":"<h1>Colch\u00e3o de arrefecimento<\/h1>\n<ul>\n<li>ajuda a regular a temperatura corporal nos dias quentes<\/li>\n<li>aspeto de nylon (poli\u00e9ster)<\/li>\n<li>efeito refrescante em contacto com o corpo<\/li>\n<li>funciona sem refrigera\u00e7\u00e3o adicional, eletricidade ou \u00e1gua<\/li>\n<li>actualiza-se durante v\u00e1rias horas<\/li>\n<li>pode ser reutilizado ap\u00f3s um curto per\u00edodo sem contacto<\/li>\n<li>tamb\u00e9m pode ser utilizado em casas de c\u00e3o, camas ou no carro<\/li>\n<li>Limpa simplesmente com um pano<\/li>\n<li>75x80cm<\/li>\n<\/ul>\n","protected":false},"excerpt":{"rendered":"<p>Colch\u00e3o de arrefecimento ajuda a regular a temperatura corporal nos dias quentes aspeto de nylon (poli\u00e9ster) efeito refrescante em contacto com o corpo funciona sem refrigera\u00e7\u00e3o adicional, eletricidade ou \u00e1gua actualiza-se durante v\u00e1rias horas pode ser reutilizado ap\u00f3s um curto per\u00edodo sem contacto tamb\u00e9m pode ser utilizado em casas de c\u00e3o, camas ou no carro [&hellip;]<\/p>\n","protected":false},"featured_media":25520,"comment_status":"open","ping_status":"closed","template":"","meta":[],"product_brand":[187],"product_cat":[266,265,264],"product_tag":[],"class_list":{"0":"post-26583","1":"product","2":"type-product","3":"status-publish","4":"has-post-thumbnail","6":"product_brand-kinlys","7":"product_cat-acessorios","8":"product_cat-camascobertores","9":"product_cat-cao","10":"product_shipping_class-postpac-economia-2kg","13":"first","14":"instock","15":"shipping-taxable","16":"purchasable","17":"product-type-simple"},"jetpack_sharing_enabled":true,"_links":{"self":[{"href":"https:\/\/avesaguiar.ch\/pt-pt\/wp-json\/wp\/v2\/product\/26583","targetHints":{"allow":["GET"]}}],"collection":[{"href":"https:\/\/avesaguiar.ch\/pt-pt\/wp-json\/wp\/v2\/product"}],"about":[{"href":"https:\/\/avesaguiar.ch\/pt-pt\/wp-json\/wp\/v2\/types\/product"}],"replies":[{"embeddable":true,"href":"https:\/\/avesaguiar.ch\/pt-pt\/wp-json\/wp\/v2\/comments?post=26583"}],"wp:featuredmedia":[{"embeddable":true,"href":"https:\/\/avesaguiar.ch\/pt-pt\/wp-json\/wp\/v2\/media\/25520"}],"wp:attachment":[{"href":"https:\/\/avesaguiar.ch\/pt-pt\/wp-json\/wp\/v2\/media?parent=26583"}],"wp:term":[{"taxonomy":"product_brand","embeddable":true,"href":"https:\/\/avesaguiar.ch\/pt-pt\/wp-json\/wp\/v2\/product_brand?post=26583"},{"taxonomy":"product_cat","embeddable":true,"href":"https:\/\/avesaguiar.ch\/pt-pt\/wp-json\/wp\/v2\/product_cat?post=26583"},{"taxonomy":"product_tag","embeddable":true,"href":"https:\/\/avesaguiar.ch\/pt-pt\/wp-json\/wp\/v2\/product_tag?post=26583"}],"curies":[{"name":"wp","href":"https:\/\/api.w.org\/{rel}","templated":true}]}}