{"id":26634,"date":"2025-03-01T19:54:42","date_gmt":"2025-03-01T19:54:42","guid":{"rendered":"https:\/\/avesaguiar.ch\/produit\/comedouro-universal-suspenso-18x22cm\/"},"modified":"2025-03-01T19:54:42","modified_gmt":"2025-03-01T19:54:42","slug":"comedouro-universal-suspenso-18x22cm","status":"publish","type":"product","link":"https:\/\/avesaguiar.ch\/pt-pt\/produit\/comedouro-universal-suspenso-18x22cm\/","title":{"rendered":"Comedouro universal suspenso 18x22cm"},"content":{"rendered":"<p>Comedouro universal de pl\u00e1stico com capacidade de um litro para avi\u00e1rios.<\/p>\n<p>Gra\u00e7as ao telhado abobadado, os excrementos n\u00e3o podem entrar em contacto com a comida.<\/p>\n<p>F\u00e1cil de encher: o enchimento \u00e9 feito facilmente, soltando as sec\u00e7\u00f5es superior e inferior e virando o comedouro ao contr\u00e1rio.<\/p>\n<p>Simples de colocar: diretamente no ch\u00e3o ou suspenso utilizando o anel de suspens\u00e3o integrado.<\/p>\n<p>Dimens\u00f5es: 18 x 22 cm.<\/p>\n","protected":false},"excerpt":{"rendered":"<p>Comedouro universal de pl\u00e1stico com capacidade de um litro para avi\u00e1rios. Gra\u00e7as ao telhado abobadado, os excrementos n\u00e3o podem entrar em contacto com a comida. F\u00e1cil de encher: o enchimento \u00e9 feito facilmente, soltando as sec\u00e7\u00f5es superior e inferior e virando o comedouro ao contr\u00e1rio. Simples de colocar: diretamente no ch\u00e3o ou suspenso utilizando o [&hellip;]<\/p>\n","protected":false},"featured_media":24729,"comment_status":"open","ping_status":"closed","template":"","meta":[],"product_brand":[187],"product_cat":[284,251],"product_tag":[],"class_list":{"0":"post-26634","1":"product","2":"type-product","3":"status-publish","4":"has-post-thumbnail","6":"product_brand-kinlys","7":"product_cat-acessorios-3","8":"product_cat-aves","9":"product_shipping_class-postpac-economia-900g","12":"first","13":"instock","14":"shipping-taxable","15":"purchasable","16":"product-type-simple"},"jetpack_sharing_enabled":true,"_links":{"self":[{"href":"https:\/\/avesaguiar.ch\/pt-pt\/wp-json\/wp\/v2\/product\/26634","targetHints":{"allow":["GET"]}}],"collection":[{"href":"https:\/\/avesaguiar.ch\/pt-pt\/wp-json\/wp\/v2\/product"}],"about":[{"href":"https:\/\/avesaguiar.ch\/pt-pt\/wp-json\/wp\/v2\/types\/product"}],"replies":[{"embeddable":true,"href":"https:\/\/avesaguiar.ch\/pt-pt\/wp-json\/wp\/v2\/comments?post=26634"}],"wp:featuredmedia":[{"embeddable":true,"href":"https:\/\/avesaguiar.ch\/pt-pt\/wp-json\/wp\/v2\/media\/24729"}],"wp:attachment":[{"href":"https:\/\/avesaguiar.ch\/pt-pt\/wp-json\/wp\/v2\/media?parent=26634"}],"wp:term":[{"taxonomy":"product_brand","embeddable":true,"href":"https:\/\/avesaguiar.ch\/pt-pt\/wp-json\/wp\/v2\/product_brand?post=26634"},{"taxonomy":"product_cat","embeddable":true,"href":"https:\/\/avesaguiar.ch\/pt-pt\/wp-json\/wp\/v2\/product_cat?post=26634"},{"taxonomy":"product_tag","embeddable":true,"href":"https:\/\/avesaguiar.ch\/pt-pt\/wp-json\/wp\/v2\/product_tag?post=26634"}],"curies":[{"name":"wp","href":"https:\/\/api.w.org\/{rel}","templated":true}]}}