{"id":26653,"date":"2025-03-01T20:20:00","date_gmt":"2025-03-01T20:20:00","guid":{"rendered":"https:\/\/avesaguiar.ch\/produit\/alimentador-de-1l-para-lampadas-minas-fauna\/"},"modified":"2025-03-01T20:20:00","modified_gmt":"2025-03-01T20:20:00","slug":"alimentador-de-1l-para-lampadas-minas-fauna","status":"publish","type":"product","link":"https:\/\/avesaguiar.ch\/pt-pt\/produit\/alimentador-de-1l-para-lampadas-minas-fauna\/","title":{"rendered":"Alimentador de 1L para l\u00e2mpadas-minas Fauna"},"content":{"rendered":"<p>Alimentador de l\u00e2mpada de minera\u00e7\u00e3o de fauna com pega.<\/p>\n<p>Capacidade : 1 litro<\/p>\n","protected":false},"excerpt":{"rendered":"<p>Alimentador de l\u00e2mpada de minera\u00e7\u00e3o de fauna com pega. Capacidade : 1 litro<\/p>\n","protected":false},"featured_media":24775,"comment_status":"open","ping_status":"closed","template":"","meta":[],"product_brand":[187],"product_cat":[284,251],"product_tag":[],"class_list":{"0":"post-26653","1":"product","2":"type-product","3":"status-publish","4":"has-post-thumbnail","6":"product_brand-kinlys","7":"product_cat-acessorios-3","8":"product_cat-aves","9":"product_shipping_class-postpac-economia-2kg","12":"first","13":"instock","14":"shipping-taxable","15":"purchasable","16":"product-type-simple"},"jetpack_sharing_enabled":true,"_links":{"self":[{"href":"https:\/\/avesaguiar.ch\/pt-pt\/wp-json\/wp\/v2\/product\/26653","targetHints":{"allow":["GET"]}}],"collection":[{"href":"https:\/\/avesaguiar.ch\/pt-pt\/wp-json\/wp\/v2\/product"}],"about":[{"href":"https:\/\/avesaguiar.ch\/pt-pt\/wp-json\/wp\/v2\/types\/product"}],"replies":[{"embeddable":true,"href":"https:\/\/avesaguiar.ch\/pt-pt\/wp-json\/wp\/v2\/comments?post=26653"}],"wp:featuredmedia":[{"embeddable":true,"href":"https:\/\/avesaguiar.ch\/pt-pt\/wp-json\/wp\/v2\/media\/24775"}],"wp:attachment":[{"href":"https:\/\/avesaguiar.ch\/pt-pt\/wp-json\/wp\/v2\/media?parent=26653"}],"wp:term":[{"taxonomy":"product_brand","embeddable":true,"href":"https:\/\/avesaguiar.ch\/pt-pt\/wp-json\/wp\/v2\/product_brand?post=26653"},{"taxonomy":"product_cat","embeddable":true,"href":"https:\/\/avesaguiar.ch\/pt-pt\/wp-json\/wp\/v2\/product_cat?post=26653"},{"taxonomy":"product_tag","embeddable":true,"href":"https:\/\/avesaguiar.ch\/pt-pt\/wp-json\/wp\/v2\/product_tag?post=26653"}],"curies":[{"name":"wp","href":"https:\/\/api.w.org\/{rel}","templated":true}]}}