{"id":26656,"date":"2025-03-01T20:16:06","date_gmt":"2025-03-01T20:16:06","guid":{"rendered":"https:\/\/avesaguiar.ch\/produit\/alimentador-de-plastico-para-lampadas-e-minerios-1l\/"},"modified":"2025-03-01T20:16:06","modified_gmt":"2025-03-01T20:16:06","slug":"alimentador-de-plastico-para-lampadas-e-minerios-1l","status":"publish","type":"product","link":"https:\/\/avesaguiar.ch\/pt-pt\/produit\/alimentador-de-plastico-para-lampadas-e-minerios-1l\/","title":{"rendered":"Alimentador de pl\u00e1stico para l\u00e2mpadas e min\u00e9rios 1L"},"content":{"rendered":"<p>Comedouros suspensos ou de ch\u00e3o totalmente em pl\u00e1stico (mais seguros do que as garrafas de vidro).<\/p>\n<p>A estrutura \u00e9 feita de metal.<\/p>\n","protected":false},"excerpt":{"rendered":"<p>Comedouros suspensos ou de ch\u00e3o totalmente em pl\u00e1stico (mais seguros do que as garrafas de vidro). A estrutura \u00e9 feita de metal.<\/p>\n","protected":false},"featured_media":24769,"comment_status":"open","ping_status":"closed","template":"","meta":[],"product_brand":[187],"product_cat":[284,251],"product_tag":[],"class_list":{"0":"post-26656","1":"product","2":"type-product","3":"status-publish","4":"has-post-thumbnail","6":"product_brand-kinlys","7":"product_cat-acessorios-3","8":"product_cat-aves","9":"product_shipping_class-postpac-economia-900g","12":"first","13":"instock","14":"shipping-taxable","15":"purchasable","16":"product-type-simple"},"jetpack_sharing_enabled":true,"_links":{"self":[{"href":"https:\/\/avesaguiar.ch\/pt-pt\/wp-json\/wp\/v2\/product\/26656","targetHints":{"allow":["GET"]}}],"collection":[{"href":"https:\/\/avesaguiar.ch\/pt-pt\/wp-json\/wp\/v2\/product"}],"about":[{"href":"https:\/\/avesaguiar.ch\/pt-pt\/wp-json\/wp\/v2\/types\/product"}],"replies":[{"embeddable":true,"href":"https:\/\/avesaguiar.ch\/pt-pt\/wp-json\/wp\/v2\/comments?post=26656"}],"wp:featuredmedia":[{"embeddable":true,"href":"https:\/\/avesaguiar.ch\/pt-pt\/wp-json\/wp\/v2\/media\/24769"}],"wp:attachment":[{"href":"https:\/\/avesaguiar.ch\/pt-pt\/wp-json\/wp\/v2\/media?parent=26656"}],"wp:term":[{"taxonomy":"product_brand","embeddable":true,"href":"https:\/\/avesaguiar.ch\/pt-pt\/wp-json\/wp\/v2\/product_brand?post=26656"},{"taxonomy":"product_cat","embeddable":true,"href":"https:\/\/avesaguiar.ch\/pt-pt\/wp-json\/wp\/v2\/product_cat?post=26656"},{"taxonomy":"product_tag","embeddable":true,"href":"https:\/\/avesaguiar.ch\/pt-pt\/wp-json\/wp\/v2\/product_tag?post=26656"}],"curies":[{"name":"wp","href":"https:\/\/api.w.org\/{rel}","templated":true}]}}