{"id":26673,"date":"2025-03-01T20:35:21","date_gmt":"2025-03-01T20:35:21","guid":{"rendered":"https:\/\/avesaguiar.ch\/produit\/calha-holandesa-com-ganchos-metalicos\/"},"modified":"2025-03-01T20:35:21","modified_gmt":"2025-03-01T20:35:21","slug":"calha-holandesa-com-ganchos-metalicos","status":"publish","type":"product","link":"https:\/\/avesaguiar.ch\/pt-pt\/produit\/calha-holandesa-com-ganchos-metalicos\/","title":{"rendered":"Calha holandesa com ganchos met\u00e1licos"},"content":{"rendered":"<p>Alimentador holand\u00eas com ganchos met\u00e1licos .<\/p>\n<p>Dimens\u00f5es: 7,5 x 5,5 x 4h<\/p>\n","protected":false},"excerpt":{"rendered":"<p>Alimentador holand\u00eas com ganchos met\u00e1licos . Dimens\u00f5es: 7,5 x 5,5 x 4h<\/p>\n","protected":false},"featured_media":24787,"comment_status":"open","ping_status":"closed","template":"","meta":[],"product_brand":[61],"product_cat":[284,251],"product_tag":[],"class_list":{"0":"post-26673","1":"product","2":"type-product","3":"status-publish","4":"has-post-thumbnail","6":"product_brand-2gr","7":"product_cat-acessorios-3","8":"product_cat-aves","9":"product_shipping_class-postpac-economia-900g","12":"first","13":"instock","14":"shipping-taxable","15":"purchasable","16":"product-type-simple"},"jetpack_sharing_enabled":true,"_links":{"self":[{"href":"https:\/\/avesaguiar.ch\/pt-pt\/wp-json\/wp\/v2\/product\/26673","targetHints":{"allow":["GET"]}}],"collection":[{"href":"https:\/\/avesaguiar.ch\/pt-pt\/wp-json\/wp\/v2\/product"}],"about":[{"href":"https:\/\/avesaguiar.ch\/pt-pt\/wp-json\/wp\/v2\/types\/product"}],"replies":[{"embeddable":true,"href":"https:\/\/avesaguiar.ch\/pt-pt\/wp-json\/wp\/v2\/comments?post=26673"}],"wp:featuredmedia":[{"embeddable":true,"href":"https:\/\/avesaguiar.ch\/pt-pt\/wp-json\/wp\/v2\/media\/24787"}],"wp:attachment":[{"href":"https:\/\/avesaguiar.ch\/pt-pt\/wp-json\/wp\/v2\/media?parent=26673"}],"wp:term":[{"taxonomy":"product_brand","embeddable":true,"href":"https:\/\/avesaguiar.ch\/pt-pt\/wp-json\/wp\/v2\/product_brand?post=26673"},{"taxonomy":"product_cat","embeddable":true,"href":"https:\/\/avesaguiar.ch\/pt-pt\/wp-json\/wp\/v2\/product_cat?post=26673"},{"taxonomy":"product_tag","embeddable":true,"href":"https:\/\/avesaguiar.ch\/pt-pt\/wp-json\/wp\/v2\/product_tag?post=26673"}],"curies":[{"name":"wp","href":"https:\/\/api.w.org\/{rel}","templated":true}]}}