{"id":26685,"date":"2025-03-01T21:31:45","date_gmt":"2025-03-01T21:31:45","guid":{"rendered":"https:\/\/avesaguiar.ch\/produit\/alimentador-de-aco-inoxidavel-com-parafuso\/"},"modified":"2025-03-01T21:31:45","modified_gmt":"2025-03-01T21:31:45","slug":"alimentador-de-aco-inoxidavel-com-parafuso","status":"publish","type":"product","link":"https:\/\/avesaguiar.ch\/pt-pt\/produit\/alimentador-de-aco-inoxidavel-com-parafuso\/","title":{"rendered":"Alimentador de a\u00e7o inoxid\u00e1vel com parafuso"},"content":{"rendered":"<p class=\"h1\">Alimentador de a\u00e7o inoxid\u00e1vel com parafuso de 9 cm<\/p>\n<p class=\"h1\">Alimentador de a\u00e7o inoxid\u00e1vel com parafuso 12cm<\/p>\n<p class=\"h1\">Alimentador de a\u00e7o inoxid\u00e1vel com parafuso 14cm<\/p>\n","protected":false},"excerpt":{"rendered":"<p>Alimentador de a\u00e7o inoxid\u00e1vel com parafuso de 9 cm Alimentador de a\u00e7o inoxid\u00e1vel com parafuso 12cm Alimentador de a\u00e7o inoxid\u00e1vel com parafuso 14cm<\/p>\n","protected":false},"featured_media":24845,"comment_status":"open","ping_status":"closed","template":"","meta":[],"product_brand":[187],"product_cat":[284,251],"product_tag":[],"class_list":{"0":"post-26685","1":"product","2":"type-product","3":"status-publish","4":"has-post-thumbnail","6":"product_brand-kinlys","7":"product_cat-acessorios-3","8":"product_cat-aves","9":"product_shipping_class-postpac-economia-2kg","12":"first","13":"instock","14":"shipping-taxable","15":"purchasable","16":"product-type-variable"},"jetpack_sharing_enabled":true,"_links":{"self":[{"href":"https:\/\/avesaguiar.ch\/pt-pt\/wp-json\/wp\/v2\/product\/26685","targetHints":{"allow":["GET"]}}],"collection":[{"href":"https:\/\/avesaguiar.ch\/pt-pt\/wp-json\/wp\/v2\/product"}],"about":[{"href":"https:\/\/avesaguiar.ch\/pt-pt\/wp-json\/wp\/v2\/types\/product"}],"replies":[{"embeddable":true,"href":"https:\/\/avesaguiar.ch\/pt-pt\/wp-json\/wp\/v2\/comments?post=26685"}],"wp:featuredmedia":[{"embeddable":true,"href":"https:\/\/avesaguiar.ch\/pt-pt\/wp-json\/wp\/v2\/media\/24845"}],"wp:attachment":[{"href":"https:\/\/avesaguiar.ch\/pt-pt\/wp-json\/wp\/v2\/media?parent=26685"}],"wp:term":[{"taxonomy":"product_brand","embeddable":true,"href":"https:\/\/avesaguiar.ch\/pt-pt\/wp-json\/wp\/v2\/product_brand?post=26685"},{"taxonomy":"product_cat","embeddable":true,"href":"https:\/\/avesaguiar.ch\/pt-pt\/wp-json\/wp\/v2\/product_cat?post=26685"},{"taxonomy":"product_tag","embeddable":true,"href":"https:\/\/avesaguiar.ch\/pt-pt\/wp-json\/wp\/v2\/product_tag?post=26685"}],"curies":[{"name":"wp","href":"https:\/\/api.w.org\/{rel}","templated":true}]}}