{"id":26732,"date":"2025-03-16T08:49:40","date_gmt":"2025-03-16T08:49:40","guid":{"rendered":"https:\/\/avesaguiar.ch\/produit\/poleiro-de-madeira-de-videira-20cm\/"},"modified":"2025-03-16T08:49:40","modified_gmt":"2025-03-16T08:49:40","slug":"poleiro-de-madeira-de-videira-20cm","status":"publish","type":"product","link":"https:\/\/avesaguiar.ch\/pt-pt\/produit\/poleiro-de-madeira-de-videira-20cm\/","title":{"rendered":"Poleiro de madeira de videira 20cm"},"content":{"rendered":"<p>Poleiro de madeira para p\u00e1ssaros com um suporte para fixar nas barras da tua gaiola ou avi\u00e1rio.<\/p>\n<p>Dimens\u00f5es: 20 x 1,5 x 1,5 cm<\/p>\n","protected":false},"excerpt":{"rendered":"<p>Poleiro de madeira para p\u00e1ssaros com um suporte para fixar nas barras da tua gaiola ou avi\u00e1rio. Dimens\u00f5es: 20 x 1,5 x 1,5 cm<\/p>\n","protected":false},"featured_media":24878,"comment_status":"open","ping_status":"closed","template":"","meta":[],"product_brand":[187],"product_cat":[284,251],"product_tag":[],"class_list":{"0":"post-26732","1":"product","2":"type-product","3":"status-publish","4":"has-post-thumbnail","6":"product_brand-kinlys","7":"product_cat-acessorios-3","8":"product_cat-aves","9":"product_shipping_class-postpac-economia-900g","12":"first","13":"instock","14":"shipping-taxable","15":"purchasable","16":"product-type-simple"},"jetpack_sharing_enabled":true,"_links":{"self":[{"href":"https:\/\/avesaguiar.ch\/pt-pt\/wp-json\/wp\/v2\/product\/26732","targetHints":{"allow":["GET"]}}],"collection":[{"href":"https:\/\/avesaguiar.ch\/pt-pt\/wp-json\/wp\/v2\/product"}],"about":[{"href":"https:\/\/avesaguiar.ch\/pt-pt\/wp-json\/wp\/v2\/types\/product"}],"replies":[{"embeddable":true,"href":"https:\/\/avesaguiar.ch\/pt-pt\/wp-json\/wp\/v2\/comments?post=26732"}],"wp:featuredmedia":[{"embeddable":true,"href":"https:\/\/avesaguiar.ch\/pt-pt\/wp-json\/wp\/v2\/media\/24878"}],"wp:attachment":[{"href":"https:\/\/avesaguiar.ch\/pt-pt\/wp-json\/wp\/v2\/media?parent=26732"}],"wp:term":[{"taxonomy":"product_brand","embeddable":true,"href":"https:\/\/avesaguiar.ch\/pt-pt\/wp-json\/wp\/v2\/product_brand?post=26732"},{"taxonomy":"product_cat","embeddable":true,"href":"https:\/\/avesaguiar.ch\/pt-pt\/wp-json\/wp\/v2\/product_cat?post=26732"},{"taxonomy":"product_tag","embeddable":true,"href":"https:\/\/avesaguiar.ch\/pt-pt\/wp-json\/wp\/v2\/product_tag?post=26732"}],"curies":[{"name":"wp","href":"https:\/\/api.w.org\/{rel}","templated":true}]}}