{"id":26869,"date":"2025-03-16T13:31:48","date_gmt":"2025-03-16T13:31:48","guid":{"rendered":"https:\/\/avesaguiar.ch\/produit\/50-aneis-elasticos-o2-mm-o3-mm\/"},"modified":"2025-03-16T13:31:48","modified_gmt":"2025-03-16T13:31:48","slug":"50-aneis-elasticos-o2-mm-o3-mm","status":"publish","type":"product","link":"https:\/\/avesaguiar.ch\/pt-pt\/produit\/50-aneis-elasticos-o2-mm-o3-mm\/","title":{"rendered":"50 An\u00e9is el\u00e1sticos \u00d82 mm \u00d83 mm"},"content":{"rendered":"<p class=\"product_title entry-title elementor-heading-title elementor-size-default\">50 An\u00e9is el\u00e1sticos \u00d8 2 mm \u00d83 mm<\/p>\n<p class=\"product_title entry-title elementor-heading-title elementor-size-default\">(para todas as esp\u00e9cies de aves)<\/p>\n<p>&nbsp;<\/p>\n<h4>Informa\u00e7\u00e3o importante;<\/h4>\n<p>O kit \u00e9 necess\u00e1rio pela primeira vez.<\/p>\n<p class=\"product_title entry-title elementor-heading-title elementor-size-default\"><strong>Kit inicial: 1 pistola de an\u00e9is com um sortido de an\u00e9is coloridos.<\/strong><\/p>\n<p>&nbsp;<\/p>\n","protected":false},"excerpt":{"rendered":"<div class=\"description\">\n<p>Escolhe a tua cor preferida<\/p>\n<\/div>\n","protected":false},"featured_media":25054,"comment_status":"open","ping_status":"closed","template":"","meta":[],"product_brand":[201],"product_cat":[284,251],"product_tag":[],"class_list":{"0":"post-26869","1":"product","2":"type-product","3":"status-publish","4":"has-post-thumbnail","6":"product_brand-fauna","7":"product_cat-acessorios-3","8":"product_cat-aves","11":"first","12":"outofstock","13":"shipping-taxable","14":"purchasable","15":"product-type-variable"},"jetpack_sharing_enabled":true,"_links":{"self":[{"href":"https:\/\/avesaguiar.ch\/pt-pt\/wp-json\/wp\/v2\/product\/26869","targetHints":{"allow":["GET"]}}],"collection":[{"href":"https:\/\/avesaguiar.ch\/pt-pt\/wp-json\/wp\/v2\/product"}],"about":[{"href":"https:\/\/avesaguiar.ch\/pt-pt\/wp-json\/wp\/v2\/types\/product"}],"replies":[{"embeddable":true,"href":"https:\/\/avesaguiar.ch\/pt-pt\/wp-json\/wp\/v2\/comments?post=26869"}],"wp:featuredmedia":[{"embeddable":true,"href":"https:\/\/avesaguiar.ch\/pt-pt\/wp-json\/wp\/v2\/media\/25054"}],"wp:attachment":[{"href":"https:\/\/avesaguiar.ch\/pt-pt\/wp-json\/wp\/v2\/media?parent=26869"}],"wp:term":[{"taxonomy":"product_brand","embeddable":true,"href":"https:\/\/avesaguiar.ch\/pt-pt\/wp-json\/wp\/v2\/product_brand?post=26869"},{"taxonomy":"product_cat","embeddable":true,"href":"https:\/\/avesaguiar.ch\/pt-pt\/wp-json\/wp\/v2\/product_cat?post=26869"},{"taxonomy":"product_tag","embeddable":true,"href":"https:\/\/avesaguiar.ch\/pt-pt\/wp-json\/wp\/v2\/product_tag?post=26869"}],"curies":[{"name":"wp","href":"https:\/\/api.w.org\/{rel}","templated":true}]}}