{"id":26944,"date":"2025-03-16T14:46:22","date_gmt":"2025-03-16T14:46:22","guid":{"rendered":"https:\/\/avesaguiar.ch\/produit\/dimmer-universal-3000-besser-elektronik\/"},"modified":"2025-03-16T14:46:22","modified_gmt":"2025-03-16T14:46:22","slug":"dimmer-universal-3000-besser-elektronik","status":"publish","type":"product","link":"https:\/\/avesaguiar.ch\/pt-pt\/produit\/dimmer-universal-3000-besser-elektronik\/","title":{"rendered":"Dimmer Universal 3000 &#8211; Besser Elektronik"},"content":{"rendered":"<h2><span lang=\"fr\" xml:lang=\"fr\"><span title=\"Led, n\u00e9on, incandescente, possibilidade de iluminar at\u00e9 dois ambientes, tudo com um \u00fanico produto.\">O regulador de intensidade mais potente do mercado!<\/span><\/span><\/h2>\n<p><span id=\"result_box\" lang=\"fr\" xml:lang=\"fr\"><span title=\"Led, n\u00e9on, incandescente, possibilidade de iluminar at\u00e9 dois ambientes, tudo com um \u00fanico produto.\">O dimmer <strong>Universal 3000<\/strong> da <strong>Besser Elektronik<\/strong> pode iluminar duas divis\u00f5es separadas com um \u00fanico dispositivo. Trabalha tanto com LEDs como com n\u00e9on.   <\/span><span title=\"A centralina pode ser utilizada em dois ambientes contempor\u00e2neos, com or\u00e1rios e programas diferentes em cada um dos ambientes.\">A unidade de controlo pode ser utilizada para dois ambientes em simult\u00e2neo com anexos e programa\u00e7\u00e3o diferente em cada ambiente.<\/span><\/span><\/p>\n<p><span lang=\"fr\" xml:lang=\"fr\"><span title=\"A centralina pode ser utilizada em dois ambientes contempor\u00e2neos, com or\u00e1rios e programas diferentes em cada um dos ambientes.\"><br \/>\n<\/span><span title=\"Possibilidades de utiliza\u00e7\u00e3o:\"><strong>Utiliza\u00e7\u00f5es poss\u00edveis:<\/strong><\/span><\/span><\/p>\n<p><span title=\"Ambiente \u00fanico com sistema tradicional:\">Quarto individual com sistema tradicional:<\/span><\/p>\n<p><span title=\"- Alba e tramonto com l\u00e2mpadas incandescentes ou al\u00f3genas (m\u00e1x. 600w)\">&#8211; Nascer e p\u00f4r do sol com l\u00e2mpadas incandescentes ou de halog\u00e9neo (m\u00e1x. 600w)<br \/>\n<\/span><span title=\"- Ilumina\u00e7\u00e3o durante o dia com n\u00e9on \/l\u00e2mpadas de baixo consumo energ\u00e9tico \/l\u00e2mpadas led 220 volts \/barrette led a bassa tensione (max 1000w)\">&#8211; Ilumina\u00e7\u00e3o diurna com l\u00e2mpadas de n\u00e9on \/ l\u00e2mpadas economizadoras de energia \/ barras LED 220 volts \/ baixa tens\u00e3o (m\u00e1x. 1000w)<br \/>\n<\/span><span title=\"- Com sensor para o consumo de energia.  \">&#8211; Com sensor para poupan\u00e7a de energia.<br \/>\n<\/span><span title=\"Ambiente \u00fanico com sistema de fitas LED de baixa tens\u00e3o (12\/24v).\">&#8211; Sistema de c\u00e2mara \u00fanica com barras de LED de baixa tens\u00e3o (12 \/ 24v).<br \/>\n<\/span><span title=\"- Alba \/ tramonto con barrette led a bassa tensione , l' illuminazione ambiente oppure delle singole gabbie con le medesime barrette led che hanno fatto la fase alba\/tramonto.  \">&#8211; Nascer\/p\u00f4r do sol com barras de LEDs de baixa tens\u00e3o, ilumina\u00e7\u00e3o ambiente ou gaiolas individuais com as mesmas barras de LEDs que fizeram a cena do nascer\/p\u00f4r do sol.<\/span><\/p>\n<p><span title=\"Um \u00fanico ambiente com um \u00fanico sistema\">Quarto individual com sistema misto:<\/span><\/p>\n<p><span title=\"- Alba\/tramonto com l\u00e2mpadas incandescentes, alog\u00e9neos ou barrette led a bassa tensione.\">&#8211; Nascer e p\u00f4r do sol com barras de baixa tens\u00e3o incandescentes, de halog\u00e9neo ou LED.<br \/>\n<\/span><span title=\"- Ilumina\u00e7\u00e3o durante o dia com n\u00e9on \/l\u00e2mpadas de baixo consumo energ\u00e9tico\/ l\u00e2mpadas de led 220v \/ barra de led de baixa tens\u00e3o.   \">&#8211; Ilumina\u00e7\u00e3o durante o dia com l\u00e2mpadas de n\u00e9on\/economia de energia\/barras LED 220v\/baixa tens\u00e3o.<\/span><\/p>\n<p><span title=\"Dois ambientes (um com sistema tradicional e outro com sistema de barramento de led)\">Dois quartos (um com sistema tradicional e outro com sistema de barra LED):<\/span><\/p>\n<p><span title=\"- O primeiro ambiente com sistema tradicional como descrito acima\">&#8211; O primeiro ambiente com um sistema tradicional, tal como descrito acima<br \/>\n<\/span><span title=\"- O segundo ambiente com sistema led a bassa tensione come sopra descritto.  \">&#8211; O segundo ambiente com um sistema LED de baixa tens\u00e3o, como descrito acima.<\/span><\/p>\n<p><span title=\"Principais carater\u00edsticas t\u00e9cnicas do produto:\"><strong>Principais carater\u00edsticas do produto:<\/strong><\/span><\/p>\n<p><span title=\"- A sua for\u00e7a reside na facilidade de programa\u00e7\u00e3o.\">&#8211; O seu ponto forte \u00e9 a facilidade de programa\u00e7\u00e3o.<br \/>\n<\/span><span title=\"- Schermo TOUCH SCREEN\">&#8211; <strong>ECR\u00c3 T\u00c1CTIL<\/strong><br \/>\n<\/span><span title=\"- Alba \/tramonto con tempi variabili da 1 a 60 min.\">&#8211; Hor\u00e1rio do nascer\/p\u00f4r do sol de 1 a 60 min.<br \/>\n<\/span><span title=\"- Fotoc\u00e9lula incorporada para um aumento de energia.\">&#8211; Fotoc\u00e9lula para poupan\u00e7a de energia.<br \/>\n<\/span><span title=\"- Ispezione notturna con accensione graduale di 2min e tramonto di 20min.\">&#8211; Inspe\u00e7\u00e3o nocturna com acendimento e apagamento progressivo de 2min 20min.<br \/>\n<\/span><span title=\"- Presa suplementar com mais programas de acelera\u00e7\u00e3o e acelera\u00e7\u00e3o, para poderem ser usados com outros aparelhos electr\u00f3nicos.  \">&#8211; Tomada complementar com mais programa\u00e7\u00e3o on-off, para ligar qualquer outro aparelho eletr\u00f3nico.<\/span><\/p>\n<p><span title=\"FOTOPERIODO\"><strong>Fotoper\u00edodo :<\/strong><\/span><\/p>\n<p><span title=\"- 1 (um) quadro espec\u00edfico programado para a escolha dos uccelli da richiamo.\">&#8211; 1 painel pr\u00e9-programado especificamente para chamar p\u00e1ssaros.<br \/>\n<\/span><span title=\"- 1 (um) separador livre onde podes criar um fotoper\u00edodo pessoal de 365 dias;\">&#8211; 1 tabela gratuita onde podes criar uma pauta de fotoper\u00edodo de 365 dias.  <\/span><span title=\"Esta tabela personalizada permite-te introduzir-te diretamente no programador e vari\u00e1-la se necess\u00e1rio em qualquer momento (excecional para o canto e a reprodu\u00e7\u00e3o dos sons)\">Esta tabela personalizada pode ser ligada diretamente ao controlador e modificada, se necess\u00e1rio, em qualquer altura.<br \/>\n<\/span><span title=\"- 1 (uma) tabella libera per fotoperiodo parziale indispensabile per la riproduzione di qualsiasi variet\u00e0 di uccelli;\">&#8211; 1 quadro livre para fotoper\u00edodo parcial essencial para a reprodu\u00e7\u00e3o de uma variedade de aves.  <\/span><span title=\"Tamb\u00e9m podes introduzir esta op\u00e7\u00e3o diretamente no programa e alter\u00e1-la em qualquer momento.\">Tamb\u00e9m isto pode ser definido diretamente no programador e alterado em qualquer altura.<br \/>\n<\/span><span title=\"- Fotoper\u00edodo com o sistema +6-6 vari\u00e1vel   \">&#8211; Fotoper\u00edodo com 6-6 + sistema vari\u00e1vel<\/span><\/p>\n<p><span title=\"TODAS ESTAS FUN\u00c7\u00d5ES PODEM SER IMPOSTAS DE MODO A QUE O PROGRAMADOR ILUMINE DE FORMA DISTINTA E DIVERSA OS DIFERENTES AMBIENTES DE ILUMINA\u00c7\u00c3O.\"><strong>Todas estas carater\u00edsticas podem ser ajustadas manualmente para proporcionar diferentes n\u00edveis de luz em salas de reprodu\u00e7\u00e3o separadas.<\/strong><\/span><\/p>\n<p><span title=\"No ecr\u00e3, \u00e9 sempre vis\u00edvel a temperatura e o grau de humidade presentes no local onde se encontra o programador.   \">Os n\u00edveis de temperatura e humidade na sala onde o programador est\u00e1 instalado s\u00e3o sempre vis\u00edveis no ecr\u00e3.<\/span><\/p>\n<p><span title=\"ACESS\u00d3RIOS DISPON\u00cdVEIS:\"><strong>ACESS\u00d3RIOS:<\/strong><\/span><\/p>\n<p><span title=\"- Alimentadores a 24 volts de 35w, 60w, 100w, com pot\u00eancia superior\">&#8211; Pot\u00eancia de 24VOLT de 35w, 60w, 100w, em pot\u00eancias mais elevadas<br \/>\n<\/span><span title=\"- Barrette LED 24volt con plafoniera per iluminazione ambiente da 8w di produzione italiana.\">&#8211; Barras de LEDs 24Volts com tonalidades para ilumina\u00e7\u00e3o ambiente 8w de produ\u00e7\u00e3o italiana.<br \/>\n<\/span><span title=\"- Tiras de LED para iluminar uma \u00fanica l\u00e2mpada de 2w ou 4w produzidas em It\u00e1lia.\">&#8211; Barras para a ilumina\u00e7\u00e3o de uma \u00fanica gaiola LED de 2W, 4W de produ\u00e7\u00e3o italiana.<br \/>\n<\/span><span title=\"- L\u00e2mpada LED 220V 9w com fixa\u00e7\u00e3o a vite .pode ser utilizada no lugar dos n\u00e9ons do sistema tradicional  \">&#8211; L\u00e2mpada LED 9W 220V com liga\u00e7\u00e3o de parafuso, pode ser utilizada em vez de n\u00e9on no sistema tradicional.<\/span><\/p>\n<p><span lang=\"fr\" xml:lang=\"fr\"><span title=\"- L\u00e2mpada LED 220V 9w com fixa\u00e7\u00e3o a vite .pode ser utilizada no lugar dos n\u00e9ons do sistema tradicional   \"><strong>Fornecido com um cabo italiano, tens de utilizar um adaptador universal (loja de bricolage)<\/strong><\/span><\/span><\/p>\n","protected":false},"excerpt":{"rendered":"<p>Permite a gest\u00e3o simult\u00e2nea de 2 salas<\/p>\n","protected":false},"featured_media":25184,"comment_status":"open","ping_status":"closed","template":"","meta":[],"product_brand":[202],"product_cat":[284,296,251,256],"product_tag":[],"class_list":{"0":"post-26944","1":"product","2":"type-product","3":"status-publish","4":"has-post-thumbnail","6":"product_brand-besser-elektronic","7":"product_cat-acessorios-3","8":"product_cat-acessorios-5","9":"product_cat-aves","10":"product_cat-pombos","13":"first","14":"outofstock","15":"shipping-taxable","16":"purchasable","17":"product-type-simple"},"jetpack_sharing_enabled":true,"_links":{"self":[{"href":"https:\/\/avesaguiar.ch\/pt-pt\/wp-json\/wp\/v2\/product\/26944","targetHints":{"allow":["GET"]}}],"collection":[{"href":"https:\/\/avesaguiar.ch\/pt-pt\/wp-json\/wp\/v2\/product"}],"about":[{"href":"https:\/\/avesaguiar.ch\/pt-pt\/wp-json\/wp\/v2\/types\/product"}],"replies":[{"embeddable":true,"href":"https:\/\/avesaguiar.ch\/pt-pt\/wp-json\/wp\/v2\/comments?post=26944"}],"wp:featuredmedia":[{"embeddable":true,"href":"https:\/\/avesaguiar.ch\/pt-pt\/wp-json\/wp\/v2\/media\/25184"}],"wp:attachment":[{"href":"https:\/\/avesaguiar.ch\/pt-pt\/wp-json\/wp\/v2\/media?parent=26944"}],"wp:term":[{"taxonomy":"product_brand","embeddable":true,"href":"https:\/\/avesaguiar.ch\/pt-pt\/wp-json\/wp\/v2\/product_brand?post=26944"},{"taxonomy":"product_cat","embeddable":true,"href":"https:\/\/avesaguiar.ch\/pt-pt\/wp-json\/wp\/v2\/product_cat?post=26944"},{"taxonomy":"product_tag","embeddable":true,"href":"https:\/\/avesaguiar.ch\/pt-pt\/wp-json\/wp\/v2\/product_tag?post=26944"}],"curies":[{"name":"wp","href":"https:\/\/api.w.org\/{rel}","templated":true}]}}