{"id":26954,"date":"2025-03-16T14:11:16","date_gmt":"2025-03-16T14:11:16","guid":{"rendered":"https:\/\/avesaguiar.ch\/produit\/25-aneis-de-plastico-com-clipes-pombos-o8-mm\/"},"modified":"2025-03-16T14:11:16","modified_gmt":"2025-03-16T14:11:16","slug":"25-aneis-de-plastico-com-clipes-pombos-o8-mm","status":"publish","type":"product","link":"https:\/\/avesaguiar.ch\/pt-pt\/produit\/25-aneis-de-plastico-com-clipes-pombos-o8-mm\/","title":{"rendered":"25 An\u00e9is de pl\u00e1stico com clipes Pombos \u00d88 mm"},"content":{"rendered":"<p>25 An\u00e9is de pl\u00e1stico com clipes Pombos \u00d88 mm digitalizados<\/p>\n","protected":false},"excerpt":{"rendered":"<p>Escolhe a tua cor preferida.<\/p>\n<p>Digitalizar ou n\u00e3o?<\/p>\n","protected":false},"featured_media":22226,"comment_status":"open","ping_status":"closed","template":"","meta":[],"product_brand":[187],"product_cat":[296,256],"product_tag":[],"class_list":{"0":"post-26954","1":"product","2":"type-product","3":"status-publish","4":"has-post-thumbnail","6":"product_brand-kinlys","7":"product_cat-acessorios-5","8":"product_cat-pombos","9":"product_shipping_class-postpac-economia-900g","12":"first","13":"instock","14":"shipping-taxable","15":"purchasable","16":"product-type-variable"},"jetpack_sharing_enabled":true,"_links":{"self":[{"href":"https:\/\/avesaguiar.ch\/pt-pt\/wp-json\/wp\/v2\/product\/26954","targetHints":{"allow":["GET"]}}],"collection":[{"href":"https:\/\/avesaguiar.ch\/pt-pt\/wp-json\/wp\/v2\/product"}],"about":[{"href":"https:\/\/avesaguiar.ch\/pt-pt\/wp-json\/wp\/v2\/types\/product"}],"replies":[{"embeddable":true,"href":"https:\/\/avesaguiar.ch\/pt-pt\/wp-json\/wp\/v2\/comments?post=26954"}],"wp:featuredmedia":[{"embeddable":true,"href":"https:\/\/avesaguiar.ch\/pt-pt\/wp-json\/wp\/v2\/media\/22226"}],"wp:attachment":[{"href":"https:\/\/avesaguiar.ch\/pt-pt\/wp-json\/wp\/v2\/media?parent=26954"}],"wp:term":[{"taxonomy":"product_brand","embeddable":true,"href":"https:\/\/avesaguiar.ch\/pt-pt\/wp-json\/wp\/v2\/product_brand?post=26954"},{"taxonomy":"product_cat","embeddable":true,"href":"https:\/\/avesaguiar.ch\/pt-pt\/wp-json\/wp\/v2\/product_cat?post=26954"},{"taxonomy":"product_tag","embeddable":true,"href":"https:\/\/avesaguiar.ch\/pt-pt\/wp-json\/wp\/v2\/product_tag?post=26954"}],"curies":[{"name":"wp","href":"https:\/\/api.w.org\/{rel}","templated":true}]}}