{"id":26960,"date":"2025-03-16T14:51:59","date_gmt":"2025-03-16T14:51:59","guid":{"rendered":"https:\/\/avesaguiar.ch\/produit\/regulador-de-fluxo-luminoso-gold-star-besser-elektronik\/"},"modified":"2025-03-16T14:51:59","modified_gmt":"2025-03-16T14:51:59","slug":"regulador-de-fluxo-luminoso-gold-star-besser-elektronik","status":"publish","type":"product","link":"https:\/\/avesaguiar.ch\/pt-pt\/produit\/regulador-de-fluxo-luminoso-gold-star-besser-elektronik\/","title":{"rendered":"Regulador de fluxo luminoso Gold Star &#8211; Besser Elektronik"},"content":{"rendered":"<p>O regulador de intensidade <strong>Gold Star <\/strong>da<strong> Besser Elektronik<\/strong> recria os ciclos do nascer e do p\u00f4r do sol para salas de gado.<\/p>\n<p><strong>Melhora a reprodu\u00e7\u00e3o e o comportamento das aves.<\/strong><\/p>\n<p>Carater\u00edsticas:<\/p>\n<ul>\n<li>Marca a hora.<\/li>\n<li>Prepara o amanhecer.<\/li>\n<li>P\u00f5e-te a dormir.<\/li>\n<li>Defini\u00e7\u00e3o da luz nocturna.<\/li>\n<li>Varia\u00e7\u00e3o da dura\u00e7\u00e3o.<\/li>\n<li>Prolongamento e redu\u00e7\u00e3o autom\u00e1ticos do dia.<\/li>\n<li>Rel\u00f3gio digital<\/li>\n<li>Fotoc\u00e9lula para regular a luminosidade na sala de cria\u00e7\u00e3o.<\/li>\n<li>Prolongamento e redu\u00e7\u00e3o autom\u00e1ticos das horas de ilumina\u00e7\u00e3o.<\/li>\n<li>Defini\u00e7\u00e3o da hora do nascer\/p\u00f4r do sol de 2 a 60 minutos.<\/li>\n<li>Programa\u00e7\u00e3o f\u00e1cil.<\/li>\n<\/ul>\n<p>Fotoper\u00edodo: O programador cria automaticamente uma tabela para prolongar ou reduzir as horas de ilumina\u00e7\u00e3o autom\u00e1tica.<br \/>\nInterruptor para inspe\u00e7\u00e3o nocturna que cria uma subida mais r\u00e1pida de cerca de 1,5 min. e um p\u00f4r do sol subsequente de 15 min.<br \/>\nBateria de reserva para fazer uma c\u00f3pia de seguran\u00e7a das fun\u00e7\u00f5es programadas em caso de falha de energia. <\/p>\n<p>A tomada de n\u00e9on pode ser ligada a todos os tipos de LEDs a 220 volts, ou a transformadores de igni\u00e7\u00e3o para l\u00e2mpadas ou LEDs a 12\/24 volts.<\/p>\n<p><strong>Dimens\u00f5es do regulador de intensidade:<\/strong><br \/>\nComprimento: 21cm<br \/>\nAltura: 6cm<br \/>\nLargura: 10cm<\/p>\n<p>Fus\u00edveis de prote\u00e7\u00e3o.<\/p>\n<p>A diferen\u00e7a entre GOLD e SUPER GOLD \u00e9 a pot\u00eancia de tra\u00e7\u00e3o em watts.<\/p>\n<p>Pot\u00eancia do n\u00e9on (m\u00e1ximo 1000 W)<\/p>\n<p>Pot\u00eancia para l\u00e2mpadas incandescentes (m\u00e1ximo 600W)<\/p>\n<p><strong>Regulador de fluxo luminoso fornecido com cabo italiano, deve ser utilizado um adaptador universal (loja de bricolage)<\/strong><\/p>\n<p>Inclui instru\u00e7\u00f5es completas de funcionamento e programa\u00e7\u00e3o em franc\u00eas.<\/p>\n","protected":false},"excerpt":{"rendered":"<p>O regulador de intensidade Gold Star da Besser Elektronik recria os ciclos do nascer e do p\u00f4r do sol para salas de gado. Melhora a reprodu\u00e7\u00e3o e o comportamento das aves. Carater\u00edsticas: Marca a hora. Prepara o amanhecer. P\u00f5e-te a dormir. Defini\u00e7\u00e3o da luz nocturna. Varia\u00e7\u00e3o da dura\u00e7\u00e3o. Prolongamento e redu\u00e7\u00e3o autom\u00e1ticos do dia. Rel\u00f3gio [&hellip;]<\/p>\n","protected":false},"featured_media":25134,"comment_status":"open","ping_status":"closed","template":"","meta":[],"product_brand":[202],"product_cat":[284,296,251,256],"product_tag":[],"class_list":{"0":"post-26960","1":"product","2":"type-product","3":"status-publish","4":"has-post-thumbnail","6":"product_brand-besser-elektronic","7":"product_cat-acessorios-3","8":"product_cat-acessorios-5","9":"product_cat-aves","10":"product_cat-pombos","13":"first","14":"outofstock","15":"shipping-taxable","16":"purchasable","17":"product-type-simple"},"jetpack_sharing_enabled":true,"_links":{"self":[{"href":"https:\/\/avesaguiar.ch\/pt-pt\/wp-json\/wp\/v2\/product\/26960","targetHints":{"allow":["GET"]}}],"collection":[{"href":"https:\/\/avesaguiar.ch\/pt-pt\/wp-json\/wp\/v2\/product"}],"about":[{"href":"https:\/\/avesaguiar.ch\/pt-pt\/wp-json\/wp\/v2\/types\/product"}],"replies":[{"embeddable":true,"href":"https:\/\/avesaguiar.ch\/pt-pt\/wp-json\/wp\/v2\/comments?post=26960"}],"wp:featuredmedia":[{"embeddable":true,"href":"https:\/\/avesaguiar.ch\/pt-pt\/wp-json\/wp\/v2\/media\/25134"}],"wp:attachment":[{"href":"https:\/\/avesaguiar.ch\/pt-pt\/wp-json\/wp\/v2\/media?parent=26960"}],"wp:term":[{"taxonomy":"product_brand","embeddable":true,"href":"https:\/\/avesaguiar.ch\/pt-pt\/wp-json\/wp\/v2\/product_brand?post=26960"},{"taxonomy":"product_cat","embeddable":true,"href":"https:\/\/avesaguiar.ch\/pt-pt\/wp-json\/wp\/v2\/product_cat?post=26960"},{"taxonomy":"product_tag","embeddable":true,"href":"https:\/\/avesaguiar.ch\/pt-pt\/wp-json\/wp\/v2\/product_tag?post=26960"}],"curies":[{"name":"wp","href":"https:\/\/api.w.org\/{rel}","templated":true}]}}