{"id":26966,"date":"2025-03-16T14:59:11","date_gmt":"2025-03-16T14:59:11","guid":{"rendered":"https:\/\/avesaguiar.ch\/produit\/aquecedor-de-bebedouro-com-30-cm-de-diametro\/"},"modified":"2025-03-16T14:59:11","modified_gmt":"2025-03-16T14:59:11","slug":"aquecedor-de-bebedouro-com-30-cm-de-diametro","status":"publish","type":"product","link":"https:\/\/avesaguiar.ch\/pt-pt\/produit\/aquecedor-de-bebedouro-com-30-cm-de-diametro\/","title":{"rendered":"Aquecedor de bebedouro com 30 cm de di\u00e2metro"},"content":{"rendered":"<p>Aquecedor de bebedouro com 30cm de di\u00e2metro, 24V, 28W com adaptador de 24VDC <\/p>\n<p>\u00c9 absolutamente essencial garantir que as tuas galinhas tenham \u00e1gua \u00e0 temperatura certa.<\/p>\n<p>Com este bebedouro aquecido, podes ter a certeza de que a \u00e1gua das tuas galinhas n\u00e3o vai congelar durante os per\u00edodos mais frios do inverno.<\/p>\n<p>Esta base de bebedouro aquecida pode acomodar qualquer tipo de bebedouro at\u00e9 30 cm de di\u00e2metro.<\/p>\n<p>F\u00e1cil de utilizar, basta ligar a uma tomada exterior.<\/p>\n","protected":false},"excerpt":{"rendered":"<p>Aquecedor de bebedouro com 30cm de di\u00e2metro, 24V, 28W com adaptador de 24VDC \u00c9 absolutamente essencial garantir que as tuas galinhas tenham \u00e1gua \u00e0 temperatura certa. Com este bebedouro aquecido, podes ter a certeza de que a \u00e1gua das tuas galinhas n\u00e3o vai congelar durante os per\u00edodos mais frios do inverno. Esta base de bebedouro [&hellip;]<\/p>\n","protected":false},"featured_media":25145,"comment_status":"open","ping_status":"closed","template":"","meta":[],"product_brand":[187],"product_cat":[289,296,288,256],"product_tag":[],"class_list":{"0":"post-26966","1":"product","2":"type-product","3":"status-publish","4":"has-post-thumbnail","6":"product_brand-kinlys","7":"product_cat-acessorios-4","8":"product_cat-acessorios-5","9":"product_cat-aves-de-capoeira","10":"product_cat-pombos","11":"product_shipping_class-postpac-economia-2kg","14":"first","15":"instock","16":"shipping-taxable","17":"purchasable","18":"product-type-simple"},"jetpack_sharing_enabled":true,"_links":{"self":[{"href":"https:\/\/avesaguiar.ch\/pt-pt\/wp-json\/wp\/v2\/product\/26966","targetHints":{"allow":["GET"]}}],"collection":[{"href":"https:\/\/avesaguiar.ch\/pt-pt\/wp-json\/wp\/v2\/product"}],"about":[{"href":"https:\/\/avesaguiar.ch\/pt-pt\/wp-json\/wp\/v2\/types\/product"}],"replies":[{"embeddable":true,"href":"https:\/\/avesaguiar.ch\/pt-pt\/wp-json\/wp\/v2\/comments?post=26966"}],"wp:featuredmedia":[{"embeddable":true,"href":"https:\/\/avesaguiar.ch\/pt-pt\/wp-json\/wp\/v2\/media\/25145"}],"wp:attachment":[{"href":"https:\/\/avesaguiar.ch\/pt-pt\/wp-json\/wp\/v2\/media?parent=26966"}],"wp:term":[{"taxonomy":"product_brand","embeddable":true,"href":"https:\/\/avesaguiar.ch\/pt-pt\/wp-json\/wp\/v2\/product_brand?post=26966"},{"taxonomy":"product_cat","embeddable":true,"href":"https:\/\/avesaguiar.ch\/pt-pt\/wp-json\/wp\/v2\/product_cat?post=26966"},{"taxonomy":"product_tag","embeddable":true,"href":"https:\/\/avesaguiar.ch\/pt-pt\/wp-json\/wp\/v2\/product_tag?post=26966"}],"curies":[{"name":"wp","href":"https:\/\/api.w.org\/{rel}","templated":true}]}}