{"id":26992,"date":"2025-03-16T16:01:23","date_gmt":"2025-03-16T16:01:23","guid":{"rendered":"https:\/\/avesaguiar.ch\/produit\/comedouro-giratorio-em-aco-inoxidavel-2-tacas\/"},"modified":"2025-03-16T16:01:23","modified_gmt":"2025-03-16T16:01:23","slug":"comedouro-giratorio-em-aco-inoxidavel-2-tacas","status":"publish","type":"product","link":"https:\/\/avesaguiar.ch\/pt-pt\/produit\/comedouro-giratorio-em-aco-inoxidavel-2-tacas\/","title":{"rendered":"Comedouro girat\u00f3rio em a\u00e7o inoxid\u00e1vel 2 ta\u00e7as"},"content":{"rendered":"<p>Tabuleiro girat\u00f3rio com 2 ta\u00e7as para integra\u00e7\u00e3o nos pain\u00e9is do teu avi\u00e1rio ou caixas de cria\u00e7\u00e3o.<\/p>\n<p>\u00c9 pr\u00e1tico porque n\u00e3o tens de entrar nas gaiolas para alimentar os p\u00e1ssaros, para que n\u00e3o fujam e os teus p\u00e1ssaros reprodutores n\u00e3o fiquem stressados. Adequado para periquitos de bico reto, pequenos e m\u00e9dios. <\/p>\n<p>&nbsp;<\/p>\n<p><strong>Dimens\u00f5es :<\/strong><\/p>\n<p>Tamanho da moldura: 34,8 x 10,5 cm<\/p>\n","protected":false},"excerpt":{"rendered":"<p>Tabuleiro girat\u00f3rio com 2 ta\u00e7as para integra\u00e7\u00e3o nos pain\u00e9is do teu avi\u00e1rio ou caixas de cria\u00e7\u00e3o. \u00c9 pr\u00e1tico porque n\u00e3o tens de entrar nas gaiolas para alimentar os p\u00e1ssaros, para que n\u00e3o fujam e os teus p\u00e1ssaros reprodutores n\u00e3o fiquem stressados. Adequado para periquitos de bico reto, pequenos e m\u00e9dios. &nbsp; Dimens\u00f5es : Tamanho da [&hellip;]<\/p>\n","protected":false},"featured_media":25222,"comment_status":"open","ping_status":"closed","template":"","meta":[],"product_brand":[187],"product_cat":[284,251],"product_tag":[],"class_list":{"0":"post-26992","1":"product","2":"type-product","3":"status-publish","4":"has-post-thumbnail","6":"product_brand-kinlys","7":"product_cat-acessorios-3","8":"product_cat-aves","11":"first","12":"instock","13":"shipping-taxable","14":"purchasable","15":"product-type-simple"},"jetpack_sharing_enabled":true,"_links":{"self":[{"href":"https:\/\/avesaguiar.ch\/pt-pt\/wp-json\/wp\/v2\/product\/26992","targetHints":{"allow":["GET"]}}],"collection":[{"href":"https:\/\/avesaguiar.ch\/pt-pt\/wp-json\/wp\/v2\/product"}],"about":[{"href":"https:\/\/avesaguiar.ch\/pt-pt\/wp-json\/wp\/v2\/types\/product"}],"replies":[{"embeddable":true,"href":"https:\/\/avesaguiar.ch\/pt-pt\/wp-json\/wp\/v2\/comments?post=26992"}],"wp:featuredmedia":[{"embeddable":true,"href":"https:\/\/avesaguiar.ch\/pt-pt\/wp-json\/wp\/v2\/media\/25222"}],"wp:attachment":[{"href":"https:\/\/avesaguiar.ch\/pt-pt\/wp-json\/wp\/v2\/media?parent=26992"}],"wp:term":[{"taxonomy":"product_brand","embeddable":true,"href":"https:\/\/avesaguiar.ch\/pt-pt\/wp-json\/wp\/v2\/product_brand?post=26992"},{"taxonomy":"product_cat","embeddable":true,"href":"https:\/\/avesaguiar.ch\/pt-pt\/wp-json\/wp\/v2\/product_cat?post=26992"},{"taxonomy":"product_tag","embeddable":true,"href":"https:\/\/avesaguiar.ch\/pt-pt\/wp-json\/wp\/v2\/product_tag?post=26992"}],"curies":[{"name":"wp","href":"https:\/\/api.w.org\/{rel}","templated":true}]}}