{"id":27012,"date":"2025-03-23T12:43:26","date_gmt":"2025-03-23T12:43:26","guid":{"rendered":"https:\/\/avesaguiar.ch\/produit\/arnes-peru-m-50-60-cm\/"},"modified":"2025-03-23T12:43:26","modified_gmt":"2025-03-23T12:43:26","slug":"arnes-peru-m-50-60-cm","status":"publish","type":"product","link":"https:\/\/avesaguiar.ch\/pt-pt\/produit\/arnes-peru-m-50-60-cm\/","title":{"rendered":"Arn\u00eas Peru M 50 &#8211; 60 cm"},"content":{"rendered":"<p>Os arneses s\u00e3o perfeitos para o tempo frio. J\u00e1 n\u00e3o ter\u00e1s de p\u00f4r o casaco do teu c\u00e3o por cima da coleira, lutando para prender a trela. <\/p>\n<p>Este casaco tem uma fita de nylon e uma argola para que o possas prender diretamente.<\/p>\n<p>O casaco com arn\u00eas \u00e9 muito pr\u00e1tico para todos os animais de estima\u00e7\u00e3o. Para al\u00e9m de ser c\u00f3modo para ti, este casaco foi concebido com orif\u00edcios para as patas dianteiras e \u00e9 completamente aberto atr\u00e1s para oferecer uma total liberdade de movimentos, sem que o teu animal de estima\u00e7\u00e3o seja impedido de andar, correr ou deitar-se. \u00c9 ajust\u00e1vel com velcro e f\u00e1cil de vestir. Este casaco para c\u00e3es \u00e9 a melhor maneira de proteger o teu c\u00e3o do frio sem sacrificar o conforto.   <\/p>\n<p>Material: 100% poli\u00e9ster<\/p>\n<p>Tamanho M 50 &#8211; 60 cm<\/p>\n","protected":false},"excerpt":{"rendered":"<p>Os arneses s\u00e3o perfeitos para o tempo frio. J\u00e1 n\u00e3o ter\u00e1s de p\u00f4r o casaco do teu c\u00e3o por cima da coleira, lutando para prender a trela. Este casaco tem uma fita de nylon e uma argola para que o possas prender diretamente. O casaco com arn\u00eas \u00e9 muito pr\u00e1tico para todos os animais de [&hellip;]<\/p>\n","protected":false},"featured_media":25265,"comment_status":"open","ping_status":"closed","template":"","meta":[],"product_brand":[187],"product_cat":[266,265,264],"product_tag":[],"class_list":{"0":"post-27012","1":"product","2":"type-product","3":"status-publish","4":"has-post-thumbnail","6":"product_brand-kinlys","7":"product_cat-acessorios","8":"product_cat-camascobertores","9":"product_cat-cao","12":"first","13":"instock","14":"shipping-taxable","15":"purchasable","16":"product-type-simple"},"jetpack_sharing_enabled":true,"_links":{"self":[{"href":"https:\/\/avesaguiar.ch\/pt-pt\/wp-json\/wp\/v2\/product\/27012","targetHints":{"allow":["GET"]}}],"collection":[{"href":"https:\/\/avesaguiar.ch\/pt-pt\/wp-json\/wp\/v2\/product"}],"about":[{"href":"https:\/\/avesaguiar.ch\/pt-pt\/wp-json\/wp\/v2\/types\/product"}],"replies":[{"embeddable":true,"href":"https:\/\/avesaguiar.ch\/pt-pt\/wp-json\/wp\/v2\/comments?post=27012"}],"wp:featuredmedia":[{"embeddable":true,"href":"https:\/\/avesaguiar.ch\/pt-pt\/wp-json\/wp\/v2\/media\/25265"}],"wp:attachment":[{"href":"https:\/\/avesaguiar.ch\/pt-pt\/wp-json\/wp\/v2\/media?parent=27012"}],"wp:term":[{"taxonomy":"product_brand","embeddable":true,"href":"https:\/\/avesaguiar.ch\/pt-pt\/wp-json\/wp\/v2\/product_brand?post=27012"},{"taxonomy":"product_cat","embeddable":true,"href":"https:\/\/avesaguiar.ch\/pt-pt\/wp-json\/wp\/v2\/product_cat?post=27012"},{"taxonomy":"product_tag","embeddable":true,"href":"https:\/\/avesaguiar.ch\/pt-pt\/wp-json\/wp\/v2\/product_tag?post=27012"}],"curies":[{"name":"wp","href":"https:\/\/api.w.org\/{rel}","templated":true}]}}