{"id":27020,"date":"2025-03-23T12:54:24","date_gmt":"2025-03-23T12:54:24","guid":{"rendered":"https:\/\/avesaguiar.ch\/produit\/chumbo-de-couro-rosa-brilhante-110-cm\/"},"modified":"2025-03-23T12:54:24","modified_gmt":"2025-03-23T12:54:24","slug":"chumbo-de-couro-rosa-brilhante-110-cm","status":"publish","type":"product","link":"https:\/\/avesaguiar.ch\/pt-pt\/produit\/chumbo-de-couro-rosa-brilhante-110-cm\/","title":{"rendered":"Chumbo de couro rosa brilhante 110 cm"},"content":{"rendered":"<p>Trela em pele glac\u00e9 brilhante. Perfeito para usares no dia a dia na primavera, ver\u00e3o, outono e at\u00e9 nos dias frios de inverno. <\/p>\n<p>Design em tecido cor-de-rosa Perfeito para combinar com o colar Shiny Glaze.<\/p>\n<p>Tamanho:110 cm<\/p>\n","protected":false},"excerpt":{"rendered":"<p>Trela em pele glac\u00e9 brilhante. Perfeito para usares no dia a dia na primavera, ver\u00e3o, outono e at\u00e9 nos dias frios de inverno. Design em tecido cor-de-rosa Perfeito para combinar com o colar Shiny Glaze. Tamanho:110 cm<\/p>\n","protected":false},"featured_media":25289,"comment_status":"open","ping_status":"closed","template":"","meta":[],"product_brand":[187],"product_cat":[266,265,264],"product_tag":[],"class_list":{"0":"post-27020","1":"product","2":"type-product","3":"status-publish","4":"has-post-thumbnail","6":"product_brand-kinlys","7":"product_cat-acessorios","8":"product_cat-camascobertores","9":"product_cat-cao","12":"first","13":"instock","14":"shipping-taxable","15":"purchasable","16":"product-type-simple"},"jetpack_sharing_enabled":true,"_links":{"self":[{"href":"https:\/\/avesaguiar.ch\/pt-pt\/wp-json\/wp\/v2\/product\/27020","targetHints":{"allow":["GET"]}}],"collection":[{"href":"https:\/\/avesaguiar.ch\/pt-pt\/wp-json\/wp\/v2\/product"}],"about":[{"href":"https:\/\/avesaguiar.ch\/pt-pt\/wp-json\/wp\/v2\/types\/product"}],"replies":[{"embeddable":true,"href":"https:\/\/avesaguiar.ch\/pt-pt\/wp-json\/wp\/v2\/comments?post=27020"}],"wp:featuredmedia":[{"embeddable":true,"href":"https:\/\/avesaguiar.ch\/pt-pt\/wp-json\/wp\/v2\/media\/25289"}],"wp:attachment":[{"href":"https:\/\/avesaguiar.ch\/pt-pt\/wp-json\/wp\/v2\/media?parent=27020"}],"wp:term":[{"taxonomy":"product_brand","embeddable":true,"href":"https:\/\/avesaguiar.ch\/pt-pt\/wp-json\/wp\/v2\/product_brand?post=27020"},{"taxonomy":"product_cat","embeddable":true,"href":"https:\/\/avesaguiar.ch\/pt-pt\/wp-json\/wp\/v2\/product_cat?post=27020"},{"taxonomy":"product_tag","embeddable":true,"href":"https:\/\/avesaguiar.ch\/pt-pt\/wp-json\/wp\/v2\/product_tag?post=27020"}],"curies":[{"name":"wp","href":"https:\/\/api.w.org\/{rel}","templated":true}]}}