{"id":27025,"date":"2025-03-23T13:07:53","date_gmt":"2025-03-23T13:07:53","guid":{"rendered":"https:\/\/avesaguiar.ch\/produit\/taca-de-doces-para-caes-diametro-225x6-cm\/"},"modified":"2025-03-23T13:07:53","modified_gmt":"2025-03-23T13:07:53","slug":"taca-de-doces-para-caes-diametro-225x6-cm","status":"publish","type":"product","link":"https:\/\/avesaguiar.ch\/pt-pt\/produit\/taca-de-doces-para-caes-diametro-225x6-cm\/","title":{"rendered":"Ta\u00e7a de doces para c\u00e3es Di\u00e2metro 22,5&#215;6 cm"},"content":{"rendered":"<p>Tigela de polipropileno dur\u00e1vel com p\u00e9s antiderrapantes que evitam o movimento.<\/p>\n<p>A sua forma e cores cativantes tornam-na num design moderno que fica bem em qualquer ambiente.<\/p>\n<p>Cor: Dispon\u00edvel, azul marinho 1, branco 1<\/p>\n<p>Nota a cor nos comant\u00e1rios.<\/p>\n<p>Tamanho \u00d822,5x6cm, 500 ml<\/p>\n","protected":false},"excerpt":{"rendered":"<p>Tigela de polipropileno dur\u00e1vel com p\u00e9s antiderrapantes que evitam o movimento. A sua forma e cores cativantes tornam-na num design moderno que fica bem em qualquer ambiente. Cor: Dispon\u00edvel, azul marinho 1, branco 1 Nota a cor nos comant\u00e1rios. Tamanho \u00d822,5x6cm, 500 ml<\/p>\n","protected":false},"featured_media":25301,"comment_status":"open","ping_status":"closed","template":"","meta":[],"product_brand":[187],"product_cat":[266,264],"product_tag":[],"class_list":{"0":"post-27025","1":"product","2":"type-product","3":"status-publish","4":"has-post-thumbnail","6":"product_brand-kinlys","7":"product_cat-acessorios","8":"product_cat-cao","11":"first","12":"instock","13":"shipping-taxable","14":"purchasable","15":"product-type-simple"},"jetpack_sharing_enabled":true,"_links":{"self":[{"href":"https:\/\/avesaguiar.ch\/pt-pt\/wp-json\/wp\/v2\/product\/27025","targetHints":{"allow":["GET"]}}],"collection":[{"href":"https:\/\/avesaguiar.ch\/pt-pt\/wp-json\/wp\/v2\/product"}],"about":[{"href":"https:\/\/avesaguiar.ch\/pt-pt\/wp-json\/wp\/v2\/types\/product"}],"replies":[{"embeddable":true,"href":"https:\/\/avesaguiar.ch\/pt-pt\/wp-json\/wp\/v2\/comments?post=27025"}],"wp:featuredmedia":[{"embeddable":true,"href":"https:\/\/avesaguiar.ch\/pt-pt\/wp-json\/wp\/v2\/media\/25301"}],"wp:attachment":[{"href":"https:\/\/avesaguiar.ch\/pt-pt\/wp-json\/wp\/v2\/media?parent=27025"}],"wp:term":[{"taxonomy":"product_brand","embeddable":true,"href":"https:\/\/avesaguiar.ch\/pt-pt\/wp-json\/wp\/v2\/product_brand?post=27025"},{"taxonomy":"product_cat","embeddable":true,"href":"https:\/\/avesaguiar.ch\/pt-pt\/wp-json\/wp\/v2\/product_cat?post=27025"},{"taxonomy":"product_tag","embeddable":true,"href":"https:\/\/avesaguiar.ch\/pt-pt\/wp-json\/wp\/v2\/product_tag?post=27025"}],"curies":[{"name":"wp","href":"https:\/\/api.w.org\/{rel}","templated":true}]}}