{"id":27032,"date":"2025-03-23T13:18:11","date_gmt":"2025-03-23T13:18:11","guid":{"rendered":"https:\/\/avesaguiar.ch\/produit\/capacete-teddy-para-caes-s-m\/"},"modified":"2025-03-23T13:18:11","modified_gmt":"2025-03-23T13:18:11","slug":"capacete-teddy-para-caes-s-m","status":"publish","type":"product","link":"https:\/\/avesaguiar.ch\/pt-pt\/produit\/capacete-teddy-para-caes-s-m\/","title":{"rendered":"Capacete TEDDY para c\u00e3es S\/M"},"content":{"rendered":"<p>Capacete de coelho para c\u00e3es.<\/p>\n<p>Perfeito para estares na moda no outono e nos dias frios de inverno.<\/p>\n<p>Ajuste m\u00e1ximo com bot\u00f5es e orelhas de pel\u00facia.<\/p>\n","protected":false},"excerpt":{"rendered":"<p>Capacete de coelho para c\u00e3es. Perfeito para estares na moda no outono e nos dias frios de inverno. Ajuste m\u00e1ximo com bot\u00f5es e orelhas de pel\u00facia.<\/p>\n","protected":false},"featured_media":25313,"comment_status":"open","ping_status":"closed","template":"","meta":[],"product_brand":[187],"product_cat":[266,264],"product_tag":[],"class_list":{"0":"post-27032","1":"product","2":"type-product","3":"status-publish","4":"has-post-thumbnail","6":"product_brand-kinlys","7":"product_cat-acessorios","8":"product_cat-cao","11":"first","12":"instock","13":"shipping-taxable","14":"purchasable","15":"product-type-simple"},"jetpack_sharing_enabled":true,"_links":{"self":[{"href":"https:\/\/avesaguiar.ch\/pt-pt\/wp-json\/wp\/v2\/product\/27032","targetHints":{"allow":["GET"]}}],"collection":[{"href":"https:\/\/avesaguiar.ch\/pt-pt\/wp-json\/wp\/v2\/product"}],"about":[{"href":"https:\/\/avesaguiar.ch\/pt-pt\/wp-json\/wp\/v2\/types\/product"}],"replies":[{"embeddable":true,"href":"https:\/\/avesaguiar.ch\/pt-pt\/wp-json\/wp\/v2\/comments?post=27032"}],"wp:featuredmedia":[{"embeddable":true,"href":"https:\/\/avesaguiar.ch\/pt-pt\/wp-json\/wp\/v2\/media\/25313"}],"wp:attachment":[{"href":"https:\/\/avesaguiar.ch\/pt-pt\/wp-json\/wp\/v2\/media?parent=27032"}],"wp:term":[{"taxonomy":"product_brand","embeddable":true,"href":"https:\/\/avesaguiar.ch\/pt-pt\/wp-json\/wp\/v2\/product_brand?post=27032"},{"taxonomy":"product_cat","embeddable":true,"href":"https:\/\/avesaguiar.ch\/pt-pt\/wp-json\/wp\/v2\/product_cat?post=27032"},{"taxonomy":"product_tag","embeddable":true,"href":"https:\/\/avesaguiar.ch\/pt-pt\/wp-json\/wp\/v2\/product_tag?post=27032"}],"curies":[{"name":"wp","href":"https:\/\/api.w.org\/{rel}","templated":true}]}}