{"id":27034,"date":"2025-03-23T13:15:06","date_gmt":"2025-03-23T13:15:06","guid":{"rendered":"https:\/\/avesaguiar.ch\/produit\/caixa-de-transporte-para-caes-e-gatos\/"},"modified":"2025-03-23T13:15:06","modified_gmt":"2025-03-23T13:15:06","slug":"caixa-de-transporte-para-caes-e-gatos","status":"publish","type":"product","link":"https:\/\/avesaguiar.ch\/pt-pt\/produit\/caixa-de-transporte-para-caes-e-gatos\/","title":{"rendered":"Caixa de transporte para c\u00e3es e gatos"},"content":{"rendered":"<p>Uma caixa de transporte de pl\u00e1stico resistente com elevados padr\u00f5es de seguran\u00e7a.<\/p>\n<p>Ideal para transportar o teu c\u00e3o\/gato no comboio ou no carro.<\/p>\n<p>Tamanho m\u00e9dio 61x38x40cm<\/p>\n<p>Cor, cinzento<\/p>\n","protected":false},"excerpt":{"rendered":"<p>Uma caixa de transporte de pl\u00e1stico resistente com elevados padr\u00f5es de seguran\u00e7a. Ideal para transportar o teu c\u00e3o\/gato no comboio ou no carro. Tamanho m\u00e9dio 61x38x40cm Cor, cinzento<\/p>\n","protected":false},"featured_media":25307,"comment_status":"open","ping_status":"closed","template":"","meta":[],"product_brand":[187],"product_cat":[266,264],"product_tag":[],"class_list":{"0":"post-27034","1":"product","2":"type-product","3":"status-publish","4":"has-post-thumbnail","6":"product_brand-kinlys","7":"product_cat-acessorios","8":"product_cat-cao","11":"first","12":"instock","13":"shipping-taxable","14":"purchasable","15":"product-type-simple"},"jetpack_sharing_enabled":true,"_links":{"self":[{"href":"https:\/\/avesaguiar.ch\/pt-pt\/wp-json\/wp\/v2\/product\/27034","targetHints":{"allow":["GET"]}}],"collection":[{"href":"https:\/\/avesaguiar.ch\/pt-pt\/wp-json\/wp\/v2\/product"}],"about":[{"href":"https:\/\/avesaguiar.ch\/pt-pt\/wp-json\/wp\/v2\/types\/product"}],"replies":[{"embeddable":true,"href":"https:\/\/avesaguiar.ch\/pt-pt\/wp-json\/wp\/v2\/comments?post=27034"}],"wp:featuredmedia":[{"embeddable":true,"href":"https:\/\/avesaguiar.ch\/pt-pt\/wp-json\/wp\/v2\/media\/25307"}],"wp:attachment":[{"href":"https:\/\/avesaguiar.ch\/pt-pt\/wp-json\/wp\/v2\/media?parent=27034"}],"wp:term":[{"taxonomy":"product_brand","embeddable":true,"href":"https:\/\/avesaguiar.ch\/pt-pt\/wp-json\/wp\/v2\/product_brand?post=27034"},{"taxonomy":"product_cat","embeddable":true,"href":"https:\/\/avesaguiar.ch\/pt-pt\/wp-json\/wp\/v2\/product_cat?post=27034"},{"taxonomy":"product_tag","embeddable":true,"href":"https:\/\/avesaguiar.ch\/pt-pt\/wp-json\/wp\/v2\/product_tag?post=27034"}],"curies":[{"name":"wp","href":"https:\/\/api.w.org\/{rel}","templated":true}]}}