{"id":27045,"date":"2025-03-23T13:31:52","date_gmt":"2025-03-23T13:31:52","guid":{"rendered":"https:\/\/avesaguiar.ch\/produit\/coleira-para-caes-similicuir-nylon-20-30-cm-x-10-mm\/"},"modified":"2025-03-23T13:31:52","modified_gmt":"2025-03-23T13:31:52","slug":"coleira-para-caes-similicuir-nylon-20-30-cm-x-10-mm","status":"publish","type":"product","link":"https:\/\/avesaguiar.ch\/pt-pt\/produit\/coleira-para-caes-similicuir-nylon-20-30-cm-x-10-mm\/","title":{"rendered":"Coleira para c\u00e3es Similicuir-Nylon 20-30 cm x 10 mm"},"content":{"rendered":"<p>Colares de fivela com clipe ajust\u00e1vel e acolchoado em pele\/nylon, na moda.<\/p>\n<p>A superf\u00edcie superior \u00e9 feita de um material colorido, mas macio e flex\u00edvel. A elegante imita\u00e7\u00e3o de pele com decora\u00e7\u00e3o em relevo confere aos colares um aspeto \u00fanico e elegante. <\/p>\n<p>A parte inferior \u00e9 feita de nylon com acolchoamento macio no interior, o que d\u00e1 a sensa\u00e7\u00e3o de acolchoamento dos colch\u00f5es, torna-os mais confort\u00e1veis e n\u00e3o causa desgaste no pelo ou na pele do c\u00e3o, pelo que \u00e9 muito agrad\u00e1vel de usar.<\/p>\n<p>O clipe preto na fivela \u00e9 leve e resistente. Coloca-o r\u00e1pida e facilmente. Anel de tigela multifuncional de aspeto prateado para prender a trela.  <\/p>\n<p><strong>Cores: Dispon\u00edvel &#8211; Mostarda 2 Bordeaux 2<\/strong><\/p>\n<p><u>Nota a cor nos coment\u00e1rios<\/u><\/p>\n<p>Tamanho: 20-30 cm x 10mm<\/p>\n","protected":false},"excerpt":{"rendered":"<p>Colares de fivela com clipe ajust\u00e1vel e acolchoado em pele\/nylon, na moda. A superf\u00edcie superior \u00e9 feita de um material colorido, mas macio e flex\u00edvel. A elegante imita\u00e7\u00e3o de pele com decora\u00e7\u00e3o em relevo confere aos colares um aspeto \u00fanico e elegante. A parte inferior \u00e9 feita de nylon com acolchoamento macio no interior, o [&hellip;]<\/p>\n","protected":false},"featured_media":25332,"comment_status":"open","ping_status":"closed","template":"","meta":[],"product_brand":[187],"product_cat":[266,264],"product_tag":[],"class_list":{"0":"post-27045","1":"product","2":"type-product","3":"status-publish","4":"has-post-thumbnail","6":"product_brand-kinlys","7":"product_cat-acessorios","8":"product_cat-cao","11":"first","12":"instock","13":"shipping-taxable","14":"purchasable","15":"product-type-simple"},"jetpack_sharing_enabled":true,"_links":{"self":[{"href":"https:\/\/avesaguiar.ch\/pt-pt\/wp-json\/wp\/v2\/product\/27045","targetHints":{"allow":["GET"]}}],"collection":[{"href":"https:\/\/avesaguiar.ch\/pt-pt\/wp-json\/wp\/v2\/product"}],"about":[{"href":"https:\/\/avesaguiar.ch\/pt-pt\/wp-json\/wp\/v2\/types\/product"}],"replies":[{"embeddable":true,"href":"https:\/\/avesaguiar.ch\/pt-pt\/wp-json\/wp\/v2\/comments?post=27045"}],"wp:featuredmedia":[{"embeddable":true,"href":"https:\/\/avesaguiar.ch\/pt-pt\/wp-json\/wp\/v2\/media\/25332"}],"wp:attachment":[{"href":"https:\/\/avesaguiar.ch\/pt-pt\/wp-json\/wp\/v2\/media?parent=27045"}],"wp:term":[{"taxonomy":"product_brand","embeddable":true,"href":"https:\/\/avesaguiar.ch\/pt-pt\/wp-json\/wp\/v2\/product_brand?post=27045"},{"taxonomy":"product_cat","embeddable":true,"href":"https:\/\/avesaguiar.ch\/pt-pt\/wp-json\/wp\/v2\/product_cat?post=27045"},{"taxonomy":"product_tag","embeddable":true,"href":"https:\/\/avesaguiar.ch\/pt-pt\/wp-json\/wp\/v2\/product_tag?post=27045"}],"curies":[{"name":"wp","href":"https:\/\/api.w.org\/{rel}","templated":true}]}}