{"id":27076,"date":"2025-03-23T14:20:03","date_gmt":"2025-03-23T14:20:03","guid":{"rendered":"https:\/\/avesaguiar.ch\/produit\/almofada-oval-para-cao\/"},"modified":"2025-03-23T14:20:03","modified_gmt":"2025-03-23T14:20:03","slug":"almofada-oval-para-cao","status":"publish","type":"product","link":"https:\/\/avesaguiar.ch\/pt-pt\/produit\/almofada-oval-para-cao\/","title":{"rendered":"Almofada oval para c\u00e3o"},"content":{"rendered":"<p>Almofada oval para c\u00e3es e gatos fabricada com um tecido de poli\u00e9ster que impede que os l\u00edquidos sejam absorvidos pelo enchimento e, por conseguinte, retenham odores ou bact\u00e9rias.<br \/>\nAlmofada para c\u00e3es e gatos incontinentes, f\u00e1cil de limpar<br \/>\nO tecido de poli\u00e9ster torna a almofada para c\u00e3es e gatos f\u00e1cil de limpar, tornando-a um produto tamb\u00e9m adequado para os donos que procuram o m\u00e1ximo de praticidade.<br \/>\nO produto est\u00e1 dispon\u00edvel em duas variantes de cor: Laranja e Verde.<\/p>\n<p>Os tamanhos dispon\u00edveis s\u00e3o: 77x50cm e 45x30cm<\/p>\n<p>Escolhe o modelo que mais te conv\u00e9m!<\/p>\n","protected":false},"excerpt":{"rendered":"<p>Almofada oval para c\u00e3es e gatos fabricada com um tecido de poli\u00e9ster que impede que os l\u00edquidos sejam absorvidos pelo enchimento e, por conseguinte, retenham odores ou bact\u00e9rias. Almofada para c\u00e3es e gatos incontinentes, f\u00e1cil de limpar O tecido de poli\u00e9ster torna a almofada para c\u00e3es e gatos f\u00e1cil de limpar, tornando-a um produto tamb\u00e9m [&hellip;]<\/p>\n","protected":false},"featured_media":25384,"comment_status":"open","ping_status":"closed","template":"","meta":[],"product_brand":[187],"product_cat":[266,265,264],"product_tag":[],"class_list":{"0":"post-27076","1":"product","2":"type-product","3":"status-publish","4":"has-post-thumbnail","6":"product_brand-kinlys","7":"product_cat-acessorios","8":"product_cat-camascobertores","9":"product_cat-cao","10":"product_shipping_class-postpac-economia-2kg","13":"first","14":"instock","15":"shipping-taxable","16":"purchasable","17":"product-type-variable"},"jetpack_sharing_enabled":true,"_links":{"self":[{"href":"https:\/\/avesaguiar.ch\/pt-pt\/wp-json\/wp\/v2\/product\/27076","targetHints":{"allow":["GET"]}}],"collection":[{"href":"https:\/\/avesaguiar.ch\/pt-pt\/wp-json\/wp\/v2\/product"}],"about":[{"href":"https:\/\/avesaguiar.ch\/pt-pt\/wp-json\/wp\/v2\/types\/product"}],"replies":[{"embeddable":true,"href":"https:\/\/avesaguiar.ch\/pt-pt\/wp-json\/wp\/v2\/comments?post=27076"}],"wp:featuredmedia":[{"embeddable":true,"href":"https:\/\/avesaguiar.ch\/pt-pt\/wp-json\/wp\/v2\/media\/25384"}],"wp:attachment":[{"href":"https:\/\/avesaguiar.ch\/pt-pt\/wp-json\/wp\/v2\/media?parent=27076"}],"wp:term":[{"taxonomy":"product_brand","embeddable":true,"href":"https:\/\/avesaguiar.ch\/pt-pt\/wp-json\/wp\/v2\/product_brand?post=27076"},{"taxonomy":"product_cat","embeddable":true,"href":"https:\/\/avesaguiar.ch\/pt-pt\/wp-json\/wp\/v2\/product_cat?post=27076"},{"taxonomy":"product_tag","embeddable":true,"href":"https:\/\/avesaguiar.ch\/pt-pt\/wp-json\/wp\/v2\/product_tag?post=27076"}],"curies":[{"name":"wp","href":"https:\/\/api.w.org\/{rel}","templated":true}]}}