{"id":27109,"date":"2025-03-23T15:01:43","date_gmt":"2025-03-23T15:01:43","guid":{"rendered":"https:\/\/avesaguiar.ch\/produit\/bebedouro-petsafe-drinkwell-platinum-5l-solucoes-para-animais-de-estimacao\/"},"modified":"2025-03-23T15:01:43","modified_gmt":"2025-03-23T15:01:43","slug":"bebedouro-petsafe-drinkwell-platinum-5l-solucoes-para-animais-de-estimacao","status":"publish","type":"product","link":"https:\/\/avesaguiar.ch\/pt-pt\/produit\/bebedouro-petsafe-drinkwell-platinum-5l-solucoes-para-animais-de-estimacao\/","title":{"rendered":"Bebedouro PetSafe Drinkwell Platinum 5L &#8211; Solu\u00e7\u00f5es para animais de estima\u00e7\u00e3o"},"content":{"rendered":"<p>A fonte para animais de estima\u00e7\u00e3o Drinkwell\u00ae Platinum inclui o mesmo jato de \u00e1gua em cascata patenteado que a fonte para animais de estima\u00e7\u00e3o Drinkwell\u00ae Original.<\/p>\n<p>A \u00e1gua corrente incentiva os animais de estima\u00e7\u00e3o a beberem mais, mantendo-os felizes, hidratados e saud\u00e1veis.<\/p>\n<p>O bebedouro Platinum tamb\u00e9m inclui uma nova tampa de encaixe para evitar que seja retirada acidentalmente, um pr\u00e9-filtro que impede as part\u00edculas grandes de chegarem ao motor e uma bomba submers\u00edvel para um funcionamento praticamente silencioso<br \/>\nTamanho da ta\u00e7a<br \/>\nTem capacidade para 5 litros de \u00e1gua.<\/p>\n","protected":false},"excerpt":{"rendered":"<p>A fonte para animais de estima\u00e7\u00e3o Drinkwell\u00ae Platinum inclui o mesmo jato de \u00e1gua em cascata patenteado que a fonte para animais de estima\u00e7\u00e3o Drinkwell\u00ae Original. A \u00e1gua corrente incentiva os animais de estima\u00e7\u00e3o a beberem mais, mantendo-os felizes, hidratados e saud\u00e1veis. O bebedouro Platinum tamb\u00e9m inclui uma nova tampa de encaixe para evitar que [&hellip;]<\/p>\n","protected":false},"featured_media":25432,"comment_status":"open","ping_status":"closed","template":"","meta":[],"product_brand":[187],"product_cat":[266,273,264,272],"product_tag":[],"class_list":{"0":"post-27109","1":"product","2":"type-product","3":"status-publish","4":"has-post-thumbnail","6":"product_brand-kinlys","7":"product_cat-acessorios","8":"product_cat-acessorios-2","9":"product_cat-cao","10":"product_cat-gatos","13":"first","14":"instock","15":"shipping-taxable","16":"purchasable","17":"product-type-simple"},"jetpack_sharing_enabled":true,"_links":{"self":[{"href":"https:\/\/avesaguiar.ch\/pt-pt\/wp-json\/wp\/v2\/product\/27109","targetHints":{"allow":["GET"]}}],"collection":[{"href":"https:\/\/avesaguiar.ch\/pt-pt\/wp-json\/wp\/v2\/product"}],"about":[{"href":"https:\/\/avesaguiar.ch\/pt-pt\/wp-json\/wp\/v2\/types\/product"}],"replies":[{"embeddable":true,"href":"https:\/\/avesaguiar.ch\/pt-pt\/wp-json\/wp\/v2\/comments?post=27109"}],"wp:featuredmedia":[{"embeddable":true,"href":"https:\/\/avesaguiar.ch\/pt-pt\/wp-json\/wp\/v2\/media\/25432"}],"wp:attachment":[{"href":"https:\/\/avesaguiar.ch\/pt-pt\/wp-json\/wp\/v2\/media?parent=27109"}],"wp:term":[{"taxonomy":"product_brand","embeddable":true,"href":"https:\/\/avesaguiar.ch\/pt-pt\/wp-json\/wp\/v2\/product_brand?post=27109"},{"taxonomy":"product_cat","embeddable":true,"href":"https:\/\/avesaguiar.ch\/pt-pt\/wp-json\/wp\/v2\/product_cat?post=27109"},{"taxonomy":"product_tag","embeddable":true,"href":"https:\/\/avesaguiar.ch\/pt-pt\/wp-json\/wp\/v2\/product_tag?post=27109"}],"curies":[{"name":"wp","href":"https:\/\/api.w.org\/{rel}","templated":true}]}}