{"id":27116,"date":"2025-03-23T15:15:11","date_gmt":"2025-03-23T15:15:11","guid":{"rendered":"https:\/\/avesaguiar.ch\/produit\/arnes-de-couro-e-nylon-para-caes\/"},"modified":"2025-03-23T15:15:11","modified_gmt":"2025-03-23T15:15:11","slug":"arnes-de-couro-e-nylon-para-caes","status":"publish","type":"product","link":"https:\/\/avesaguiar.ch\/pt-pt\/produit\/arnes-de-couro-e-nylon-para-caes\/","title":{"rendered":"Arn\u00eas de couro e nylon para c\u00e3es"},"content":{"rendered":"<p>Fivela de fecho ajust\u00e1vel e almofadada em pele\/nylon, na moda.<\/p>\n<p>A superf\u00edcie superior \u00e9 feita de um material colorido, mas macio e flex\u00edvel. A elegante imita\u00e7\u00e3o de pele com decora\u00e7\u00e3o em relevo confere aos colares um aspeto \u00fanico e elegante. <\/p>\n<p>A parte inferior \u00e9 feita de nylon com acolchoamento macio no interior, o que d\u00e1 a sensa\u00e7\u00e3o de acolchoamento dos colch\u00f5es, torna-os mais confort\u00e1veis e n\u00e3o causa desgaste no pelo ou na pele do c\u00e3o, pelo que \u00e9 muito agrad\u00e1vel de usar.<\/p>\n<p>O clipe preto na fivela \u00e9 leve e resistente. Coloca-o r\u00e1pida e facilmente. Anel de tigela multifuncional de aspeto prateado para prender a trela.  <\/p>\n<p><strong>Cores: Azul-marinho\/Mostarda<\/strong><\/p>\n<p><u>Nota a cor nos coment\u00e1rios<\/u><\/p>\n<p>Tamanho: 50-75 cm x 20 mm<\/p>\n","protected":false},"excerpt":{"rendered":"<p>Fivela de fecho ajust\u00e1vel e almofadada em pele\/nylon, na moda. A superf\u00edcie superior \u00e9 feita de um material colorido, mas macio e flex\u00edvel. A elegante imita\u00e7\u00e3o de pele com decora\u00e7\u00e3o em relevo confere aos colares um aspeto \u00fanico e elegante. A parte inferior \u00e9 feita de nylon com acolchoamento macio no interior, o que d\u00e1 [&hellip;]<\/p>\n","protected":false},"featured_media":25454,"comment_status":"open","ping_status":"closed","template":"","meta":[],"product_brand":[187],"product_cat":[266,264],"product_tag":[],"class_list":{"0":"post-27116","1":"product","2":"type-product","3":"status-publish","4":"has-post-thumbnail","6":"product_brand-kinlys","7":"product_cat-acessorios","8":"product_cat-cao","9":"product_shipping_class-postpac-economia-2kg","12":"first","13":"instock","14":"shipping-taxable","15":"purchasable","16":"product-type-simple"},"jetpack_sharing_enabled":true,"_links":{"self":[{"href":"https:\/\/avesaguiar.ch\/pt-pt\/wp-json\/wp\/v2\/product\/27116","targetHints":{"allow":["GET"]}}],"collection":[{"href":"https:\/\/avesaguiar.ch\/pt-pt\/wp-json\/wp\/v2\/product"}],"about":[{"href":"https:\/\/avesaguiar.ch\/pt-pt\/wp-json\/wp\/v2\/types\/product"}],"replies":[{"embeddable":true,"href":"https:\/\/avesaguiar.ch\/pt-pt\/wp-json\/wp\/v2\/comments?post=27116"}],"wp:featuredmedia":[{"embeddable":true,"href":"https:\/\/avesaguiar.ch\/pt-pt\/wp-json\/wp\/v2\/media\/25454"}],"wp:attachment":[{"href":"https:\/\/avesaguiar.ch\/pt-pt\/wp-json\/wp\/v2\/media?parent=27116"}],"wp:term":[{"taxonomy":"product_brand","embeddable":true,"href":"https:\/\/avesaguiar.ch\/pt-pt\/wp-json\/wp\/v2\/product_brand?post=27116"},{"taxonomy":"product_cat","embeddable":true,"href":"https:\/\/avesaguiar.ch\/pt-pt\/wp-json\/wp\/v2\/product_cat?post=27116"},{"taxonomy":"product_tag","embeddable":true,"href":"https:\/\/avesaguiar.ch\/pt-pt\/wp-json\/wp\/v2\/product_tag?post=27116"}],"curies":[{"name":"wp","href":"https:\/\/api.w.org\/{rel}","templated":true}]}}