{"id":27118,"date":"2025-03-23T15:06:36","date_gmt":"2025-03-23T15:06:36","guid":{"rendered":"https:\/\/avesaguiar.ch\/produit\/tigela-de-viagem\/"},"modified":"2025-03-23T15:06:36","modified_gmt":"2025-03-23T15:06:36","slug":"tigela-de-viagem","status":"publish","type":"product","link":"https:\/\/avesaguiar.ch\/pt-pt\/produit\/tigela-de-viagem\/","title":{"rendered":"Tigela de viagem"},"content":{"rendered":"<p>Tigela de silicone leve e dobr\u00e1vel.<\/p>\n<p>Um acess\u00f3rio indispens\u00e1vel para quando passeias com o teu c\u00e3o.<\/p>\n<p>Esta bonita e colorida ta\u00e7a de silicone \u00e9 t\u00e3o pr\u00e1tica que se dobra e desdobra num instante. Extremamente male\u00e1vel, pode ser completamente achatada e guardada facilmente em qualquer mala de viagem. <\/p>\n<p>Esta ta\u00e7a de silicone de alta qualidade pode ser lavada na m\u00e1quina de lavar lou\u00e7a e \u00e9 f\u00e1cil de limpar.<\/p>\n<p>Cores: vermelho e azul<\/p>\n","protected":false},"excerpt":{"rendered":"<p>Tigela de silicone leve e dobr\u00e1vel. Um acess\u00f3rio indispens\u00e1vel para quando passeias com o teu c\u00e3o. Esta bonita e colorida ta\u00e7a de silicone \u00e9 t\u00e3o pr\u00e1tica que se dobra e desdobra num instante. Extremamente male\u00e1vel, pode ser completamente achatada e guardada facilmente em qualquer mala de viagem. Esta ta\u00e7a de silicone de alta qualidade pode [&hellip;]<\/p>\n","protected":false},"featured_media":25443,"comment_status":"open","ping_status":"closed","template":"","meta":[],"product_brand":[187],"product_cat":[266,264],"product_tag":[],"class_list":{"0":"post-27118","1":"product","2":"type-product","3":"status-publish","4":"has-post-thumbnail","6":"product_brand-kinlys","7":"product_cat-acessorios","8":"product_cat-cao","9":"product_shipping_class-postpac-economia-900g","12":"first","13":"instock","14":"shipping-taxable","15":"purchasable","16":"product-type-simple"},"jetpack_sharing_enabled":true,"_links":{"self":[{"href":"https:\/\/avesaguiar.ch\/pt-pt\/wp-json\/wp\/v2\/product\/27118","targetHints":{"allow":["GET"]}}],"collection":[{"href":"https:\/\/avesaguiar.ch\/pt-pt\/wp-json\/wp\/v2\/product"}],"about":[{"href":"https:\/\/avesaguiar.ch\/pt-pt\/wp-json\/wp\/v2\/types\/product"}],"replies":[{"embeddable":true,"href":"https:\/\/avesaguiar.ch\/pt-pt\/wp-json\/wp\/v2\/comments?post=27118"}],"wp:featuredmedia":[{"embeddable":true,"href":"https:\/\/avesaguiar.ch\/pt-pt\/wp-json\/wp\/v2\/media\/25443"}],"wp:attachment":[{"href":"https:\/\/avesaguiar.ch\/pt-pt\/wp-json\/wp\/v2\/media?parent=27118"}],"wp:term":[{"taxonomy":"product_brand","embeddable":true,"href":"https:\/\/avesaguiar.ch\/pt-pt\/wp-json\/wp\/v2\/product_brand?post=27118"},{"taxonomy":"product_cat","embeddable":true,"href":"https:\/\/avesaguiar.ch\/pt-pt\/wp-json\/wp\/v2\/product_cat?post=27118"},{"taxonomy":"product_tag","embeddable":true,"href":"https:\/\/avesaguiar.ch\/pt-pt\/wp-json\/wp\/v2\/product_tag?post=27118"}],"curies":[{"name":"wp","href":"https:\/\/api.w.org\/{rel}","templated":true}]}}