{"id":27123,"date":"2025-03-23T15:18:56","date_gmt":"2025-03-23T15:18:56","guid":{"rendered":"https:\/\/avesaguiar.ch\/produit\/arnes-de-couro-sueco-de-elite\/"},"modified":"2025-03-23T15:18:56","modified_gmt":"2025-03-23T15:18:56","slug":"arnes-de-couro-sueco-de-elite","status":"publish","type":"product","link":"https:\/\/avesaguiar.ch\/pt-pt\/produit\/arnes-de-couro-sueco-de-elite\/","title":{"rendered":"ARN\u00caS DE COURO SUECO DE ELITE"},"content":{"rendered":"<p>A linha Elite \u00e9 feita de couro grosso.<\/p>\n<p>Arreios em pele com os quais o teu c\u00e3o se vai sentir bem. As pe\u00e7as met\u00e1licas prateadas conferem ao artigo um aspeto nobre. A costura decorativa em contraste torna-o ainda mais atraente.  <\/p>\n<p>RECOMENDADO PARA AS SEGUINTES RA\u00c7AS DE C\u00c3ES<\/p>\n<p>Grande, a partir de 26 kg<\/p>\n<p>80cm a 90cm Tamanho do peito<\/p>\n<p>Coleur-MARRON<\/p>\n","protected":false},"excerpt":{"rendered":"<p>A linha Elite \u00e9 feita de couro grosso. Arreios em pele com os quais o teu c\u00e3o se vai sentir bem. As pe\u00e7as met\u00e1licas prateadas conferem ao artigo um aspeto nobre. A costura decorativa em contraste torna-o ainda mais atraente. RECOMENDADO PARA AS SEGUINTES RA\u00c7AS DE C\u00c3ES Grande, a partir de 26 kg 80cm a [&hellip;]<\/p>\n","protected":false},"featured_media":25466,"comment_status":"open","ping_status":"closed","template":"","meta":[],"product_brand":[187],"product_cat":[266,264],"product_tag":[],"class_list":{"0":"post-27123","1":"product","2":"type-product","3":"status-publish","4":"has-post-thumbnail","6":"product_brand-kinlys","7":"product_cat-acessorios","8":"product_cat-cao","11":"first","12":"instock","13":"shipping-taxable","14":"purchasable","15":"product-type-simple"},"jetpack_sharing_enabled":true,"_links":{"self":[{"href":"https:\/\/avesaguiar.ch\/pt-pt\/wp-json\/wp\/v2\/product\/27123","targetHints":{"allow":["GET"]}}],"collection":[{"href":"https:\/\/avesaguiar.ch\/pt-pt\/wp-json\/wp\/v2\/product"}],"about":[{"href":"https:\/\/avesaguiar.ch\/pt-pt\/wp-json\/wp\/v2\/types\/product"}],"replies":[{"embeddable":true,"href":"https:\/\/avesaguiar.ch\/pt-pt\/wp-json\/wp\/v2\/comments?post=27123"}],"wp:featuredmedia":[{"embeddable":true,"href":"https:\/\/avesaguiar.ch\/pt-pt\/wp-json\/wp\/v2\/media\/25466"}],"wp:attachment":[{"href":"https:\/\/avesaguiar.ch\/pt-pt\/wp-json\/wp\/v2\/media?parent=27123"}],"wp:term":[{"taxonomy":"product_brand","embeddable":true,"href":"https:\/\/avesaguiar.ch\/pt-pt\/wp-json\/wp\/v2\/product_brand?post=27123"},{"taxonomy":"product_cat","embeddable":true,"href":"https:\/\/avesaguiar.ch\/pt-pt\/wp-json\/wp\/v2\/product_cat?post=27123"},{"taxonomy":"product_tag","embeddable":true,"href":"https:\/\/avesaguiar.ch\/pt-pt\/wp-json\/wp\/v2\/product_tag?post=27123"}],"curies":[{"name":"wp","href":"https:\/\/api.w.org\/{rel}","templated":true}]}}