{"id":27129,"date":"2025-03-23T15:25:11","date_gmt":"2025-03-23T15:25:11","guid":{"rendered":"https:\/\/avesaguiar.ch\/produit\/kit-de-limpeza-petsafe-drinkwell\/"},"modified":"2025-03-23T15:25:11","modified_gmt":"2025-03-23T15:25:11","slug":"kit-de-limpeza-petsafe-drinkwell","status":"publish","type":"product","link":"https:\/\/avesaguiar.ch\/pt-pt\/produit\/kit-de-limpeza-petsafe-drinkwell\/","title":{"rendered":"Kit de limpeza Petsafe Drinkwell"},"content":{"rendered":"<p>Carater\u00edsticas<\/p>\n<p>O Kit de Limpeza de Fontes para Animais de Estima\u00e7\u00e3o \u00e9 uma forma simples de manter qualquer fonte Drinkwell\u00ae limpa. Este conjunto de tr\u00eas escovas \u00e9 ideal para limpar a fonte e a bomba do bebedouro. A escova grande, com a parte superior esponjosa, \u00e9 perfeita para ensaboar os lados da fonte e da ta\u00e7a. A escova pequena e flex\u00edvel remove facilmente a sujidade e as incrusta\u00e7\u00f5es da bomba para manter o bom funcionamento do teu animal de estima\u00e7\u00e3o. Com a escova m\u00e9dia, podes limpar o resto das pe\u00e7as da fonte.    <\/p>\n<p>As escovas alcan\u00e7am todas as superf\u00edcies, mesmo as mais dif\u00edceis de alcan\u00e7ar<\/p>\n<p>Se limpares a comida do teu animal com frequ\u00eancia, ela durar\u00e1 mais tempo<\/p>\n<p>Compat\u00edvel com todos os produtos Drinkwell para animais de estima\u00e7\u00e3o<\/p>\n<p>O sistema inclui:<\/p>\n<p>Escova de 32 cm de comprimento com cabe\u00e7a de 5 cm<\/p>\n<p>Escova de 31 cm de comprimento com cabe\u00e7a de 2 cm<\/p>\n<p>Escova de 14 cm de comprimento com cabe\u00e7a de 1 cm<\/p>\n","protected":false},"excerpt":{"rendered":"<p>Carater\u00edsticas O Kit de Limpeza de Fontes para Animais de Estima\u00e7\u00e3o \u00e9 uma forma simples de manter qualquer fonte Drinkwell\u00ae limpa. Este conjunto de tr\u00eas escovas \u00e9 ideal para limpar a fonte e a bomba do bebedouro. A escova grande, com a parte superior esponjosa, \u00e9 perfeita para ensaboar os lados da fonte e da [&hellip;]<\/p>\n","protected":false},"featured_media":25478,"comment_status":"open","ping_status":"closed","template":"","meta":[],"product_brand":[187],"product_cat":[266,264],"product_tag":[],"class_list":{"0":"post-27129","1":"product","2":"type-product","3":"status-publish","4":"has-post-thumbnail","6":"product_brand-kinlys","7":"product_cat-acessorios","8":"product_cat-cao","9":"product_shipping_class-postpac-economia-900g","12":"first","13":"instock","14":"shipping-taxable","15":"purchasable","16":"product-type-simple"},"jetpack_sharing_enabled":true,"_links":{"self":[{"href":"https:\/\/avesaguiar.ch\/pt-pt\/wp-json\/wp\/v2\/product\/27129","targetHints":{"allow":["GET"]}}],"collection":[{"href":"https:\/\/avesaguiar.ch\/pt-pt\/wp-json\/wp\/v2\/product"}],"about":[{"href":"https:\/\/avesaguiar.ch\/pt-pt\/wp-json\/wp\/v2\/types\/product"}],"replies":[{"embeddable":true,"href":"https:\/\/avesaguiar.ch\/pt-pt\/wp-json\/wp\/v2\/comments?post=27129"}],"wp:featuredmedia":[{"embeddable":true,"href":"https:\/\/avesaguiar.ch\/pt-pt\/wp-json\/wp\/v2\/media\/25478"}],"wp:attachment":[{"href":"https:\/\/avesaguiar.ch\/pt-pt\/wp-json\/wp\/v2\/media?parent=27129"}],"wp:term":[{"taxonomy":"product_brand","embeddable":true,"href":"https:\/\/avesaguiar.ch\/pt-pt\/wp-json\/wp\/v2\/product_brand?post=27129"},{"taxonomy":"product_cat","embeddable":true,"href":"https:\/\/avesaguiar.ch\/pt-pt\/wp-json\/wp\/v2\/product_cat?post=27129"},{"taxonomy":"product_tag","embeddable":true,"href":"https:\/\/avesaguiar.ch\/pt-pt\/wp-json\/wp\/v2\/product_tag?post=27129"}],"curies":[{"name":"wp","href":"https:\/\/api.w.org\/{rel}","templated":true}]}}