{"id":27138,"date":"2025-03-23T15:30:18","date_gmt":"2025-03-23T15:30:18","guid":{"rendered":"https:\/\/avesaguiar.ch\/produit\/jogos-para-caes-cotonosso\/"},"modified":"2025-03-23T15:30:18","modified_gmt":"2025-03-23T15:30:18","slug":"jogos-para-caes-cotonosso","status":"publish","type":"product","link":"https:\/\/avesaguiar.ch\/pt-pt\/produit\/jogos-para-caes-cotonosso\/","title":{"rendered":"Jogos para c\u00e3es Cotonosso"},"content":{"rendered":"<p>Brinquedo para c\u00e3es em fibra entran\u00e7ada, robusto, resistente e colorido.<\/p>\n<p>O algod\u00e3o \u00e9 uma ferramenta \u00fatil para limpar os dentes do teu c\u00e3o de uma forma divertida. Quando o c\u00e3o mastiga o fio, as fibras penetram no espa\u00e7o interdent\u00e1rio, limpando eficazmente os dentes. <\/p>\n<p>Tamb\u00e9m \u00e9 divertido brincar com o c\u00e3o.<\/p>\n<p>Conte\u00fado da embalagem<\/p>\n<p>algod\u00e3oosso 2 n\u00f3s lg 30 c m. 160 gr. .<\/p>\n","protected":false},"excerpt":{"rendered":"<p>Brinquedo para c\u00e3es em fibra entran\u00e7ada, robusto, resistente e colorido. O algod\u00e3o \u00e9 uma ferramenta \u00fatil para limpar os dentes do teu c\u00e3o de uma forma divertida. Quando o c\u00e3o mastiga o fio, as fibras penetram no espa\u00e7o interdent\u00e1rio, limpando eficazmente os dentes. Tamb\u00e9m \u00e9 divertido brincar com o c\u00e3o. Conte\u00fado da embalagem algod\u00e3oosso 2 [&hellip;]<\/p>\n","protected":false},"featured_media":25495,"comment_status":"open","ping_status":"closed","template":"","meta":[],"product_brand":[187],"product_cat":[266,264],"product_tag":[],"class_list":{"0":"post-27138","1":"product","2":"type-product","3":"status-publish","4":"has-post-thumbnail","6":"product_brand-kinlys","7":"product_cat-acessorios","8":"product_cat-cao","11":"first","12":"instock","13":"shipping-taxable","14":"purchasable","15":"product-type-simple"},"jetpack_sharing_enabled":true,"_links":{"self":[{"href":"https:\/\/avesaguiar.ch\/pt-pt\/wp-json\/wp\/v2\/product\/27138","targetHints":{"allow":["GET"]}}],"collection":[{"href":"https:\/\/avesaguiar.ch\/pt-pt\/wp-json\/wp\/v2\/product"}],"about":[{"href":"https:\/\/avesaguiar.ch\/pt-pt\/wp-json\/wp\/v2\/types\/product"}],"replies":[{"embeddable":true,"href":"https:\/\/avesaguiar.ch\/pt-pt\/wp-json\/wp\/v2\/comments?post=27138"}],"wp:featuredmedia":[{"embeddable":true,"href":"https:\/\/avesaguiar.ch\/pt-pt\/wp-json\/wp\/v2\/media\/25495"}],"wp:attachment":[{"href":"https:\/\/avesaguiar.ch\/pt-pt\/wp-json\/wp\/v2\/media?parent=27138"}],"wp:term":[{"taxonomy":"product_brand","embeddable":true,"href":"https:\/\/avesaguiar.ch\/pt-pt\/wp-json\/wp\/v2\/product_brand?post=27138"},{"taxonomy":"product_cat","embeddable":true,"href":"https:\/\/avesaguiar.ch\/pt-pt\/wp-json\/wp\/v2\/product_cat?post=27138"},{"taxonomy":"product_tag","embeddable":true,"href":"https:\/\/avesaguiar.ch\/pt-pt\/wp-json\/wp\/v2\/product_tag?post=27138"}],"curies":[{"name":"wp","href":"https:\/\/api.w.org\/{rel}","templated":true}]}}