{"id":27168,"date":"2025-02-25T21:10:43","date_gmt":"2025-02-25T21:10:43","guid":{"rendered":"https:\/\/avesaguiar.ch\/produit\/jutaalgodao-500g\/"},"modified":"2025-02-25T21:10:43","modified_gmt":"2025-02-25T21:10:43","slug":"jutaalgodao-500g","status":"publish","type":"product","link":"https:\/\/avesaguiar.ch\/pt-pt\/produit\/jutaalgodao-500g\/","title":{"rendered":"Juta,Algod\u00e3o 500g"},"content":{"rendered":"<p>A juta e o algod\u00e3o s\u00e3o um excelente material para fazer ninhos para v\u00e1rias aves, como can\u00e1rios, diamantes de gould e aves ex\u00f3ticas.<\/p>\n<p>Embalagem: 500g<\/p>\n","protected":false},"excerpt":{"rendered":"<p>A juta e o algod\u00e3o s\u00e3o um excelente material para fazer ninhos para v\u00e1rias aves, como can\u00e1rios, diamantes de gould e aves ex\u00f3ticas. Embalagem: 500g<\/p>\n","protected":false},"featured_media":24555,"comment_status":"open","ping_status":"closed","template":"","meta":[],"product_brand":[61],"product_cat":[251,298],"product_tag":[],"class_list":{"0":"post-27168","1":"product","2":"type-product","3":"status-publish","4":"has-post-thumbnail","6":"product_brand-2gr","7":"product_cat-aves","8":"product_cat-ninhos-e-materiais","9":"product_shipping_class-postpac-economia-900g","12":"first","13":"instock","14":"shipping-taxable","15":"purchasable","16":"product-type-simple"},"jetpack_sharing_enabled":true,"_links":{"self":[{"href":"https:\/\/avesaguiar.ch\/pt-pt\/wp-json\/wp\/v2\/product\/27168","targetHints":{"allow":["GET"]}}],"collection":[{"href":"https:\/\/avesaguiar.ch\/pt-pt\/wp-json\/wp\/v2\/product"}],"about":[{"href":"https:\/\/avesaguiar.ch\/pt-pt\/wp-json\/wp\/v2\/types\/product"}],"replies":[{"embeddable":true,"href":"https:\/\/avesaguiar.ch\/pt-pt\/wp-json\/wp\/v2\/comments?post=27168"}],"wp:featuredmedia":[{"embeddable":true,"href":"https:\/\/avesaguiar.ch\/pt-pt\/wp-json\/wp\/v2\/media\/24555"}],"wp:attachment":[{"href":"https:\/\/avesaguiar.ch\/pt-pt\/wp-json\/wp\/v2\/media?parent=27168"}],"wp:term":[{"taxonomy":"product_brand","embeddable":true,"href":"https:\/\/avesaguiar.ch\/pt-pt\/wp-json\/wp\/v2\/product_brand?post=27168"},{"taxonomy":"product_cat","embeddable":true,"href":"https:\/\/avesaguiar.ch\/pt-pt\/wp-json\/wp\/v2\/product_cat?post=27168"},{"taxonomy":"product_tag","embeddable":true,"href":"https:\/\/avesaguiar.ch\/pt-pt\/wp-json\/wp\/v2\/product_tag?post=27168"}],"curies":[{"name":"wp","href":"https:\/\/api.w.org\/{rel}","templated":true}]}}