{"id":27173,"date":"2025-02-25T21:30:14","date_gmt":"2025-02-25T21:30:14","guid":{"rendered":"https:\/\/avesaguiar.ch\/produit\/mistoanimal-vegetal-500g\/"},"modified":"2025-02-25T21:30:14","modified_gmt":"2025-02-25T21:30:14","slug":"mistoanimal-vegetal-500g","status":"publish","type":"product","link":"https:\/\/avesaguiar.ch\/pt-pt\/produit\/mistoanimal-vegetal-500g\/","title":{"rendered":"Misto,Animal Vegetal 500g"},"content":{"rendered":"<p>Uma mistura de fibras naturais utilizada por todos os tipos de aves para fazer os seus ninhos.<\/p>\n<p>Os materiais de primeira qualidade prov\u00eam de recursos naturais que as aves encontram na natureza<\/p>\n<p>s\u00e3o suaves e garantem uma boa absor\u00e7\u00e3o da humidade. 500g <\/p>\n","protected":false},"excerpt":{"rendered":"<p>Uma mistura de fibras naturais utilizada por todos os tipos de aves para fazer os seus ninhos. Os materiais de primeira qualidade prov\u00eam de recursos naturais que as aves encontram na natureza s\u00e3o suaves e garantem uma boa absor\u00e7\u00e3o da humidade. 500g<\/p>\n","protected":false},"featured_media":24562,"comment_status":"open","ping_status":"closed","template":"","meta":[],"product_brand":[61],"product_cat":[251,298],"product_tag":[],"class_list":{"0":"post-27173","1":"product","2":"type-product","3":"status-publish","4":"has-post-thumbnail","6":"product_brand-2gr","7":"product_cat-aves","8":"product_cat-ninhos-e-materiais","9":"product_shipping_class-postpac-economia-900g","12":"first","13":"instock","14":"shipping-taxable","15":"purchasable","16":"product-type-simple"},"jetpack_sharing_enabled":true,"_links":{"self":[{"href":"https:\/\/avesaguiar.ch\/pt-pt\/wp-json\/wp\/v2\/product\/27173","targetHints":{"allow":["GET"]}}],"collection":[{"href":"https:\/\/avesaguiar.ch\/pt-pt\/wp-json\/wp\/v2\/product"}],"about":[{"href":"https:\/\/avesaguiar.ch\/pt-pt\/wp-json\/wp\/v2\/types\/product"}],"replies":[{"embeddable":true,"href":"https:\/\/avesaguiar.ch\/pt-pt\/wp-json\/wp\/v2\/comments?post=27173"}],"wp:featuredmedia":[{"embeddable":true,"href":"https:\/\/avesaguiar.ch\/pt-pt\/wp-json\/wp\/v2\/media\/24562"}],"wp:attachment":[{"href":"https:\/\/avesaguiar.ch\/pt-pt\/wp-json\/wp\/v2\/media?parent=27173"}],"wp:term":[{"taxonomy":"product_brand","embeddable":true,"href":"https:\/\/avesaguiar.ch\/pt-pt\/wp-json\/wp\/v2\/product_brand?post=27173"},{"taxonomy":"product_cat","embeddable":true,"href":"https:\/\/avesaguiar.ch\/pt-pt\/wp-json\/wp\/v2\/product_cat?post=27173"},{"taxonomy":"product_tag","embeddable":true,"href":"https:\/\/avesaguiar.ch\/pt-pt\/wp-json\/wp\/v2\/product_tag?post=27173"}],"curies":[{"name":"wp","href":"https:\/\/api.w.org\/{rel}","templated":true}]}}