{"id":27247,"date":"2025-02-19T20:20:52","date_gmt":"2025-02-19T20:20:52","guid":{"rendered":"https:\/\/avesaguiar.ch\/produit\/pate-de-ovo-amarelo-gordo\/"},"modified":"2025-02-19T20:20:52","modified_gmt":"2025-02-19T20:20:52","slug":"pate-de-ovo-amarelo-gordo","status":"publish","type":"product","link":"https:\/\/avesaguiar.ch\/pt-pt\/produit\/pate-de-ovo-amarelo-gordo\/","title":{"rendered":"Pat\u00e9 de ovo amarelo gordo"},"content":{"rendered":"<p>Pat\u00e9 de ovo amarelo gordo<\/p>\n<div class=\"product__content\">\n<ul>\n<li>\u00c9 um pat\u00e9 de ovos pronto a usar, feito a partir de ovos frescos.<\/li>\n<li>O pat\u00e9 de ovo \u00e9 humedecido com mel 100% natural e n\u00e3o cont\u00e9m gorduras animais adicionadas.<\/li>\n<li>\n<h5><strong>Dispon\u00edvel em 1kg, 4kg e 10kg.<\/strong><\/h5>\n<\/li>\n<\/ul>\n<\/div>\n<div class=\"product__composition\">\n<div class=\"product__composition-summary\" tabindex=\"0\" role=\"button\" data-groupid=\"composition\" data-target=\"[san-id='open-composition']\" data-state=\"open\" data-classlist=\"open\" aria-expanded=\"false\">Composi\u00e7\u00e3o<\/div>\n<div class=\"product__composition-details open\">P\u00e3o ralado 48%, ovos desidratados 1,5%, a\u00e7\u00facar 14%, N\u00edger 1,1%, concentrado proteico de soja 11%, perilla castanha 1,1%, soja tostada, 10% de levedura 1,0%, \u00f3leo de palmiste 7%, mel 0,1%.<\/div>\n<\/div>\n<div class=\"product__ingredients\">\n<div class=\"product__ingredients-summary\" tabindex=\"0\" role=\"button\" data-groupid=\"ingredients\" data-target=\"[san-id='open-ingredients']\" data-state=\"open\" data-classlist=\"open\" aria-expanded=\"false\">Componentes anal\u00edticos<\/div>\n<div class=\"product__ingredients-details open\">Prote\u00edna bruta 17,2%, fibra bruta 2,7%, gordura bruta 14,6%, cinza bruta 3,5%.<\/div>\n<\/div>\n","protected":false},"excerpt":{"rendered":"<p>Pat\u00e9 de ovo amarelo gordo \u00c9 um pat\u00e9 de ovos pronto a usar, feito a partir de ovos frescos. O pat\u00e9 de ovo \u00e9 humedecido com mel 100% natural e n\u00e3o cont\u00e9m gorduras animais adicionadas. Dispon\u00edvel em 1kg, 4kg e 10kg. Composi\u00e7\u00e3o P\u00e3o ralado 48%, ovos desidratados 1,5%, a\u00e7\u00facar 14%, N\u00edger 1,1%, concentrado proteico de [&hellip;]<\/p>\n","protected":false},"featured_media":24405,"comment_status":"open","ping_status":"closed","template":"","meta":[],"product_brand":[184],"product_cat":[243,251],"product_tag":[],"class_list":{"0":"post-27247","1":"product","2":"type-product","3":"status-publish","4":"has-post-thumbnail","6":"product_brand-deli-nature","7":"product_cat-alimentacao-electrica-2","8":"product_cat-aves","11":"first","12":"instock","13":"shipping-taxable","14":"purchasable","15":"product-type-variable"},"jetpack_sharing_enabled":true,"_links":{"self":[{"href":"https:\/\/avesaguiar.ch\/pt-pt\/wp-json\/wp\/v2\/product\/27247","targetHints":{"allow":["GET"]}}],"collection":[{"href":"https:\/\/avesaguiar.ch\/pt-pt\/wp-json\/wp\/v2\/product"}],"about":[{"href":"https:\/\/avesaguiar.ch\/pt-pt\/wp-json\/wp\/v2\/types\/product"}],"replies":[{"embeddable":true,"href":"https:\/\/avesaguiar.ch\/pt-pt\/wp-json\/wp\/v2\/comments?post=27247"}],"wp:featuredmedia":[{"embeddable":true,"href":"https:\/\/avesaguiar.ch\/pt-pt\/wp-json\/wp\/v2\/media\/24405"}],"wp:attachment":[{"href":"https:\/\/avesaguiar.ch\/pt-pt\/wp-json\/wp\/v2\/media?parent=27247"}],"wp:term":[{"taxonomy":"product_brand","embeddable":true,"href":"https:\/\/avesaguiar.ch\/pt-pt\/wp-json\/wp\/v2\/product_brand?post=27247"},{"taxonomy":"product_cat","embeddable":true,"href":"https:\/\/avesaguiar.ch\/pt-pt\/wp-json\/wp\/v2\/product_cat?post=27247"},{"taxonomy":"product_tag","embeddable":true,"href":"https:\/\/avesaguiar.ch\/pt-pt\/wp-json\/wp\/v2\/product_tag?post=27247"}],"curies":[{"name":"wp","href":"https:\/\/api.w.org\/{rel}","templated":true}]}}