{"id":27287,"date":"2025-02-18T21:20:41","date_gmt":"2025-02-18T21:20:41","guid":{"rendered":"https:\/\/avesaguiar.ch\/produit\/papagaios-pantanal-birdelicious-2kg-deli-nature\/"},"modified":"2025-02-18T21:20:41","modified_gmt":"2025-02-18T21:20:41","slug":"papagaios-pantanal-birdelicious-2kg-deli-nature","status":"publish","type":"product","link":"https:\/\/avesaguiar.ch\/pt-pt\/produit\/papagaios-pantanal-birdelicious-2kg-deli-nature\/","title":{"rendered":"Papagaios Pantanal Birdelicious 2kg -Deli Nature"},"content":{"rendered":"<p>Birdelicious Papagaios do Pantanal<\/p>\n<div class=\"product__content\">\n<ul>\n<li>Mistura de alta qualidade para todas as esp\u00e9cies de araras, microglosses e Aratinga Guaruba.<\/li>\n<li>Uma grande variedade de 12% de frutos secos (castanhas do Brasil, nozes, nozes de cedro, amendoins descascados).<\/li>\n<li>Para al\u00e9m dos girass\u00f3is pretos (mais ricos em l\u00edpidos), os girass\u00f3is grandes estriados e brancos e&#8230;<\/li>\n<li>Enriquecido com papaia, anan\u00e1s, uvas, &#8230;<\/li>\n<li>Enriquecido com extrudados (contendo vitaminas, amino\u00e1cidos e oligoelementos adicionais).<\/li>\n<li>Enriquecido com gr\u00e3o de aves.<\/li>\n<li><strong>Dispon\u00edvel em 2kg<\/strong>.<\/li>\n<\/ul>\n<\/div>\n<div class=\"product__composition\">\n<div class=\"product__composition-summary\" tabindex=\"0\" role=\"button\" data-groupid=\"composition\" data-target=\"[san-id='open-composition']\" data-state=\"open\" data-classlist=\"open\" aria-expanded=\"false\">Composi\u00e7\u00e3o<\/div>\n<div class=\"product__composition-details open\">Sementes (1% de chia, 1% de quinoa), cereais, frutos de casca rija (3% de castanha de cedro, 3% de castanha do Brasil, 3% de amendoim, 1,5% de nozes), frutos (1,5% de rosa mosqueta seca, 0,8% de banana seca, 0,8% de cinza da montanha seca, 0,8% de anan\u00e1s seco, 0,8% de papaia seca), legumes (2% de cenoura seca, 0,7% de malagueta), minerais (2,5% de farinha de ave), subprodutos vegetais, leveduras, \u00f3leos e gorduras.<\/div>\n<\/div>\n<div class=\"product__ingredients\">\n<div class=\"product__ingredients-summary\" tabindex=\"0\" role=\"button\" data-groupid=\"ingredients\" data-target=\"[san-id='open-ingredients']\" data-state=\"open\" data-classlist=\"open\" aria-expanded=\"false\">Componentes anal\u00edticos<\/div>\n<div class=\"product__ingredients-details open\">14,5% de prote\u00edna bruta, 21% de gordura bruta, 4% de cinzas brutas, 16,5% de fibra bruta, 0,9% de c\u00e1lcio, 0,3% de f\u00f3sforo, 0,02% de s\u00f3dio, 0,4% de lisina, 0,2% de metionina<\/div>\n<\/div>\n","protected":false},"excerpt":{"rendered":"<p>Birdelicious Papagaios do Pantanal Mistura de alta qualidade para todas as esp\u00e9cies de araras, microglosses e Aratinga Guaruba. Uma grande variedade de 12% de frutos secos (castanhas do Brasil, nozes, nozes de cedro, amendoins descascados). Para al\u00e9m dos girass\u00f3is pretos (mais ricos em l\u00edpidos), os girass\u00f3is grandes estriados e brancos e&#8230; Enriquecido com papaia, anan\u00e1s, [&hellip;]<\/p>\n","protected":false},"featured_media":24317,"comment_status":"open","ping_status":"closed","template":"","meta":[],"product_brand":[184],"product_cat":[243,251],"product_tag":[],"class_list":{"0":"post-27287","1":"product","2":"type-product","3":"status-publish","4":"has-post-thumbnail","6":"product_brand-deli-nature","7":"product_cat-alimentacao-electrica-2","8":"product_cat-aves","11":"first","12":"outofstock","13":"shipping-taxable","14":"purchasable","15":"product-type-simple"},"jetpack_sharing_enabled":true,"_links":{"self":[{"href":"https:\/\/avesaguiar.ch\/pt-pt\/wp-json\/wp\/v2\/product\/27287","targetHints":{"allow":["GET"]}}],"collection":[{"href":"https:\/\/avesaguiar.ch\/pt-pt\/wp-json\/wp\/v2\/product"}],"about":[{"href":"https:\/\/avesaguiar.ch\/pt-pt\/wp-json\/wp\/v2\/types\/product"}],"replies":[{"embeddable":true,"href":"https:\/\/avesaguiar.ch\/pt-pt\/wp-json\/wp\/v2\/comments?post=27287"}],"wp:featuredmedia":[{"embeddable":true,"href":"https:\/\/avesaguiar.ch\/pt-pt\/wp-json\/wp\/v2\/media\/24317"}],"wp:attachment":[{"href":"https:\/\/avesaguiar.ch\/pt-pt\/wp-json\/wp\/v2\/media?parent=27287"}],"wp:term":[{"taxonomy":"product_brand","embeddable":true,"href":"https:\/\/avesaguiar.ch\/pt-pt\/wp-json\/wp\/v2\/product_brand?post=27287"},{"taxonomy":"product_cat","embeddable":true,"href":"https:\/\/avesaguiar.ch\/pt-pt\/wp-json\/wp\/v2\/product_cat?post=27287"},{"taxonomy":"product_tag","embeddable":true,"href":"https:\/\/avesaguiar.ch\/pt-pt\/wp-json\/wp\/v2\/product_tag?post=27287"}],"curies":[{"name":"wp","href":"https:\/\/api.w.org\/{rel}","templated":true}]}}