{"id":27289,"date":"2025-02-18T21:15:25","date_gmt":"2025-02-18T21:15:25","guid":{"rendered":"https:\/\/avesaguiar.ch\/produit\/amazonia-birdelicious-papagaios-2kg-deli-nature\/"},"modified":"2025-02-18T21:15:25","modified_gmt":"2025-02-18T21:15:25","slug":"amazonia-birdelicious-papagaios-2kg-deli-nature","status":"publish","type":"product","link":"https:\/\/avesaguiar.ch\/pt-pt\/produit\/amazonia-birdelicious-papagaios-2kg-deli-nature\/","title":{"rendered":"Amazonia Birdelicious Papagaios 2kg &#8211; Deli Nature"},"content":{"rendered":"<p>Amaz\u00f3nia Birdelicious papagaios<\/p>\n<div class=\"product__content\">\n<p>Alimento completo para papagaios sul-americanos enriquecido com :<\/p>\n<ul>\n<li>Com produtos extrudidos que fornecem vitaminas e minerais.<\/li>\n<li>Grit para um sistema digestivo saud\u00e1vel.<\/li>\n<li>Frutos e sementes silvestres.<\/li>\n<\/ul>\n<p>Dispon\u00edvel em 2kg.<\/p>\n<\/div>\n<div class=\"product__composition\">\n<div class=\"product__composition-summary\" tabindex=\"0\" role=\"button\" data-groupid=\"composition\" data-target=\"[san-id='open-composition']\" data-state=\"open\" data-classlist=\"open\" aria-expanded=\"false\">Composi\u00e7\u00e3o<\/div>\n<div class=\"product__composition-details open\">Cereais, sementes (1% de chia, 1% de quinoa), frutos (2% de uvas secas, 2% de bananas secas, 1,7% de rosa mosqueta seca, 1,7% de bagas de zimbro secas, 1,7% de sorveira seca, 1,7% de anan\u00e1s seco, 1,7% de papaia desidratada, 0,8% de ma\u00e7\u00e3 desidratada), legumes (2% de cenoura desidratada, 0,8% de malagueta), minerais (2% de farinha de ave), frutos de casca rija (2% de amendoim), subprodutos vegetais, levedura, \u00f3leos e gorduras.<\/div>\n<\/div>\n<div class=\"product__ingredients\">\n<div class=\"product__ingredients-summary\" tabindex=\"0\" role=\"button\" data-groupid=\"ingredients\" data-target=\"[san-id='open-ingredients']\" data-state=\"open\" data-classlist=\"open\" aria-expanded=\"false\">Componentes anal\u00edticos<\/div>\n<p class=\"product__ingredients-details open\">12% de prote\u00edna bruta, 13% de gordura bruta, 4,5% de cinzas brutas, 13% de fibra bruta, 0,8% de c\u00e1lcio, 0,3% de f\u00f3sforo, 0,03% de s\u00f3dio, 0,4% de lisina, 0,2% de metionina<\/p>\n<\/div>\n","protected":false},"excerpt":{"rendered":"<p>Amaz\u00f3nia Birdelicious papagaios Alimento completo para papagaios sul-americanos enriquecido com : Com produtos extrudidos que fornecem vitaminas e minerais. Grit para um sistema digestivo saud\u00e1vel. Frutos e sementes silvestres. Dispon\u00edvel em 2kg. Composi\u00e7\u00e3o Cereais, sementes (1% de chia, 1% de quinoa), frutos (2% de uvas secas, 2% de bananas secas, 1,7% de rosa mosqueta seca, [&hellip;]<\/p>\n","protected":false},"featured_media":24306,"comment_status":"open","ping_status":"closed","template":"","meta":[],"product_brand":[],"product_cat":[243,251],"product_tag":[],"class_list":{"0":"post-27289","1":"product","2":"type-product","3":"status-publish","4":"has-post-thumbnail","6":"product_cat-alimentacao-electrica-2","7":"product_cat-aves","10":"first","11":"instock","12":"shipping-taxable","13":"purchasable","14":"product-type-simple"},"jetpack_sharing_enabled":true,"_links":{"self":[{"href":"https:\/\/avesaguiar.ch\/pt-pt\/wp-json\/wp\/v2\/product\/27289","targetHints":{"allow":["GET"]}}],"collection":[{"href":"https:\/\/avesaguiar.ch\/pt-pt\/wp-json\/wp\/v2\/product"}],"about":[{"href":"https:\/\/avesaguiar.ch\/pt-pt\/wp-json\/wp\/v2\/types\/product"}],"replies":[{"embeddable":true,"href":"https:\/\/avesaguiar.ch\/pt-pt\/wp-json\/wp\/v2\/comments?post=27289"}],"wp:featuredmedia":[{"embeddable":true,"href":"https:\/\/avesaguiar.ch\/pt-pt\/wp-json\/wp\/v2\/media\/24306"}],"wp:attachment":[{"href":"https:\/\/avesaguiar.ch\/pt-pt\/wp-json\/wp\/v2\/media?parent=27289"}],"wp:term":[{"taxonomy":"product_brand","embeddable":true,"href":"https:\/\/avesaguiar.ch\/pt-pt\/wp-json\/wp\/v2\/product_brand?post=27289"},{"taxonomy":"product_cat","embeddable":true,"href":"https:\/\/avesaguiar.ch\/pt-pt\/wp-json\/wp\/v2\/product_cat?post=27289"},{"taxonomy":"product_tag","embeddable":true,"href":"https:\/\/avesaguiar.ch\/pt-pt\/wp-json\/wp\/v2\/product_tag?post=27289"}],"curies":[{"name":"wp","href":"https:\/\/api.w.org\/{rel}","templated":true}]}}