{"id":27307,"date":"2025-02-18T21:31:30","date_gmt":"2025-02-18T21:31:30","guid":{"rendered":"https:\/\/avesaguiar.ch\/produit\/parrots-down-under-birdelicious-2kg-deli-nature\/"},"modified":"2025-02-18T21:31:30","modified_gmt":"2025-02-18T21:31:30","slug":"parrots-down-under-birdelicious-2kg-deli-nature","status":"publish","type":"product","link":"https:\/\/avesaguiar.ch\/pt-pt\/produit\/parrots-down-under-birdelicious-2kg-deli-nature\/","title":{"rendered":"Parrots Down Under Birdelicious 2Kg-Deli Nature"},"content":{"rendered":"<p>Papagaios no mundo dos p\u00e1ssaros Birdelicious<\/p>\n<div class=\"product__content\">\n<ul>\n<li>Uma mistura que responde \u00e0s necessidades de todas as esp\u00e9cies de catatuas (exceto as microglosses).<\/li>\n<li>Mistura ligeira enriquecida com ervilhaca, cardo mariano e uma grande quantidade de pequenas sementes, como a alpista, o pain\u00e7o, etc.<\/li>\n<li>Com uvas, peda\u00e7os de ma\u00e7\u00e3, rodelas de banana, peda\u00e7os de cenoura e malaguetas.<\/li>\n<li>Enriquecido com extrudados (contendo vitaminas, amino\u00e1cidos e oligoelementos adicionais).<\/li>\n<li>Enriquecido com gr\u00e3o de aves.<\/li>\n<li>Dispon\u00edvel em 2kg.<\/li>\n<\/ul>\n<\/div>\n<div class=\"product__composition\">\n<div class=\"product__composition-summary\" tabindex=\"0\" role=\"button\" data-groupid=\"composition\" data-target=\"[san-id='open-composition']\" data-state=\"open\" data-classlist=\"open\" aria-expanded=\"false\">Composi\u00e7\u00e3o<\/div>\n<div class=\"product__composition-details open\">Sementes (1% de chia, 1% de quinoa), cereais, frutos (2% de banana seca, 0,8% de tramazeira seca, 1% de sultanas, 0,7% de roseira brava seca, 0,7% de bagas de zimbro secas, 0,7% de ma\u00e7\u00e3s secas), legumes (2% de cenouras secas, 0,7% de malaguetas), minerais (2,5% de farinha de ave), frutos de casca rija (1% de amendoins, 0,7% de nozes), subprodutos vegetais, leveduras, \u00f3leos e gorduras.<\/div>\n<\/div>\n<div class=\"product__ingredients\">\n<div class=\"product__ingredients-summary\" tabindex=\"0\" role=\"button\" data-groupid=\"ingredients\" data-target=\"[san-id='open-ingredients']\" data-state=\"open\" data-classlist=\"open\" aria-expanded=\"false\">Componentes anal\u00edticos<\/div>\n<div class=\"product__ingredients-details open\">13,5% de prote\u00edna bruta, 17% de gordura bruta, 4,5% de cinzas brutas, 15% de fibra bruta, 0,9% de c\u00e1lcio, 0,3% de f\u00f3sforo, 0,4% de lisina, 0,2% de metionina<\/div>\n<\/div>\n","protected":false},"excerpt":{"rendered":"<p>Papagaios no mundo dos p\u00e1ssaros Birdelicious Uma mistura que responde \u00e0s necessidades de todas as esp\u00e9cies de catatuas (exceto as microglosses). Mistura ligeira enriquecida com ervilhaca, cardo mariano e uma grande quantidade de pequenas sementes, como a alpista, o pain\u00e7o, etc. Com uvas, peda\u00e7os de ma\u00e7\u00e3, rodelas de banana, peda\u00e7os de cenoura e malaguetas. Enriquecido [&hellip;]<\/p>\n","protected":false},"featured_media":24339,"comment_status":"open","ping_status":"closed","template":"","meta":[],"product_brand":[184],"product_cat":[243,251],"product_tag":[],"class_list":{"0":"post-27307","1":"product","2":"type-product","3":"status-publish","4":"has-post-thumbnail","6":"product_brand-deli-nature","7":"product_cat-alimentacao-electrica-2","8":"product_cat-aves","11":"first","12":"instock","13":"shipping-taxable","14":"purchasable","15":"product-type-simple"},"jetpack_sharing_enabled":true,"_links":{"self":[{"href":"https:\/\/avesaguiar.ch\/pt-pt\/wp-json\/wp\/v2\/product\/27307","targetHints":{"allow":["GET"]}}],"collection":[{"href":"https:\/\/avesaguiar.ch\/pt-pt\/wp-json\/wp\/v2\/product"}],"about":[{"href":"https:\/\/avesaguiar.ch\/pt-pt\/wp-json\/wp\/v2\/types\/product"}],"replies":[{"embeddable":true,"href":"https:\/\/avesaguiar.ch\/pt-pt\/wp-json\/wp\/v2\/comments?post=27307"}],"wp:featuredmedia":[{"embeddable":true,"href":"https:\/\/avesaguiar.ch\/pt-pt\/wp-json\/wp\/v2\/media\/24339"}],"wp:attachment":[{"href":"https:\/\/avesaguiar.ch\/pt-pt\/wp-json\/wp\/v2\/media?parent=27307"}],"wp:term":[{"taxonomy":"product_brand","embeddable":true,"href":"https:\/\/avesaguiar.ch\/pt-pt\/wp-json\/wp\/v2\/product_brand?post=27307"},{"taxonomy":"product_cat","embeddable":true,"href":"https:\/\/avesaguiar.ch\/pt-pt\/wp-json\/wp\/v2\/product_cat?post=27307"},{"taxonomy":"product_tag","embeddable":true,"href":"https:\/\/avesaguiar.ch\/pt-pt\/wp-json\/wp\/v2\/product_tag?post=27307"}],"curies":[{"name":"wp","href":"https:\/\/api.w.org\/{rel}","templated":true}]}}