{"id":27324,"date":"2025-02-18T21:42:46","date_gmt":"2025-02-18T21:42:46","guid":{"rendered":"https:\/\/avesaguiar.ch\/produit\/pate-de-frutas-1kg\/"},"modified":"2025-02-18T21:42:46","modified_gmt":"2025-02-18T21:42:46","slug":"pate-de-frutas-1kg","status":"publish","type":"product","link":"https:\/\/avesaguiar.ch\/pt-pt\/produit\/pate-de-frutas-1kg\/","title":{"rendered":"Pat\u00ea de frutas 1Kg"},"content":{"rendered":"<p>Pat\u00ea de frutas 1Kg<\/p>\n<div class=\"product__content\">\n<ul>\n<li>\u00c9 um alimento para todas as esp\u00e9cies de aves frut\u00edvoras.<\/li>\n<li>A sobrecarga de ferro no f\u00edgado \u00e9 uma das principais causas de mortalidade nos frug\u00edvoros. Por conseguinte, \u00e9 de import\u00e2ncia vital que estas esp\u00e9cies sejam alimentadas com uma dieta pobre em ferro. O pat\u00e9 de fruta da Deli Nature tem um teor de ferro inferior a 60ppm, atualmente o mais baixo do mercado.  <\/li>\n<li>O pat\u00e9 de frutos cont\u00e9m uma grande quantidade de mel natural, o que o torna muito saboroso.<\/li>\n<li>A variedade de frutas (anan\u00e1s, papaia), bagas (sorveira e zimbro) e sultanas \u00e9 muito importante.<\/li>\n<li>Enriquecido com camar\u00f5es secos e gammarus para aumentar o teor de prote\u00ednas animais.<\/li>\n<li>\u00c9 tamb\u00e9m um complemento ideal para todos os grandes periquitos e papagaios que o adoram.<\/li>\n<li>Dispon\u00edvel em 1kg, 4kg e 10kg.<\/li>\n<\/ul>\n<\/div>\n<div class=\"product__composition\">\n<div class=\"product__composition-summary\" tabindex=\"0\" role=\"button\" data-groupid=\"composition\" data-target=\"[san-id='open-composition']\" data-state=\"open\" data-classlist=\"open\" aria-expanded=\"false\">Composi\u00e7\u00e3o<\/div>\n<div class=\"product__composition-details open\">P\u00e3o ralado 34%, papaia desidratada 2,0%, a\u00e7\u00facar 15%, anan\u00e1s desidratado 2,0%, trigo 10%, cinza de montanha 1,0%, gl\u00faten de milho 9%, zimbro 1,0%, \u00f3leo de palmiste 7%, levedura 0,50%, concentrado proteico de soja 5%, espirulina 0,20%, uvas 2,5%, cloreto de s\u00f3dio 0,16%, camar\u00e3o 2,4%, mel 0,10%.<\/div>\n<\/div>\n<div class=\"product__ingredients\">\n<div class=\"product__ingredients-summary\" tabindex=\"0\" role=\"button\" data-groupid=\"ingredients\" data-target=\"[san-id='open-ingredients']\" data-state=\"open\" data-classlist=\"open\" aria-expanded=\"false\">Componentes anal\u00edticos<\/div>\n<div class=\"product__ingredients-details open\">Prote\u00edna bruta 15,5%, fibra bruta 2%, gordura bruta 12,6%, cinza bruta 4,2%.<\/div>\n<\/div>\n","protected":false},"excerpt":{"rendered":"<p>Pat\u00ea de frutas 1Kg \u00c9 um alimento para todas as esp\u00e9cies de aves frut\u00edvoras. A sobrecarga de ferro no f\u00edgado \u00e9 uma das principais causas de mortalidade nos frug\u00edvoros. Por conseguinte, \u00e9 de import\u00e2ncia vital que estas esp\u00e9cies sejam alimentadas com uma dieta pobre em ferro. O pat\u00e9 de fruta da Deli Nature tem um [&hellip;]<\/p>\n","protected":false},"featured_media":24371,"comment_status":"open","ping_status":"closed","template":"","meta":[],"product_brand":[184],"product_cat":[243,251],"product_tag":[],"class_list":{"0":"post-27324","1":"product","2":"type-product","3":"status-publish","4":"has-post-thumbnail","6":"product_brand-deli-nature","7":"product_cat-alimentacao-electrica-2","8":"product_cat-aves","11":"first","12":"instock","13":"sale","14":"shipping-taxable","15":"purchasable","16":"product-type-simple"},"jetpack_sharing_enabled":true,"_links":{"self":[{"href":"https:\/\/avesaguiar.ch\/pt-pt\/wp-json\/wp\/v2\/product\/27324","targetHints":{"allow":["GET"]}}],"collection":[{"href":"https:\/\/avesaguiar.ch\/pt-pt\/wp-json\/wp\/v2\/product"}],"about":[{"href":"https:\/\/avesaguiar.ch\/pt-pt\/wp-json\/wp\/v2\/types\/product"}],"replies":[{"embeddable":true,"href":"https:\/\/avesaguiar.ch\/pt-pt\/wp-json\/wp\/v2\/comments?post=27324"}],"wp:featuredmedia":[{"embeddable":true,"href":"https:\/\/avesaguiar.ch\/pt-pt\/wp-json\/wp\/v2\/media\/24371"}],"wp:attachment":[{"href":"https:\/\/avesaguiar.ch\/pt-pt\/wp-json\/wp\/v2\/media?parent=27324"}],"wp:term":[{"taxonomy":"product_brand","embeddable":true,"href":"https:\/\/avesaguiar.ch\/pt-pt\/wp-json\/wp\/v2\/product_brand?post=27324"},{"taxonomy":"product_cat","embeddable":true,"href":"https:\/\/avesaguiar.ch\/pt-pt\/wp-json\/wp\/v2\/product_cat?post=27324"},{"taxonomy":"product_tag","embeddable":true,"href":"https:\/\/avesaguiar.ch\/pt-pt\/wp-json\/wp\/v2\/product_tag?post=27324"}],"curies":[{"name":"wp","href":"https:\/\/api.w.org\/{rel}","templated":true}]}}