{"id":27355,"date":"2025-01-09T13:29:25","date_gmt":"2025-01-09T13:29:25","guid":{"rendered":"https:\/\/avesaguiar.ch\/produit\/beyers-plus-thermae-bathsalt-sal-de-banho-com-oleos-essenciais-750gr\/"},"modified":"2025-01-09T13:29:25","modified_gmt":"2025-01-09T13:29:25","slug":"beyers-plus-thermae-bathsalt-sal-de-banho-com-oleos-essenciais-750gr","status":"publish","type":"product","link":"https:\/\/avesaguiar.ch\/pt-pt\/produit\/beyers-plus-thermae-bathsalt-sal-de-banho-com-oleos-essenciais-750gr\/","title":{"rendered":"Beyers plus- Thermae Bathsalt (sal de banho com \u00f3leos essenciais) 750gr"},"content":{"rendered":"<p>Thermae Bathsalt &#8211; 750 g<\/p>\n<p>SAL DE BANHO COM \u00d3LEOS ESSENCIAIS (PINHEIRO, EUCALIPTO, PIMENT\u00c3O)<\/p>\n<p>Os \u00f3leos essenciais t\u00eam uma a\u00e7\u00e3o antibacteriana.<\/p>\n<p>Garante uma plumagem flex\u00edvel, afastando os parasitas para um estado impec\u00e1vel.<\/p>\n<p>MODO DE USAR<\/p>\n<p>30 gr \/ 10 l de \u00e1gua de banho.<\/p>\n<p>Durante todo o ano: 1 x por semana<\/p>\n","protected":false},"excerpt":{"rendered":"<p>Durante todo o ano: 1 x por semana<\/p>\n","protected":false},"featured_media":22346,"comment_status":"open","ping_status":"closed","template":"","meta":[],"product_brand":[182],"product_cat":[319,256],"product_tag":[],"class_list":{"0":"post-27355","1":"product","2":"type-product","3":"status-publish","4":"has-post-thumbnail","6":"product_brand-beyers","7":"product_cat-limpeza-higiene","8":"product_cat-pombos","11":"first","12":"instock","13":"shipping-taxable","14":"purchasable","15":"product-type-simple"},"jetpack_sharing_enabled":true,"_links":{"self":[{"href":"https:\/\/avesaguiar.ch\/pt-pt\/wp-json\/wp\/v2\/product\/27355","targetHints":{"allow":["GET"]}}],"collection":[{"href":"https:\/\/avesaguiar.ch\/pt-pt\/wp-json\/wp\/v2\/product"}],"about":[{"href":"https:\/\/avesaguiar.ch\/pt-pt\/wp-json\/wp\/v2\/types\/product"}],"replies":[{"embeddable":true,"href":"https:\/\/avesaguiar.ch\/pt-pt\/wp-json\/wp\/v2\/comments?post=27355"}],"wp:featuredmedia":[{"embeddable":true,"href":"https:\/\/avesaguiar.ch\/pt-pt\/wp-json\/wp\/v2\/media\/22346"}],"wp:attachment":[{"href":"https:\/\/avesaguiar.ch\/pt-pt\/wp-json\/wp\/v2\/media?parent=27355"}],"wp:term":[{"taxonomy":"product_brand","embeddable":true,"href":"https:\/\/avesaguiar.ch\/pt-pt\/wp-json\/wp\/v2\/product_brand?post=27355"},{"taxonomy":"product_cat","embeddable":true,"href":"https:\/\/avesaguiar.ch\/pt-pt\/wp-json\/wp\/v2\/product_cat?post=27355"},{"taxonomy":"product_tag","embeddable":true,"href":"https:\/\/avesaguiar.ch\/pt-pt\/wp-json\/wp\/v2\/product_tag?post=27355"}],"curies":[{"name":"wp","href":"https:\/\/api.w.org\/{rel}","templated":true}]}}