{"id":27385,"date":"2025-01-09T22:05:18","date_gmt":"2025-01-09T22:05:18","guid":{"rendered":"https:\/\/avesaguiar.ch\/produit\/mineral-grit-rico-em-calcio-aves-660gr\/"},"modified":"2025-01-09T22:05:18","modified_gmt":"2025-01-09T22:05:18","slug":"mineral-grit-rico-em-calcio-aves-660gr","status":"publish","type":"product","link":"https:\/\/avesaguiar.ch\/pt-pt\/produit\/mineral-grit-rico-em-calcio-aves-660gr\/","title":{"rendered":"Mineral Grit (rico em c\u00e1lcio) Aves 660Gr"},"content":{"rendered":"<p><span style=\"font-family: Calibri;\">O gr\u00e3o \u00e9 essencial para uma boa digest\u00e3o. 660Gr <\/span><\/p>\n<p><span style=\"font-family: Calibri;\"><strong>\u00c9 uma mistura de areia, pequenas conchas e pequenos corais<\/strong>. O gr\u00e3o de ave tamb\u00e9m assegura <\/span><\/p>\n<p><span style=\"font-family: Calibri;\">assimila os alimentos e facilita a digest\u00e3o. Dispon\u00edvel ad libitum durante todo o ano.<\/span><\/p>\n<p>Componentes anal\u00edticos: <span style=\"font-family: Calibri;\">Cinza bruta 93,7%, c\u00e1lcio 25%, f\u00f3sforo 1,8%, s\u00f3dio 0,4%.<\/span><\/p>\n<p><span style=\"font-family: Calibri;\">Al\u00e9m disso, este suplemento alimentar d\u00e1 \u00e0s aves mais energia e ajuda a mant\u00ea-las de boa sa\u00fade.<\/span><\/p>\n<p><span style=\"font-family: Calibri;\">que \u00e9 essencial para o desenvolvimento do esqueleto e para a eclos\u00e3o de cascas de ovos s\u00f3lidas.<\/span><\/p>\n<p><span style=\"font-family: Calibri;\">Dispon\u00edvel durante todo o ano.<\/span><\/p>\n<p>&nbsp;<\/p>\n","protected":false},"excerpt":{"rendered":"<p>O gr\u00e3o \u00e9 essencial para uma boa digest\u00e3o. 660Gr \u00c9 uma mistura de areia, pequenas conchas e pequenos corais. O gr\u00e3o de ave tamb\u00e9m assegura assimila os alimentos e facilita a digest\u00e3o. Dispon\u00edvel ad libitum durante todo o ano. Componentes anal\u00edticos: Cinza bruta 93,7%, c\u00e1lcio 25%, f\u00f3sforo 1,8%, s\u00f3dio 0,4%. Al\u00e9m disso, este suplemento alimentar [&hellip;]<\/p>\n","protected":false},"featured_media":23855,"comment_status":"open","ping_status":"closed","template":"","meta":[],"product_brand":[182],"product_cat":[251,320,248],"product_tag":[],"class_list":{"0":"post-27385","1":"product","2":"type-product","3":"status-publish","4":"has-post-thumbnail","6":"product_brand-beyers","7":"product_cat-aves","8":"product_cat-limpeza-higiene-2","9":"product_cat-suplementos-alimentares-2","12":"first","13":"instock","14":"shipping-taxable","15":"purchasable","16":"product-type-simple"},"jetpack_sharing_enabled":true,"_links":{"self":[{"href":"https:\/\/avesaguiar.ch\/pt-pt\/wp-json\/wp\/v2\/product\/27385","targetHints":{"allow":["GET"]}}],"collection":[{"href":"https:\/\/avesaguiar.ch\/pt-pt\/wp-json\/wp\/v2\/product"}],"about":[{"href":"https:\/\/avesaguiar.ch\/pt-pt\/wp-json\/wp\/v2\/types\/product"}],"replies":[{"embeddable":true,"href":"https:\/\/avesaguiar.ch\/pt-pt\/wp-json\/wp\/v2\/comments?post=27385"}],"wp:featuredmedia":[{"embeddable":true,"href":"https:\/\/avesaguiar.ch\/pt-pt\/wp-json\/wp\/v2\/media\/23855"}],"wp:attachment":[{"href":"https:\/\/avesaguiar.ch\/pt-pt\/wp-json\/wp\/v2\/media?parent=27385"}],"wp:term":[{"taxonomy":"product_brand","embeddable":true,"href":"https:\/\/avesaguiar.ch\/pt-pt\/wp-json\/wp\/v2\/product_brand?post=27385"},{"taxonomy":"product_cat","embeddable":true,"href":"https:\/\/avesaguiar.ch\/pt-pt\/wp-json\/wp\/v2\/product_cat?post=27385"},{"taxonomy":"product_tag","embeddable":true,"href":"https:\/\/avesaguiar.ch\/pt-pt\/wp-json\/wp\/v2\/product_tag?post=27385"}],"curies":[{"name":"wp","href":"https:\/\/api.w.org\/{rel}","templated":true}]}}