{"id":27390,"date":"2025-01-09T22:32:54","date_gmt":"2025-01-09T22:32:54","guid":{"rendered":"https:\/\/avesaguiar.ch\/produit\/nectar-para-loris-e-loriquets-500g\/"},"modified":"2025-01-09T22:32:54","modified_gmt":"2025-01-09T22:32:54","slug":"nectar-para-loris-e-loriquets-500g","status":"publish","type":"product","link":"https:\/\/avesaguiar.ch\/pt-pt\/produit\/nectar-para-loris-e-loriquets-500g\/","title":{"rendered":"N\u00e9ctar para Loris e Loriquets 500g"},"content":{"rendered":"<p>Lorinec da gama Raggio di Sole \u00e9 um alimento completo formulado para os papagaios da subfam\u00edlia Loriinae.<\/p>\n<p>A presen\u00e7a de a\u00e7\u00facares essenciais, a suplementa\u00e7\u00e3o mineral-vitam\u00ednica equilibrada e espec\u00edfica e a excelente palatabilidade fazem deste produto a dieta ideal para l\u00f3ris e l\u00f3ris em todas as fases da vida.<\/p>\n","protected":false},"excerpt":{"rendered":"<p>Lorinec da gama Raggio di Sole \u00e9 um alimento completo formulado para os papagaios da subfam\u00edlia Loriinae. A presen\u00e7a de a\u00e7\u00facares essenciais, a suplementa\u00e7\u00e3o mineral-vitam\u00ednica equilibrada e espec\u00edfica e a excelente palatabilidade fazem deste produto a dieta ideal para l\u00f3ris e l\u00f3ris em todas as fases da vida.<\/p>\n","protected":false},"featured_media":23877,"comment_status":"open","ping_status":"closed","template":"","meta":[],"product_brand":[60],"product_cat":[243,251],"product_tag":[],"class_list":{"0":"post-27390","1":"product","2":"type-product","3":"status-publish","4":"has-post-thumbnail","6":"product_brand-raggio-di-sole","7":"product_cat-alimentacao-electrica-2","8":"product_cat-aves","11":"first","12":"instock","13":"shipping-taxable","14":"purchasable","15":"product-type-simple"},"jetpack_sharing_enabled":true,"_links":{"self":[{"href":"https:\/\/avesaguiar.ch\/pt-pt\/wp-json\/wp\/v2\/product\/27390","targetHints":{"allow":["GET"]}}],"collection":[{"href":"https:\/\/avesaguiar.ch\/pt-pt\/wp-json\/wp\/v2\/product"}],"about":[{"href":"https:\/\/avesaguiar.ch\/pt-pt\/wp-json\/wp\/v2\/types\/product"}],"replies":[{"embeddable":true,"href":"https:\/\/avesaguiar.ch\/pt-pt\/wp-json\/wp\/v2\/comments?post=27390"}],"wp:featuredmedia":[{"embeddable":true,"href":"https:\/\/avesaguiar.ch\/pt-pt\/wp-json\/wp\/v2\/media\/23877"}],"wp:attachment":[{"href":"https:\/\/avesaguiar.ch\/pt-pt\/wp-json\/wp\/v2\/media?parent=27390"}],"wp:term":[{"taxonomy":"product_brand","embeddable":true,"href":"https:\/\/avesaguiar.ch\/pt-pt\/wp-json\/wp\/v2\/product_brand?post=27390"},{"taxonomy":"product_cat","embeddable":true,"href":"https:\/\/avesaguiar.ch\/pt-pt\/wp-json\/wp\/v2\/product_cat?post=27390"},{"taxonomy":"product_tag","embeddable":true,"href":"https:\/\/avesaguiar.ch\/pt-pt\/wp-json\/wp\/v2\/product_tag?post=27390"}],"curies":[{"name":"wp","href":"https:\/\/api.w.org\/{rel}","templated":true}]}}