{"id":27425,"date":"2025-01-12T12:19:05","date_gmt":"2025-01-12T12:19:05","guid":{"rendered":"https:\/\/avesaguiar.ch\/produit\/patee-th-branco-extra-12kg-raggio-di-sole\/"},"modified":"2025-01-12T12:19:05","modified_gmt":"2025-01-12T12:19:05","slug":"patee-th-branco-extra-12kg-raggio-di-sole","status":"publish","type":"product","link":"https:\/\/avesaguiar.ch\/pt-pt\/produit\/patee-th-branco-extra-12kg-raggio-di-sole\/","title":{"rendered":"Pat\u00e9e TH Branco Extra 12kg &#8211; Raggio Di Sole"},"content":{"rendered":"<div class=\"contentContainer\">\n<div class=\"contentText\">\n<p>Pat\u00e9e TH Branco Extra 12kg &#8211; Raggio Di Sole<\/p>\n<p>Alimento completo para a cria\u00e7\u00e3o de aves gran\u00edvoras e mais especificamente para can\u00e1rios lipocrom\u00e1ticos &#8211; can\u00e1rios brancos, mosaicos, schimmels ou de postura.<\/p>\n<div class=\"contentContainer\">\n<div class=\"contentText\">\n<p>Alimento branco seco profissional \u00e0 base de biscoitos com clara de ovo, prote\u00ednas animais e vegetais nobres, rico em amino\u00e1cidos essenciais, para melhorar a degluti\u00e7\u00e3o dos pais e o desenvolvimento dos pintos.<\/p>\n<p>N\u00e3o cont\u00e9m corantes ou pigmentos que possam criar um dourado indesej\u00e1vel na plumagem.<\/p>\n<p>Recomenda-se a sua utiliza\u00e7\u00e3o humedecida com \u00e1gua, sumo de vegetais, sementes cozidas (Cucina) ou sementes germinadas (Germoglio), a partir de um m\u00eas antes da data de acasalamento e durante toda a \u00e9poca de reprodu\u00e7\u00e3o. \u00c9 ideal para animais jovens no momento do desmame. <\/p>\n<p>Informa\u00e7\u00f5es importantes e exclusivas Raggio di Sole :<\/p>\n<p>O balde de 4 kg de pat\u00e9 cont\u00e9m uma saqueta de 50 g de Fly Premix Pat\u00e9.<\/p>\n<p>Para os pacotes de 12 kg, ter\u00e1s tr\u00eas, ou seja, 150 g no total.<\/p>\n<p>Este p\u00f3 cont\u00e9m suplementos alimentares de alta qualidade que s\u00e3o muito ricos em nutrientes, como vitaminas, minerais e amino\u00e1cidos essenciais.<\/p>\n<p>N\u00e3o te esque\u00e7as que todos os alimentos que entram em contacto com o oxig\u00e9nio ou a luz se estragam ou oxidam r\u00e1pida e naturalmente.<\/p>\n<p>Modo de utiliza\u00e7\u00e3o da saqueta: Agita bem a Fly Premix 1% Paste antes de a utilizares (equivalente a 10 &#8211; 12 g\/kg).<\/p>\n<p>An\u00e1lise qu\u00edmica: Prote\u00edna 20,50%, Gordura 4,30%, Fibra 1,20%, Cinza 2,10%, Humidade 8,50<\/p>\n<\/div>\n<\/div>\n<\/div>\n<\/div>\n","protected":false},"excerpt":{"rendered":"<p>Pat\u00e9e TH Branco Extra 12kg &#8211; Raggio Di Sole Alimento completo para a cria\u00e7\u00e3o de aves gran\u00edvoras e mais especificamente para can\u00e1rios lipocrom\u00e1ticos &#8211; can\u00e1rios brancos, mosaicos, schimmels ou de postura. Alimento branco seco profissional \u00e0 base de biscoitos com clara de ovo, prote\u00ednas animais e vegetais nobres, rico em amino\u00e1cidos essenciais, para melhorar a [&hellip;]<\/p>\n","protected":false},"featured_media":24012,"comment_status":"open","ping_status":"closed","template":"","meta":[],"product_brand":[60],"product_cat":[243,251],"product_tag":[],"class_list":{"0":"post-27425","1":"product","2":"type-product","3":"status-publish","4":"has-post-thumbnail","6":"product_brand-raggio-di-sole","7":"product_cat-alimentacao-electrica-2","8":"product_cat-aves","11":"first","12":"instock","13":"shipping-taxable","14":"purchasable","15":"product-type-variable"},"jetpack_sharing_enabled":true,"_links":{"self":[{"href":"https:\/\/avesaguiar.ch\/pt-pt\/wp-json\/wp\/v2\/product\/27425","targetHints":{"allow":["GET"]}}],"collection":[{"href":"https:\/\/avesaguiar.ch\/pt-pt\/wp-json\/wp\/v2\/product"}],"about":[{"href":"https:\/\/avesaguiar.ch\/pt-pt\/wp-json\/wp\/v2\/types\/product"}],"replies":[{"embeddable":true,"href":"https:\/\/avesaguiar.ch\/pt-pt\/wp-json\/wp\/v2\/comments?post=27425"}],"wp:featuredmedia":[{"embeddable":true,"href":"https:\/\/avesaguiar.ch\/pt-pt\/wp-json\/wp\/v2\/media\/24012"}],"wp:attachment":[{"href":"https:\/\/avesaguiar.ch\/pt-pt\/wp-json\/wp\/v2\/media?parent=27425"}],"wp:term":[{"taxonomy":"product_brand","embeddable":true,"href":"https:\/\/avesaguiar.ch\/pt-pt\/wp-json\/wp\/v2\/product_brand?post=27425"},{"taxonomy":"product_cat","embeddable":true,"href":"https:\/\/avesaguiar.ch\/pt-pt\/wp-json\/wp\/v2\/product_cat?post=27425"},{"taxonomy":"product_tag","embeddable":true,"href":"https:\/\/avesaguiar.ch\/pt-pt\/wp-json\/wp\/v2\/product_tag?post=27425"}],"curies":[{"name":"wp","href":"https:\/\/api.w.org\/{rel}","templated":true}]}}