{"id":27534,"date":"2025-01-06T22:24:27","date_gmt":"2025-01-06T22:24:27","guid":{"rendered":"https:\/\/avesaguiar.ch\/produit\/ninho-de-plastico\/"},"modified":"2025-01-06T22:24:27","modified_gmt":"2025-01-06T22:24:27","slug":"ninho-de-plastico","status":"publish","type":"product","link":"https:\/\/avesaguiar.ch\/pt-pt\/produit\/ninho-de-plastico\/","title":{"rendered":"Ninho de pl\u00e1stico"},"content":{"rendered":"<p>Caixa de nidifica\u00e7\u00e3o em pl\u00e1stico para aves ex\u00f3ticas.<\/p>\n<p>Possui um poleiro amov\u00edvel na frente e 2 ganchos para pendurar o ninho dentro ou fora da gaiola.<\/p>\n<p>Uma abertura no topo da caixa de nidifica\u00e7\u00e3o permite um acesso f\u00e1cil ao ninho.<\/p>\n<p>Dimens\u00f5es: 13 x 10 x 9,5 cm<\/p>\n","protected":false},"excerpt":{"rendered":"<p>Caixa de nidifica\u00e7\u00e3o em pl\u00e1stico para aves ex\u00f3ticas. Possui um poleiro amov\u00edvel na frente e 2 ganchos para pendurar o ninho dentro ou fora da gaiola. Uma abertura no topo da caixa de nidifica\u00e7\u00e3o permite um acesso f\u00e1cil ao ninho. Dimens\u00f5es: 13 x 10 x 9,5 cm<\/p>\n","protected":false},"featured_media":23354,"comment_status":"open","ping_status":"closed","template":"","meta":[],"product_brand":[61],"product_cat":[251,298],"product_tag":[],"class_list":{"0":"post-27534","1":"product","2":"type-product","3":"status-publish","4":"has-post-thumbnail","6":"product_brand-2gr","7":"product_cat-aves","8":"product_cat-ninhos-e-materiais","9":"product_shipping_class-postpac-economia-900g","12":"first","13":"instock","14":"shipping-taxable","15":"purchasable","16":"product-type-simple"},"jetpack_sharing_enabled":true,"_links":{"self":[{"href":"https:\/\/avesaguiar.ch\/pt-pt\/wp-json\/wp\/v2\/product\/27534","targetHints":{"allow":["GET"]}}],"collection":[{"href":"https:\/\/avesaguiar.ch\/pt-pt\/wp-json\/wp\/v2\/product"}],"about":[{"href":"https:\/\/avesaguiar.ch\/pt-pt\/wp-json\/wp\/v2\/types\/product"}],"replies":[{"embeddable":true,"href":"https:\/\/avesaguiar.ch\/pt-pt\/wp-json\/wp\/v2\/comments?post=27534"}],"wp:featuredmedia":[{"embeddable":true,"href":"https:\/\/avesaguiar.ch\/pt-pt\/wp-json\/wp\/v2\/media\/23354"}],"wp:attachment":[{"href":"https:\/\/avesaguiar.ch\/pt-pt\/wp-json\/wp\/v2\/media?parent=27534"}],"wp:term":[{"taxonomy":"product_brand","embeddable":true,"href":"https:\/\/avesaguiar.ch\/pt-pt\/wp-json\/wp\/v2\/product_brand?post=27534"},{"taxonomy":"product_cat","embeddable":true,"href":"https:\/\/avesaguiar.ch\/pt-pt\/wp-json\/wp\/v2\/product_cat?post=27534"},{"taxonomy":"product_tag","embeddable":true,"href":"https:\/\/avesaguiar.ch\/pt-pt\/wp-json\/wp\/v2\/product_tag?post=27534"}],"curies":[{"name":"wp","href":"https:\/\/api.w.org\/{rel}","templated":true}]}}