{"id":27585,"date":"2025-01-09T11:49:27","date_gmt":"2025-01-09T11:49:27","guid":{"rendered":"https:\/\/avesaguiar.ch\/produit\/arranhadores-para-gatos-paris-arvore-de-compras\/"},"modified":"2025-01-09T11:49:27","modified_gmt":"2025-01-09T11:49:27","slug":"arranhadores-para-gatos-paris-arvore-de-compras","status":"publish","type":"product","link":"https:\/\/avesaguiar.ch\/pt-pt\/produit\/arranhadores-para-gatos-paris-arvore-de-compras\/","title":{"rendered":"Arranhadores para gatos Paris \u00e1rvore de compras"},"content":{"rendered":"<p>\u00c1rvore para gatos Paris Arranhadores para gatos, 103 x 50 x 240-260 cm<\/p>\n<p>Esta \u00e1rvore de brincar para gatos poupa muito espa\u00e7o e \u00e9 uma solu\u00e7\u00e3o divertida.<br \/>\nCom o seu design cl\u00e1ssico e luxuoso, oferece muitas formas e muito espa\u00e7o para o teu gato saltar, brincar, fazer exerc\u00edcio ou dormir uma sesta.<br \/>\nUma \u00e1rvore para gatos \u00e9 o passatempo preferido de todos os gatos.<br \/>\nUma \u00e1rvore para gatos permite que os gatos arranhem as unhas e mant\u00e9m os teus m\u00f3veis intactos.<br \/>\nTamb\u00e9m \u00e9 perfeita como local para dormir ou como um ref\u00fagio acolhedor.<\/p>\n","protected":false},"excerpt":{"rendered":"<p>A \u00e1rvore do gato \u00e9 o passatempo preferido de todos os gatos.<\/p>\n","protected":false},"featured_media":23667,"comment_status":"open","ping_status":"closed","template":"","meta":[],"product_brand":[60],"product_cat":[273,272],"product_tag":[],"class_list":{"0":"post-27585","1":"product","2":"type-product","3":"status-publish","4":"has-post-thumbnail","6":"product_brand-raggio-di-sole","7":"product_cat-acessorios-2","8":"product_cat-gatos","11":"first","12":"instock","13":"sale","14":"shipping-taxable","15":"purchasable","16":"product-type-simple"},"jetpack_sharing_enabled":true,"_links":{"self":[{"href":"https:\/\/avesaguiar.ch\/pt-pt\/wp-json\/wp\/v2\/product\/27585","targetHints":{"allow":["GET"]}}],"collection":[{"href":"https:\/\/avesaguiar.ch\/pt-pt\/wp-json\/wp\/v2\/product"}],"about":[{"href":"https:\/\/avesaguiar.ch\/pt-pt\/wp-json\/wp\/v2\/types\/product"}],"replies":[{"embeddable":true,"href":"https:\/\/avesaguiar.ch\/pt-pt\/wp-json\/wp\/v2\/comments?post=27585"}],"wp:featuredmedia":[{"embeddable":true,"href":"https:\/\/avesaguiar.ch\/pt-pt\/wp-json\/wp\/v2\/media\/23667"}],"wp:attachment":[{"href":"https:\/\/avesaguiar.ch\/pt-pt\/wp-json\/wp\/v2\/media?parent=27585"}],"wp:term":[{"taxonomy":"product_brand","embeddable":true,"href":"https:\/\/avesaguiar.ch\/pt-pt\/wp-json\/wp\/v2\/product_brand?post=27585"},{"taxonomy":"product_cat","embeddable":true,"href":"https:\/\/avesaguiar.ch\/pt-pt\/wp-json\/wp\/v2\/product_cat?post=27585"},{"taxonomy":"product_tag","embeddable":true,"href":"https:\/\/avesaguiar.ch\/pt-pt\/wp-json\/wp\/v2\/product_tag?post=27585"}],"curies":[{"name":"wp","href":"https:\/\/api.w.org\/{rel}","templated":true}]}}