{"id":27649,"date":"2025-01-05T21:42:42","date_gmt":"2025-01-05T21:42:42","guid":{"rendered":"https:\/\/avesaguiar.ch\/produit\/gaiola-de-transporte\/"},"modified":"2025-01-05T21:42:42","modified_gmt":"2025-01-05T21:42:42","slug":"gaiola-de-transporte","status":"publish","type":"product","link":"https:\/\/avesaguiar.ch\/pt-pt\/produit\/gaiola-de-transporte\/","title":{"rendered":"Gaiola de transporte"},"content":{"rendered":"<p>Gaiola de transporte de p\u00e1ssaros<\/p>\n<p>Para uma vida \u00fatil muito curta.<\/p>\n","protected":false},"excerpt":{"rendered":"<p>\u00c9 leve e f\u00e1cil de montar, com um estojo de pl\u00e1stico para transporte.<\/p>\n","protected":false},"featured_media":23211,"comment_status":"open","ping_status":"closed","template":"","meta":[],"product_brand":[62],"product_cat":[284,251,329],"product_tag":[],"class_list":{"0":"post-27649","1":"product","2":"type-product","3":"status-publish","4":"has-post-thumbnail","6":"product_brand-benelux","7":"product_cat-acessorios-3","8":"product_cat-aves","9":"product_cat-gaiolas","10":"product_shipping_class-postpac-economia-2kg","13":"first","14":"instock","15":"shipping-taxable","16":"purchasable","17":"product-type-simple"},"jetpack_sharing_enabled":true,"_links":{"self":[{"href":"https:\/\/avesaguiar.ch\/pt-pt\/wp-json\/wp\/v2\/product\/27649","targetHints":{"allow":["GET"]}}],"collection":[{"href":"https:\/\/avesaguiar.ch\/pt-pt\/wp-json\/wp\/v2\/product"}],"about":[{"href":"https:\/\/avesaguiar.ch\/pt-pt\/wp-json\/wp\/v2\/types\/product"}],"replies":[{"embeddable":true,"href":"https:\/\/avesaguiar.ch\/pt-pt\/wp-json\/wp\/v2\/comments?post=27649"}],"wp:featuredmedia":[{"embeddable":true,"href":"https:\/\/avesaguiar.ch\/pt-pt\/wp-json\/wp\/v2\/media\/23211"}],"wp:attachment":[{"href":"https:\/\/avesaguiar.ch\/pt-pt\/wp-json\/wp\/v2\/media?parent=27649"}],"wp:term":[{"taxonomy":"product_brand","embeddable":true,"href":"https:\/\/avesaguiar.ch\/pt-pt\/wp-json\/wp\/v2\/product_brand?post=27649"},{"taxonomy":"product_cat","embeddable":true,"href":"https:\/\/avesaguiar.ch\/pt-pt\/wp-json\/wp\/v2\/product_cat?post=27649"},{"taxonomy":"product_tag","embeddable":true,"href":"https:\/\/avesaguiar.ch\/pt-pt\/wp-json\/wp\/v2\/product_tag?post=27649"}],"curies":[{"name":"wp","href":"https:\/\/api.w.org\/{rel}","templated":true}]}}