{"id":27674,"date":"2024-12-29T12:23:28","date_gmt":"2024-12-29T12:23:28","guid":{"rendered":"https:\/\/avesaguiar.ch\/produit\/gallix-grit-mix\/"},"modified":"2024-12-29T12:23:28","modified_gmt":"2024-12-29T12:23:28","slug":"gallix-grit-mix","status":"publish","type":"product","link":"https:\/\/avesaguiar.ch\/pt-pt\/produit\/gallix-grit-mix\/","title":{"rendered":"GalliX Grit Mix"},"content":{"rendered":"<h1>GalliX Grit Mix<\/h1>\n<div class=\"product__content\">\n<ul>\n<li>Esta mistura de conchas de ostra, conchas do mar, cascalho g\u00e1strico e terra de barro \u00e9 um suplemento essencial para todas as aves de capoeira.<\/li>\n<li>O seu agrad\u00e1vel aroma a anis torna-o f\u00e1cil de engolir.<\/li>\n<li>Assegura uma digest\u00e3o perfeita dos alimentos na moela e fornece c\u00e1lcio e minerais essenciais.<\/li>\n<li>Dispon\u00edvel em 20kg.<\/li>\n<\/ul>\n<\/div>\n<div class=\"product__composition\">\n<div class=\"product__composition-summary\" tabindex=\"0\" role=\"button\" data-groupid=\"composition\" data-target=\"[san-id='open-composition']\" data-state=\"open\" data-classlist=\"open\" aria-expanded=\"false\"><strong>Composi\u00e7\u00e3o<\/strong><\/div>\n<div class=\"product__composition-details open\">Conchas do mar &#8211; conchas de ostras &#8211; gr\u00e3o (est\u00f4mago) &#8211; pedra vermelha &#8211; aromas de anis<\/div>\n<div><\/div>\n<\/div>\n<div class=\"product__ingredients\">\n<div class=\"product__ingredients-summary\" tabindex=\"0\" role=\"button\" data-groupid=\"ingredients\" data-target=\"[san-id='open-ingredients']\" data-state=\"open\" data-classlist=\"open\" aria-expanded=\"false\"><strong>Componentes anal\u00edticos<\/strong><\/div>\n<div class=\"product__ingredients-details open\">C\u00e1lcio 22% &#8211; s\u00f3dio 0,2% &#8211; f\u00f3sforo 0,07% &#8211; insol\u00favel em HCL 39%.<\/div>\n<\/div>\n","protected":false},"excerpt":{"rendered":"<p>GalliX Grit Mix Esta mistura de conchas de ostra, conchas do mar, cascalho g\u00e1strico e terra de barro \u00e9 um suplemento essencial para todas as aves de capoeira. O seu agrad\u00e1vel aroma a anis torna-o f\u00e1cil de engolir. Assegura uma digest\u00e3o perfeita dos alimentos na moela e fornece c\u00e1lcio e minerais essenciais. Dispon\u00edvel em 20kg. [&hellip;]<\/p>\n","protected":false},"featured_media":22801,"comment_status":"open","ping_status":"closed","template":"","meta":[],"product_brand":[],"product_cat":[288],"product_tag":[],"class_list":{"0":"post-27674","1":"product","2":"type-product","3":"status-publish","4":"has-post-thumbnail","6":"product_cat-aves-de-capoeira","9":"first","10":"instock","11":"shipping-taxable","12":"purchasable","13":"product-type-simple"},"jetpack_sharing_enabled":true,"_links":{"self":[{"href":"https:\/\/avesaguiar.ch\/pt-pt\/wp-json\/wp\/v2\/product\/27674","targetHints":{"allow":["GET"]}}],"collection":[{"href":"https:\/\/avesaguiar.ch\/pt-pt\/wp-json\/wp\/v2\/product"}],"about":[{"href":"https:\/\/avesaguiar.ch\/pt-pt\/wp-json\/wp\/v2\/types\/product"}],"replies":[{"embeddable":true,"href":"https:\/\/avesaguiar.ch\/pt-pt\/wp-json\/wp\/v2\/comments?post=27674"}],"wp:featuredmedia":[{"embeddable":true,"href":"https:\/\/avesaguiar.ch\/pt-pt\/wp-json\/wp\/v2\/media\/22801"}],"wp:attachment":[{"href":"https:\/\/avesaguiar.ch\/pt-pt\/wp-json\/wp\/v2\/media?parent=27674"}],"wp:term":[{"taxonomy":"product_brand","embeddable":true,"href":"https:\/\/avesaguiar.ch\/pt-pt\/wp-json\/wp\/v2\/product_brand?post=27674"},{"taxonomy":"product_cat","embeddable":true,"href":"https:\/\/avesaguiar.ch\/pt-pt\/wp-json\/wp\/v2\/product_cat?post=27674"},{"taxonomy":"product_tag","embeddable":true,"href":"https:\/\/avesaguiar.ch\/pt-pt\/wp-json\/wp\/v2\/product_tag?post=27674"}],"curies":[{"name":"wp","href":"https:\/\/api.w.org\/{rel}","templated":true}]}}