{"id":27676,"date":"2025-01-09T10:50:31","date_gmt":"2025-01-09T10:50:31","guid":{"rendered":"https:\/\/avesaguiar.ch\/produit\/o-ninho-exterior-do-samsara\/"},"modified":"2025-01-09T10:50:31","modified_gmt":"2025-01-09T10:50:31","slug":"o-ninho-exterior-do-samsara","status":"publish","type":"product","link":"https:\/\/avesaguiar.ch\/pt-pt\/produit\/o-ninho-exterior-do-samsara\/","title":{"rendered":"O ninho exterior do Samsara"},"content":{"rendered":"<p>O ninho Samsara 2GR \u00e9 um ninho pr\u00e1tico e confort\u00e1vel para can\u00e1rios e pintassilgos em geral, feito inteiramente de pl\u00e1stico s\u00f3lido.<\/p>\n<p>O ninho Samsara pertence \u00e0 categoria dos ninhos externos e deve ser colocado fora da gaiola para evitar reduzir o espa\u00e7o de vida da ave dentro da gaiola.<\/p>\n<p>O cesto interior, onde o can\u00e1rio constr\u00f3i o seu ninho, tem um di\u00e2metro interno de 10 cm e \u00e9 completamente amov\u00edvel.<\/p>\n<p>No telhado do ninho de can\u00e1rios Samsara, h\u00e1 uma gaveta especial para ovos com uma tampa para conter e proteger os ovos durante o per\u00edodo de cria\u00e7\u00e3o, ap\u00f3s o qual s\u00e3o substitu\u00eddos por ovos de pl\u00e1stico falsos.<\/p>\n<p>&nbsp;<\/p>\n<p>Dimens\u00f5es cm 12,5 x 19,5 x 16,5 &#8211; Di\u00e2metro do cesto 10 cm<\/p>\n","protected":false},"excerpt":{"rendered":"<p>O ninho Samsara 2GR \u00e9 um ninho pr\u00e1tico e confort\u00e1vel para can\u00e1rios e pintassilgos.<\/p>\n","protected":false},"featured_media":23597,"comment_status":"open","ping_status":"closed","template":"","meta":[],"product_brand":[61],"product_cat":[251,298],"product_tag":[],"class_list":{"0":"post-27676","1":"product","2":"type-product","3":"status-publish","4":"has-post-thumbnail","6":"product_brand-2gr","7":"product_cat-aves","8":"product_cat-ninhos-e-materiais","11":"first","12":"instock","13":"shipping-taxable","14":"purchasable","15":"product-type-simple"},"jetpack_sharing_enabled":true,"_links":{"self":[{"href":"https:\/\/avesaguiar.ch\/pt-pt\/wp-json\/wp\/v2\/product\/27676","targetHints":{"allow":["GET"]}}],"collection":[{"href":"https:\/\/avesaguiar.ch\/pt-pt\/wp-json\/wp\/v2\/product"}],"about":[{"href":"https:\/\/avesaguiar.ch\/pt-pt\/wp-json\/wp\/v2\/types\/product"}],"replies":[{"embeddable":true,"href":"https:\/\/avesaguiar.ch\/pt-pt\/wp-json\/wp\/v2\/comments?post=27676"}],"wp:featuredmedia":[{"embeddable":true,"href":"https:\/\/avesaguiar.ch\/pt-pt\/wp-json\/wp\/v2\/media\/23597"}],"wp:attachment":[{"href":"https:\/\/avesaguiar.ch\/pt-pt\/wp-json\/wp\/v2\/media?parent=27676"}],"wp:term":[{"taxonomy":"product_brand","embeddable":true,"href":"https:\/\/avesaguiar.ch\/pt-pt\/wp-json\/wp\/v2\/product_brand?post=27676"},{"taxonomy":"product_cat","embeddable":true,"href":"https:\/\/avesaguiar.ch\/pt-pt\/wp-json\/wp\/v2\/product_cat?post=27676"},{"taxonomy":"product_tag","embeddable":true,"href":"https:\/\/avesaguiar.ch\/pt-pt\/wp-json\/wp\/v2\/product_tag?post=27676"}],"curies":[{"name":"wp","href":"https:\/\/api.w.org\/{rel}","templated":true}]}}