{"id":27679,"date":"2024-12-29T14:08:13","date_gmt":"2024-12-29T14:08:13","guid":{"rendered":"https:\/\/avesaguiar.ch\/produit\/calcio\/"},"modified":"2024-12-29T14:08:13","modified_gmt":"2024-12-29T14:08:13","slug":"calcio","status":"publish","type":"product","link":"https:\/\/avesaguiar.ch\/pt-pt\/produit\/calcio\/","title":{"rendered":"Calcio+"},"content":{"rendered":"<h1>Calcio+<\/h1>\n<div class=\"product__content\">\n<p>CALCIO+, um suplemento alimentar de alta qualidade, \u00e9 o resultado de uma estreita colabora\u00e7\u00e3o entre veterin\u00e1rios, nutricionistas, cientistas e criadores de renome.<\/p>\n<p>Este suplemento alimentar cont\u00e9m 10% de c\u00e1lcio numa forma que \u00e9 \u00f3ptima para a assimila\u00e7\u00e3o no trato gastrointestinal das aves. A ingest\u00e3o de c\u00e1lcio dos alimentos depende da forma como este \u00e9 incorporado nos alimentos. <\/p>\n<p>O c\u00e1lcio de qualidade sob a forma de lactato de c\u00e1lcio, gluconato de c\u00e1lcio e citrato de c\u00e1lcio em Calcio+ \u00e9 f\u00e1cil de absorver. Se o c\u00e1lcio n\u00e3o for fornecido em quantidades suficientes na dieta, o corpo vai buscar o c\u00e1lcio de que necessita aos ossos. Esta transfer\u00eancia enfraquece os ossos, que se fracturam mais facilmente. A adi\u00e7\u00e3o de vitamina D3 estimula a assimila\u00e7\u00e3o do c\u00e1lcio no trato gastrointestinal e a sua incorpora\u00e7\u00e3o no esqueleto e nas cascas dos ovos.<\/p>\n<p>A vitamina D3 \u00e9 parcialmente fornecida pela alimenta\u00e7\u00e3o e parcialmente sintetizada na pele sob a influ\u00eancia dos raios UV do sol. Por conseguinte, \u00e9 essencial suplementar esta vitamina nas aves mantidas em ambientes fechados sem contacto direto com os raios solares. A sua composi\u00e7\u00e3o \u00fanica promove a forma\u00e7\u00e3o da casca do ovo e do esqueleto, e estimula a fun\u00e7\u00e3o do sistema nervoso.  <\/p>\n<\/div>\n","protected":false},"excerpt":{"rendered":"<p>Calcio+ CALCIO+, um suplemento alimentar de alta qualidade, \u00e9 o resultado de uma estreita colabora\u00e7\u00e3o entre veterin\u00e1rios, nutricionistas, cientistas e criadores de renome. Este suplemento alimentar cont\u00e9m 10% de c\u00e1lcio numa forma que \u00e9 \u00f3ptima para a assimila\u00e7\u00e3o no trato gastrointestinal das aves. A ingest\u00e3o de c\u00e1lcio dos alimentos depende da forma como este \u00e9 [&hellip;]<\/p>\n","protected":false},"featured_media":22931,"comment_status":"open","ping_status":"closed","template":"","meta":[],"product_brand":[182],"product_cat":[243,251,222],"product_tag":[],"class_list":{"0":"post-27679","1":"product","2":"type-product","3":"status-publish","4":"has-post-thumbnail","6":"product_brand-beyers","7":"product_cat-alimentacao-electrica-2","8":"product_cat-aves","9":"product_cat-suplementos-alimentares","12":"first","13":"instock","14":"shipping-taxable","15":"purchasable","16":"product-type-simple"},"jetpack_sharing_enabled":true,"_links":{"self":[{"href":"https:\/\/avesaguiar.ch\/pt-pt\/wp-json\/wp\/v2\/product\/27679","targetHints":{"allow":["GET"]}}],"collection":[{"href":"https:\/\/avesaguiar.ch\/pt-pt\/wp-json\/wp\/v2\/product"}],"about":[{"href":"https:\/\/avesaguiar.ch\/pt-pt\/wp-json\/wp\/v2\/types\/product"}],"replies":[{"embeddable":true,"href":"https:\/\/avesaguiar.ch\/pt-pt\/wp-json\/wp\/v2\/comments?post=27679"}],"wp:featuredmedia":[{"embeddable":true,"href":"https:\/\/avesaguiar.ch\/pt-pt\/wp-json\/wp\/v2\/media\/22931"}],"wp:attachment":[{"href":"https:\/\/avesaguiar.ch\/pt-pt\/wp-json\/wp\/v2\/media?parent=27679"}],"wp:term":[{"taxonomy":"product_brand","embeddable":true,"href":"https:\/\/avesaguiar.ch\/pt-pt\/wp-json\/wp\/v2\/product_brand?post=27679"},{"taxonomy":"product_cat","embeddable":true,"href":"https:\/\/avesaguiar.ch\/pt-pt\/wp-json\/wp\/v2\/product_cat?post=27679"},{"taxonomy":"product_tag","embeddable":true,"href":"https:\/\/avesaguiar.ch\/pt-pt\/wp-json\/wp\/v2\/product_tag?post=27679"}],"curies":[{"name":"wp","href":"https:\/\/api.w.org\/{rel}","templated":true}]}}